{"id":15203,"date":"2023-04-08T16:55:00","date_gmt":"2023-04-08T14:55:00","guid":{"rendered":"https:\/\/pawz.rs\/?post_type=product&#038;p=15203"},"modified":"2024-08-12T17:06:46","modified_gmt":"2024-08-12T15:06:46","slug":"ferribiella-upijajuce-gacice-za-pse-large","status":"publish","type":"product","link":"https:\/\/pawz.rs\/en\/ferribiella-upijajuce-gacice-za-pse-large\/","title":{"rendered":"Ferribiella upijaju\u0107e ga\u0107ice za pse &#8211; Large 10 kom"},"content":{"rendered":"<p><strong>Ferribiella upijaju\u0107e ga\u0107ice za pse &#8211; L 10 kom<\/strong><\/p>\n<p>Super upijaju\u0107e ga\u0107ice za pse.<\/p>\n<p>Aktivni polimeri koji se nalaze u tom materijalu poma\u017eu u apsorpciji mirisa.<\/p>\n<p>Pogodno je za starije pse (problem sa urinarnom inkotinencijom), za vreme vru\u0107ine ili ako je \u017eenka u teranju.<\/p>\n<p>Pakovanje sadr\u017ei 10 pelena.<\/p>\n<p>Postoji 3 veli\u010dine pelena:\u00a0 Small, Medium, Large<\/p>\n<p>Small: 40-58 cm<br \/>\nMedium: 52-65 cm<br \/>\nLarge: 60-80cm<\/p>\n<p>Proizvo\u0111a\u010d: Ferribiella S.p.a. Italija<br \/>\nZemlja porekla: Italija<\/p>\n\n    <div class=\"xs_social_share_widget xs_share_url after_content \t\tmain_content  wslu-style-1 wslu-share-box-shaped wslu-fill-colored wslu-none wslu-share-horizontal wslu-theme-font-no wslu-main_content\">\n\n\t\t\n        <ul>\n\t\t\t        <\/ul>\n    <\/div>","protected":false},"excerpt":{"rendered":"<p>Asssorbello pelene su higijenske pelene sa velikom mo\u0107i upijanja, veli\u010dina L<\/p>","protected":false},"featured_media":15751,"comment_status":"open","ping_status":"closed","template":"","meta":{"_acf_changed":false},"pwb-brand":[505],"product_cat":[104,389,47],"product_tag":[],"class_list":{"0":"post-15203","1":"product","2":"type-product","3":"status-publish","4":"has-post-thumbnail","6":"pwb-brand-ferribiella","7":"product_cat-higijena-i-nega-pasa","8":"product_cat-higijenski-proizvodi-higijena-i-nega-pasa","9":"product_cat-psi","11":"first","12":"outofstock","13":"taxable","14":"shipping-taxable","15":"purchasable","16":"product-type-simple"},"acf":[],"brands":[{"id":505,"name":"Ferribiella","slug":"ferribiella"}],"_links":{"self":[{"href":"https:\/\/pawz.rs\/en\/wp-json\/wp\/v2\/product\/15203","targetHints":{"allow":["GET"]}}],"collection":[{"href":"https:\/\/pawz.rs\/en\/wp-json\/wp\/v2\/product"}],"about":[{"href":"https:\/\/pawz.rs\/en\/wp-json\/wp\/v2\/types\/product"}],"replies":[{"embeddable":true,"href":"https:\/\/pawz.rs\/en\/wp-json\/wp\/v2\/comments?post=15203"}],"wp:featuredmedia":[{"embeddable":true,"href":"https:\/\/pawz.rs\/en\/wp-json\/wp\/v2\/media\/15751"}],"wp:attachment":[{"href":"https:\/\/pawz.rs\/en\/wp-json\/wp\/v2\/media?parent=15203"}],"wp:term":[{"taxonomy":"pwb-brand","embeddable":true,"href":"https:\/\/pawz.rs\/en\/wp-json\/wp\/v2\/pwb-brand?post=15203"},{"taxonomy":"product_cat","embeddable":true,"href":"https:\/\/pawz.rs\/en\/wp-json\/wp\/v2\/product_cat?post=15203"},{"taxonomy":"product_tag","embeddable":true,"href":"https:\/\/pawz.rs\/en\/wp-json\/wp\/v2\/product_tag?post=15203"}],"curies":[{"name":"wp","href":"https:\/\/api.w.org\/{rel}","templated":true}]}}