{"id":15204,"date":"2023-04-19T09:41:10","date_gmt":"2023-04-19T07:41:10","guid":{"rendered":"https:\/\/pawz.rs\/?post_type=product&#038;p=15204"},"modified":"2024-07-19T14:51:55","modified_gmt":"2024-07-19T12:51:55","slug":"simple-solution-extreme-stain-odour-remover-945-ml","status":"publish","type":"product","link":"https:\/\/pawz.rs\/en\/simple-solution-extreme-stain-odour-remover-945-ml\/","title":{"rendered":"Simple Solution Extreme Stain &amp; Odour Remover 945 ml"},"content":{"rendered":"<p><strong>Simple Solution Extreme Stain &amp; Odour Remover 945 ml<\/strong><\/p>\n<p>Jedinstvena formula koja sadr\u017ei Pro-BacteriaTM kulturu, koja sadr\u017ei enzime u 3 puta koncentrovanijoj formuli koji razla\u017eu \u017eivotinjske fekalije.<\/p>\n<p>Uklanja: dlake, mokra\u0107u, izmet, izbljuvke i neprijatne mirise.<br \/>\nZa podove, podne obloge, krevete, ode\u0107u i ostale povr\u0161ine otporne na vodu.<\/p>\n<p><strong>Upotreba:<\/strong><br \/>\nPre upotrebe promu\u0107kati i testirati na jednom delu povr\u0161ine kojoj je potrebno tretiranje proizvodom. Ne koristiti na vuni i ko\u017ei.<br \/>\nZa tepihe tretirati duplo ve\u0107u pove\u0161inu u odnosu na nered (oko nereda), sa obe strane tepiha. Sa\u010dekati 5 minuta ili vi\u0161e,kako bi enzimi Pro-BacteriaTM delovali. Upiti vi\u0161ak te\u010dnosti sa tkaninom koja ne pu\u0161ta boju. Dozvolite da se povr\u0161ina prirodno osu\u0161i dok enzimi i Pro-BacteriaTM nastavi da \u010disti.<\/p>\n<p>Kada se osu\u0161i te\u010dnost od Extreme \u0107e sigurno nestati.<br \/>\nZa garderobu tretirati pre pranja u ve\u0161 ma\u0161ini.<br \/>\nZa usisiva\u010de i pero\u010dista\u010de dodati 120 ml na svakih 4 l deterd\u017eenta.<\/p>\n<p><strong>Sadr\u017eaj:<\/strong><br \/>\nPre\u010di\u0161\u0107ena voda, prirodne nepatogene bakterije, denaturisani etanol.<\/p>\n<p>Izbegavati kontakt sa o\u010dima, jer je mogu\u0107a iritacija.<br \/>\nUkoliko do\u0111e do kontakta sa o\u010dima isperite vodom i ukoliko do\u0111e do iritacije posetite lekara.<br \/>\nDr\u017eati dalje od \u017eivotinja.<br \/>\n\u010cuvati van doma\u0161aja dece.<\/p>\n<p>Proizvo\u0111a\u010d: Manna Pro, Barnack House Suite 2<br \/>\nZemlja porekla: Velika Britanija<\/p>\n\n    <div class=\"xs_social_share_widget xs_share_url after_content \t\tmain_content  wslu-style-1 wslu-share-box-shaped wslu-fill-colored wslu-none wslu-share-horizontal wslu-theme-font-no wslu-main_content\">\n\n\t\t\n        <ul>\n\t\t\t        <\/ul>\n    <\/div>","protected":false},"excerpt":{"rendered":"<p>Simple Solution Extreme Stain &amp; Odour Remover je jedinstvena formula koja neutrali\u0161e \u017eivotinjske fekalije (izmet, mokra\u0107u, dlake&#8230;). Pogodno je za podove<\/p>","protected":false},"featured_media":16025,"comment_status":"open","ping_status":"closed","template":"","meta":{"_acf_changed":false},"pwb-brand":[721],"product_cat":[104,389,47],"product_tag":[],"class_list":{"0":"post-15204","1":"product","2":"type-product","3":"status-publish","4":"has-post-thumbnail","6":"pwb-brand-simple-solution","7":"product_cat-higijena-i-nega-pasa","8":"product_cat-higijenski-proizvodi-higijena-i-nega-pasa","9":"product_cat-psi","11":"first","12":"instock","13":"taxable","14":"shipping-taxable","15":"purchasable","16":"product-type-simple"},"acf":[],"brands":[{"id":721,"name":"Simple Solution","slug":"simple-solution"}],"_links":{"self":[{"href":"https:\/\/pawz.rs\/en\/wp-json\/wp\/v2\/product\/15204","targetHints":{"allow":["GET"]}}],"collection":[{"href":"https:\/\/pawz.rs\/en\/wp-json\/wp\/v2\/product"}],"about":[{"href":"https:\/\/pawz.rs\/en\/wp-json\/wp\/v2\/types\/product"}],"replies":[{"embeddable":true,"href":"https:\/\/pawz.rs\/en\/wp-json\/wp\/v2\/comments?post=15204"}],"wp:featuredmedia":[{"embeddable":true,"href":"https:\/\/pawz.rs\/en\/wp-json\/wp\/v2\/media\/16025"}],"wp:attachment":[{"href":"https:\/\/pawz.rs\/en\/wp-json\/wp\/v2\/media?parent=15204"}],"wp:term":[{"taxonomy":"pwb-brand","embeddable":true,"href":"https:\/\/pawz.rs\/en\/wp-json\/wp\/v2\/pwb-brand?post=15204"},{"taxonomy":"product_cat","embeddable":true,"href":"https:\/\/pawz.rs\/en\/wp-json\/wp\/v2\/product_cat?post=15204"},{"taxonomy":"product_tag","embeddable":true,"href":"https:\/\/pawz.rs\/en\/wp-json\/wp\/v2\/product_tag?post=15204"}],"curies":[{"name":"wp","href":"https:\/\/api.w.org\/{rel}","templated":true}]}}