{"id":15209,"date":"2023-04-09T16:02:48","date_gmt":"2023-04-09T14:02:48","guid":{"rendered":"https:\/\/pawz.rs\/?post_type=product&#038;p=15209"},"modified":"2025-03-07T17:05:50","modified_gmt":"2025-03-07T16:05:50","slug":"platinum-click-bits-chicken-lamb","status":"publish","type":"product","link":"https:\/\/pawz.rs\/en\/platinum-click-bits-chicken-lamb\/","title":{"rendered":"Platinum Click-Bits Chicken\/Lamb"},"content":{"rendered":"<p><strong>Platinum Click-Bits Chicken\/Lamb<\/strong><\/p>\n<p>Zdrave so\u010dne poslastice u obliku malih zalogaja namenjene ishrani pasa svih uzrasta i rasa sa 76% sve\u017eeg pile\u0107eg i jagnje\u0107eg mesa<\/p>\n<p>Zdrave poslastice sa malim procentom masno\u0107e pogodne kao nagrada pri dresuri psa ili kao u\u017eina, namenjene su psima svih uzrasta i rasa. Ne sadr\u017ee nepo\u017eeljne aditive koji optere\u0107uju organizam. Kao i PLATINUM kompletna hrana PLATINUM Click bits sa piletinom i jagnjetinom sadr\u017ee samo visokokvalitetne sastojke koji su pogodni i za ljudsku ishranu:<\/p>\n<ul>\n<li>76% sve\u017eeg pile\u0107eg i jagnje\u0107eg mesa<\/li>\n<li>Pirina\u010d kao izvor visoko kvalitetnih ugljenih hidrata<\/li>\n<li>Ekstrakt zelenousne \u0161koljke i razno hranljivo bilje<\/li>\n<\/ul>\n<p><strong>Sastav:<br \/>\n<\/strong>Sve\u017ee pile\u0107e i jagnje\u0107e meso (76%), sve\u017ea pile\u0107a d\u017eigerica, integralni pirina\u010d, ekstrakt zelenousne \u0161koljke, seme silimarina, koren sasparile, su\u0161eni celer, kormora\u010d u prahu, su\u0161ene arti\u010doke, poto\u010darka, ekstrakt \u010daja kamilice, masla\u010dak, gor\u010dica, kalijum hlorid.<\/p>\n<p><strong>Analytical composition:\u00a0<\/strong>Sirovi proteini 24%, sirove masti 8%, sirovi pepeo 9%, sirova vlakna 2,5%, kalcijum 1,5%, fosfor 1%, vlaga (prirodna) 18%<\/p>\n<p><strong>Preporu\u010dena dnevna koli\u010dina:\u00a0<\/strong>20 do 30 grama na 10kg telesne te\u017eine psa ( 30 do 40 poslastica )<\/p>\n<p>Store the product in a dry, dark and cool place.<\/p>\n<p>Manufacturer: Platinum GmbH &amp; Co<br \/>\nCountry of origin: Germany<\/p>\n\n    <div class=\"xs_social_share_widget xs_share_url after_content \t\tmain_content  wslu-style-1 wslu-share-box-shaped wslu-fill-colored wslu-none wslu-share-horizontal wslu-theme-font-no wslu-main_content\">\n\n\t\t\n        <ul>\n\t\t\t        <\/ul>\n    <\/div>","protected":false},"excerpt":{"rendered":"<p>Platinum Click-Bits poslastice sa ukusom piletine i jagnjetine, namenjene za pse svih rasa i uzrasta<\/p>","protected":false},"featured_media":28006,"comment_status":"open","ping_status":"closed","template":"","meta":{"_acf_changed":false},"pwb-brand":[321,323],"product_cat":[47,48,103],"product_tag":[],"class_list":{"0":"post-15209","1":"product","2":"type-product","3":"status-publish","4":"has-post-thumbnail","6":"pwb-brand-platinum","7":"pwb-brand-platinum-hrana-za-pse","8":"product_cat-psi","9":"product_cat-hrana-za-pse","10":"product_cat-poslastice-za-pse","12":"first","13":"instock","14":"taxable","15":"shipping-taxable","16":"purchasable","17":"product-type-variable","18":"has-default-attributes"},"acf":[],"brands":[{"id":321,"name":"Platinum","slug":"platinum"},{"id":323,"name":"Platinum Dog Food","slug":"platinum-hrana-za-pse"}],"_links":{"self":[{"href":"https:\/\/pawz.rs\/en\/wp-json\/wp\/v2\/product\/15209","targetHints":{"allow":["GET"]}}],"collection":[{"href":"https:\/\/pawz.rs\/en\/wp-json\/wp\/v2\/product"}],"about":[{"href":"https:\/\/pawz.rs\/en\/wp-json\/wp\/v2\/types\/product"}],"replies":[{"embeddable":true,"href":"https:\/\/pawz.rs\/en\/wp-json\/wp\/v2\/comments?post=15209"}],"wp:featuredmedia":[{"embeddable":true,"href":"https:\/\/pawz.rs\/en\/wp-json\/wp\/v2\/media\/28006"}],"wp:attachment":[{"href":"https:\/\/pawz.rs\/en\/wp-json\/wp\/v2\/media?parent=15209"}],"wp:term":[{"taxonomy":"pwb-brand","embeddable":true,"href":"https:\/\/pawz.rs\/en\/wp-json\/wp\/v2\/pwb-brand?post=15209"},{"taxonomy":"product_cat","embeddable":true,"href":"https:\/\/pawz.rs\/en\/wp-json\/wp\/v2\/product_cat?post=15209"},{"taxonomy":"product_tag","embeddable":true,"href":"https:\/\/pawz.rs\/en\/wp-json\/wp\/v2\/product_tag?post=15209"}],"curies":[{"name":"wp","href":"https:\/\/api.w.org\/{rel}","templated":true}]}}