{"id":15261,"date":"2023-04-10T11:08:22","date_gmt":"2023-04-10T09:08:22","guid":{"rendered":"https:\/\/pawz.rs\/?post_type=product&#038;p=15261"},"modified":"2026-02-07T19:37:30","modified_gmt":"2026-02-07T18:37:30","slug":"np-healthy-hips-joints-with-white-fish","status":"publish","type":"product","link":"https:\/\/pawz.rs\/en\/np-healthy-hips-joints-with-white-fish\/","title":{"rendered":"NP Healthy Hips\/Joints With White Fish"},"content":{"rendered":"<div id=\"model-response-message-contentr_3f8e07fd200d99ae\" class=\"markdown markdown-main-panel stronger enable-updated-hr-color\" dir=\"ltr\" aria-live=\"polite\" aria-busy=\"false\">\n<h2 data-path-to-node=\"0\">Nature&#8217;s Protection Healthy Hips\/Joints with White Fish: Podr\u0161ka zglobovima belih pasa<\/h2>\n<p data-path-to-node=\"1\"><b data-path-to-node=\"1\" data-index-in-node=\"0\">Nature&#8217;s Protection (NP) Healthy Hips\/Joints<\/b> su funkcionalne poslastice bez \u017eitarica sa belom ribom, specijalno kreirane za odrasle pse bele i svetle boje dlake. Ove poslastice su dizajnirane da oja\u010daju kosti i zglobove, pru\u017eaju\u0107i neophodnu potporu pokretljivosti, dok istovremeno osiguravaju da dlaka va\u0161eg psa ostane besprekorno bela i zdrava.<\/p>\n<p data-path-to-node=\"2\">Zahvaljuju\u0107i pa\u017eljivo odabranim proteinima bele ribe i odsustvu \u017eitarica, ove poslastice su idealne za pse sa osetljivim digestivnim traktom i one sklone alergijskim reakcijama.<\/p>\n<h3 data-path-to-node=\"3\">Klju\u010dne karakteristike i prednosti:<\/h3>\n<ul>\n<li data-path-to-node=\"4,0,0\"><b data-path-to-node=\"4,0,0\" data-index-in-node=\"0\">Bela riba kao hipoalergeni protein:<\/b> Glavni izvor proteina je bela riba vrhunskog kvaliteta koja ima anti-alergijska svojstva. Posebno je pogodna za bele pse jer ne sadr\u017ei sastojke koji uzrokuju pojavu tamnih mrlja oko usta i o\u010diju.<\/li>\n<li data-path-to-node=\"4,1,0\"><b data-path-to-node=\"4,1,0\" data-index-in-node=\"0\">Zdravlje kostiju i zglobova:<\/b> Oboga\u0107ene glukozaminom i hondroitin sulfatom, koji su klju\u010dni za o\u010duvanje hrskavice, ja\u010dinu kostiju i op\u0161tu fleksibilnost zglobova.<\/li>\n<li data-path-to-node=\"4,2,0\"><b data-path-to-node=\"4,2,0\" data-index-in-node=\"0\">Grain-Free formula:<\/b> Potpuno bez \u017eitarica, \u010dime se elimini\u0161e rizik od iritacija stomaka i alergija povezanih sa glutenom.<\/li>\n<li data-path-to-node=\"4,3,0\"><b data-path-to-node=\"4,3,0\" data-index-in-node=\"0\">Podr\u0161ka varenju:<\/b> Sinergija probiotika (<i data-path-to-node=\"4,3,0\" data-index-in-node=\"39\">Bacillus subtilis<\/i>) i prebiotika (inulin) odr\u017eava optimalan balans crevne flore i osigurava zdravu probavu.<\/li>\n<li data-path-to-node=\"4,4,0\"><b data-path-to-node=\"4,4,0\" data-index-in-node=\"0\">Nega dlake i ko\u017ee:<\/b> Dodatak lososovog ulja i mikroalgi obezbe\u0111uje Omega masne kiseline koje \u010dine dlaku gustom i sjajnom, a ko\u017eu zdravom.<\/li>\n<li data-path-to-node=\"4,5,0\"><b data-path-to-node=\"4,5,0\" data-index-in-node=\"0\">Morska trava i antioksidansi:<\/b> <i data-path-to-node=\"4,5,0\" data-index-in-node=\"30\">Ascophyllum nodosum<\/i> poma\u017ee u odr\u017eavanju oralne higijene, dok ekstrakt zelenog \u010daja i melise pru\u017eaju prirodnu za\u0161titu i smirenje organizma.<\/li>\n<li data-path-to-node=\"4,6,0\"><b data-path-to-node=\"4,6,0\" data-index-in-node=\"0\">MikroZeoGen detoksikacija:<\/b> Dinami\u010dki mikronizovani klinoptilolit (1%) oja\u010dava imunitet i poma\u017ee u eliminaciji toksina iz tela.<\/li>\n<\/ul>\n<h3 data-path-to-node=\"5\">Sastav proizvoda:<\/h3>\n<ul data-path-to-node=\"6\">\n<li>\n<p data-path-to-node=\"6,0,0\"><b data-path-to-node=\"6,0,0\" data-index-in-node=\"0\">Ingredients:<\/b> Bela riba &#8211; su\u0161ena i fino mlevena (min 24%), su\u0161eni krompir, krompirov skrob, hidrolizovani <span class=\"citation-408 citation-409 citation-410\">\u017eivinski obrok, morska trava <\/span><i data-path-to-node=\"6,0,0\" data-index-in-node=\"131\"><span class=\"citation-408 citation-409 citation-410\">Ascophyllum nodosum<\/span><\/i><span class=\"citation-408 citation-409 citation-410 citation-end-410\"> (6%), sorbitol, glicerin, glukozni sirup, vlakna gra\u0161ka (4%), lososovo ulje (3%), dinami\u010dki mikronizovani klinoptilolit (1%), hitozamin, inulin, ekstrakt zelenog \u010daja (0,5%), glukoza<\/span><span class=\"citation-408 citation-409\">min, hondroitin sulfat, ekstrakt melise, minerali, mikroalge <\/span><i data-path-to-node=\"6,0,0\" data-index-in-node=\"394\"><span class=\"citation-408 citation-409\">Schizochytrium sp.<\/span><\/i><span class=\"citation-408 citation-409 citation-end-409\"> (0,16<\/span><span class=\"citation-408\">%), probiotici <\/span><i data-path-to-node=\"6,0,0\" data-index-in-node=\"433\"><span class=\"citation-408\">Bacillus subtilis<\/span><\/i><span class=\"citation-408 citation-end-408\">.<\/span><\/p>\n<\/li>\n<\/ul>\n<h3 data-path-to-node=\"7\">Saveti za upotrebu i \u010duvanje:<\/h3>\n<ul>\n<li data-path-to-node=\"8,0,0\"><b data-path-to-node=\"8,0,0\" data-index-in-node=\"0\">Upotreba:<\/b> Koristiti kao zdravu dopunu ishrani. Posebno se preporu\u010duje psima sa pove\u0107anom aktivno\u0161\u0107u ili rasama sklonim problemima sa kukovima.<\/li>\n<li data-path-to-node=\"8,1,0\"><b data-path-to-node=\"8,1,0\" data-index-in-node=\"0\">Sve\u017ea voda:<\/b> Pobrinite se da va\u0161 pas uvek ima pristup sve\u017eoj pija\u0107oj vodi.<\/li>\n<li data-path-to-node=\"8,2,0\"><b data-path-to-node=\"8,2,0\" data-index-in-node=\"0\">\u010cuvanje:<\/b> Proizvod \u010duvati na suvom, tamnom i hladnom mestu u originalno zatvorenom pakovanju.<\/li>\n<\/ul>\n<p data-path-to-node=\"9\"><b data-path-to-node=\"9\" data-index-in-node=\"0\">Pawz.rs savet:<\/b><\/p>\n<p data-path-to-node=\"9\"><b data-path-to-node=\"9\" data-index-in-node=\"15\">Nature&#8217;s Protection Healthy Hips\/Joints<\/b> na <b data-path-to-node=\"9\" data-index-in-node=\"58\">Pawz.rs<\/b> je savr\u0161en izbor za vlasnike manjih belih rasa, poput Maltezera ili Pudli, koji su \u010desto vrlo aktivni i zahtevaju preventivnu za\u0161titu zglobova. Bela riba garantuje da ne\u0107e do\u0107i do ne\u017eeljene promene boje krzna, dok visoka koncentracija glukozamina i hondroitina direktno hrani hrskavicu, osiguravaju\u0107i va\u0161em ljubimcu dugove\u010dnost i lako\u0107u pokreta bez bola.<\/p>\n<p data-path-to-node=\"10\">Proizvo\u0111a\u010d: Akvatera LT (Nature\u2019s Protection)<br \/>\nZemlja porekla: Litvanija (EU)<\/p>\n<\/div>\n\n    <div class=\"xs_social_share_widget xs_share_url after_content \t\tmain_content  wslu-style-1 wslu-share-box-shaped wslu-fill-colored wslu-none wslu-share-horizontal wslu-theme-font-no wslu-main_content\">\n\n\t\t\n        <ul>\n\t\t\t        <\/ul>\n    <\/div>","protected":false},"excerpt":{"rendered":"<p>Poslastice sa belom ribom, za pse bele i svetle dlake, koje omogu\u0107avaju ja\u010danje kostiju i zglobova<\/p>","protected":false},"featured_media":14788,"comment_status":"open","ping_status":"closed","template":"","meta":{"_acf_changed":false},"pwb-brand":[312,314],"product_cat":[47,48,103],"product_tag":[],"class_list":{"0":"post-15261","1":"product","2":"type-product","3":"status-publish","4":"has-post-thumbnail","6":"pwb-brand-np-natures-protection","7":"pwb-brand-np-nature-s-protection-hrana-za-pse","8":"product_cat-psi","9":"product_cat-hrana-za-pse","10":"product_cat-poslastice-za-pse","12":"first","13":"instock","14":"taxable","15":"shipping-taxable","16":"purchasable","17":"product-type-variable","18":"has-default-attributes"},"acf":[],"brands":[{"id":312,"name":"NP - Natures Protection","slug":"np-natures-protection"},{"id":314,"name":"NP \u2013 Natures Protection Dog Food","slug":"np-nature-s-protection-hrana-za-pse"}],"_links":{"self":[{"href":"https:\/\/pawz.rs\/en\/wp-json\/wp\/v2\/product\/15261","targetHints":{"allow":["GET"]}}],"collection":[{"href":"https:\/\/pawz.rs\/en\/wp-json\/wp\/v2\/product"}],"about":[{"href":"https:\/\/pawz.rs\/en\/wp-json\/wp\/v2\/types\/product"}],"replies":[{"embeddable":true,"href":"https:\/\/pawz.rs\/en\/wp-json\/wp\/v2\/comments?post=15261"}],"wp:featuredmedia":[{"embeddable":true,"href":"https:\/\/pawz.rs\/en\/wp-json\/wp\/v2\/media\/14788"}],"wp:attachment":[{"href":"https:\/\/pawz.rs\/en\/wp-json\/wp\/v2\/media?parent=15261"}],"wp:term":[{"taxonomy":"pwb-brand","embeddable":true,"href":"https:\/\/pawz.rs\/en\/wp-json\/wp\/v2\/pwb-brand?post=15261"},{"taxonomy":"product_cat","embeddable":true,"href":"https:\/\/pawz.rs\/en\/wp-json\/wp\/v2\/product_cat?post=15261"},{"taxonomy":"product_tag","embeddable":true,"href":"https:\/\/pawz.rs\/en\/wp-json\/wp\/v2\/product_tag?post=15261"}],"curies":[{"name":"wp","href":"https:\/\/api.w.org\/{rel}","templated":true}]}}