{"id":15412,"date":"2023-04-10T18:36:01","date_gmt":"2023-04-10T16:36:01","guid":{"rendered":"https:\/\/pawz.rs\/?post_type=product&#038;p=15412"},"modified":"2026-05-10T17:48:30","modified_gmt":"2026-05-10T15:48:30","slug":"nuevo-sensitive-chicken","status":"publish","type":"product","link":"https:\/\/pawz.rs\/en\/nuevo-sensitive-chicken\/","title":{"rendered":"Nuevo Sensitive Chicken"},"content":{"rendered":"<p><strong>Nuevo Sensitive Chicken 6 x 400 g<\/strong><\/p>\n<p>Kompletna hrana za pse<br \/>\nVisokoproteinsko pile\u0107e meso sa svim va\u017enim mineralima stvara idealnu osnovu ishrane va\u0161eg psa.<br \/>\nPiletina je lako svarljiva i psi je rado jedu.<br \/>\nOsim toga, nuevo piletina doprinosi dobrom izgledu krzna Va\u0161eg ljubimca.<\/p>\n<p><strong>Sastav:<\/strong><br \/>\nMeso i proizvodi \u017eivotinjskog porekla 73% (32% piletina), bujon 26%,minerali 1%, proteini: 11,70 % masti: 5,0 %.<\/p>\n<p><strong>Analytical composition:<\/strong><br \/>\nProteini 10,5%, masti 5,5%, pepeo 2,4%, sirova vlakna 0,3%, vlaga 79%.<\/p>\n<p><strong>Uputstvo za upotrebu:<\/strong><br \/>\nServirati pri sobnoj temperaturi.<\/p>\n<p>\u010cuvati na hladnom i tamnom mestu.<br \/>\nObezbediti dovoljno sve\u017ee vode za pi\u0107e.<br \/>\nNije za ljudsku upotrebu.<\/p>\n<p>Proizvo\u0111a\u010d: Landguth Heimtiernahrung GmbH<br \/>\nCountry of origin: Germany<\/p>\n\n    <div class=\"xs_social_share_widget xs_share_url after_content \t\tmain_content  wslu-style-1 wslu-share-box-shaped wslu-fill-colored wslu-none wslu-share-horizontal wslu-theme-font-no wslu-main_content\">\n\n\t\t\n        <ul>\n\t\t\t        <\/ul>\n    <\/div>","protected":false},"excerpt":{"rendered":"<p>Nuevo Sensitive Chicken je kompletna hrana za odrasle pse sa piletinom.<\/p>","protected":false},"featured_media":15994,"comment_status":"open","ping_status":"closed","template":"","meta":{"_acf_changed":false},"pwb-brand":[562],"product_cat":[47,48,50],"product_tag":[],"class_list":{"0":"post-15412","1":"product","2":"type-product","3":"status-publish","4":"has-post-thumbnail","6":"pwb-brand-nuevo","7":"product_cat-psi","8":"product_cat-hrana-za-pse","9":"product_cat-vlazna-hrana-za-pse","11":"first","12":"instock","13":"taxable","14":"shipping-taxable","15":"purchasable","16":"product-type-variable","17":"has-default-attributes"},"acf":[],"brands":[{"id":562,"name":"Nuevo","slug":"nuevo"}],"_links":{"self":[{"href":"https:\/\/pawz.rs\/en\/wp-json\/wp\/v2\/product\/15412","targetHints":{"allow":["GET"]}}],"collection":[{"href":"https:\/\/pawz.rs\/en\/wp-json\/wp\/v2\/product"}],"about":[{"href":"https:\/\/pawz.rs\/en\/wp-json\/wp\/v2\/types\/product"}],"replies":[{"embeddable":true,"href":"https:\/\/pawz.rs\/en\/wp-json\/wp\/v2\/comments?post=15412"}],"wp:featuredmedia":[{"embeddable":true,"href":"https:\/\/pawz.rs\/en\/wp-json\/wp\/v2\/media\/15994"}],"wp:attachment":[{"href":"https:\/\/pawz.rs\/en\/wp-json\/wp\/v2\/media?parent=15412"}],"wp:term":[{"taxonomy":"pwb-brand","embeddable":true,"href":"https:\/\/pawz.rs\/en\/wp-json\/wp\/v2\/pwb-brand?post=15412"},{"taxonomy":"product_cat","embeddable":true,"href":"https:\/\/pawz.rs\/en\/wp-json\/wp\/v2\/product_cat?post=15412"},{"taxonomy":"product_tag","embeddable":true,"href":"https:\/\/pawz.rs\/en\/wp-json\/wp\/v2\/product_tag?post=15412"}],"curies":[{"name":"wp","href":"https:\/\/api.w.org\/{rel}","templated":true}]}}