{"id":15425,"date":"2023-04-10T19:08:27","date_gmt":"2023-04-10T17:08:27","guid":{"rendered":"https:\/\/pawz.rs\/?post_type=product&#038;p=15425"},"modified":"2025-09-09T11:34:42","modified_gmt":"2025-09-09T09:34:42","slug":"rinti-kennerfleisch-konjetina-400-g","status":"publish","type":"product","link":"https:\/\/pawz.rs\/en\/rinti-kennerfleisch-konjetina-400-g\/","title":{"rendered":"Rinti Kennerfleisch Konjetina 400 g"},"content":{"rendered":"<p><strong>Rinti Kennerfleisch Konjetina 400 g<\/strong><\/p>\n<p><strong>Minimalna kupovina 6 komada<\/strong><\/p>\n<p>Kompletna hrana za odrasle pse.<\/p>\n<p>Visok sadr\u017eaj mesa: sadr\u017eaj sa oko 70% mesa i gu\u0161\u010dijih iznutrica (varijitet: samo \u0161kembi\u0107i oko 68%) Rinti Kennerfleisch je bogat prirodnim komadima mesa +omega 3 ove polunezesi\u0107ene masne kiseline slu\u017ee da podr\u017ee prirodnu odbranu organizma i \u0107elija.<\/p>\n<p>Ulje lanenog semena je bogato u omega 3.+dijetetska vlakna: bogat u dijetetskim vlaknima-za regulaciju varenja.<\/p>\n<p><strong>Sastav:<\/strong><br \/>\nPlu\u0107a, konjetina (10%), mi\u0161i\u0107no tkivo, jetra, vime, bubrezi, ko\u017ea, ulje semena lana (0.2%), vlakna repe (0.2%).<br \/>\nMeso i iznutrice: ukupno 70%.<\/p>\n<p><strong>Analytical composition:<\/strong><br \/>\nProteini 11%, masti 8%, vlakna 0.6%, pepeo 2.5%, vlaga 77.0%,kalcijum 0.30%, fosfor 0.25%.<\/p>\n<p><strong>Nutritivni dodaci po kg: <\/strong><br \/>\nVitamin D3: 200 IJ, vitamin E (kao alfa-tokoferol acetat): 20mg, cink (kao cink oksid): 13mg.<\/p>\n<p><strong>Preporuka za hranjenje:<\/strong><br \/>\nTelesna te\u017eina psa \u2013 10 kg: aproksimativno. 400g na dan,<br \/>\nTelesna te\u017eina psa \u2013 20 kg: aproksimativno. 800g na dan,<br \/>\nTelesna te\u017eina psa \u2013 40 kg: apoksimativno 1600g na dan<br \/>\nKoli\u010dina mo\u017ee varirati u zavisnosti od godina, aktivnosti i rase.<\/p>\n<p>\u010cuvati na hladnom i tamnom mestu.<br \/>\nObezbediti dovoljno sve\u017ee vode za pi\u0107e.<br \/>\nNije za ljudsku upotrebu.<\/p>\n<p>Proizvo\u0111a\u010d:FINNERN GmbH &amp; Co<br \/>\nCountry of origin: Germany<\/p>\n\n    <div class=\"xs_social_share_widget xs_share_url after_content \t\tmain_content  wslu-style-1 wslu-share-box-shaped wslu-fill-colored wslu-none wslu-share-horizontal wslu-theme-font-no wslu-main_content\">\n\n\t\t\n        <ul>\n\t\t\t        <\/ul>\n    <\/div>","protected":false},"excerpt":{"rendered":"<p>Rinti Kennerfleisch Konjetina je kompletna hrana za odrasle pse.<\/p>","protected":false},"featured_media":27975,"comment_status":"open","ping_status":"closed","template":"","meta":{"_acf_changed":false,"_aa_vp_cena":"","_aa_online_cena":""},"pwb-brand":[599],"product_cat":[48,47,50],"product_tag":[208],"class_list":{"0":"post-15425","1":"product","2":"type-product","3":"status-publish","4":"has-post-thumbnail","6":"pwb-brand-rinti","7":"product_cat-hrana-za-pse","8":"product_cat-psi","9":"product_cat-vlazna-hrana-za-pse","10":"product_tag-bez-zitarica","12":"first","13":"instock","14":"taxable","15":"shipping-taxable","16":"purchasable","17":"product-type-simple"},"acf":[],"brands":[{"id":599,"name":"Rinti","slug":"rinti"}],"_links":{"self":[{"href":"https:\/\/pawz.rs\/en\/wp-json\/wp\/v2\/product\/15425","targetHints":{"allow":["GET"]}}],"collection":[{"href":"https:\/\/pawz.rs\/en\/wp-json\/wp\/v2\/product"}],"about":[{"href":"https:\/\/pawz.rs\/en\/wp-json\/wp\/v2\/types\/product"}],"replies":[{"embeddable":true,"href":"https:\/\/pawz.rs\/en\/wp-json\/wp\/v2\/comments?post=15425"}],"wp:featuredmedia":[{"embeddable":true,"href":"https:\/\/pawz.rs\/en\/wp-json\/wp\/v2\/media\/27975"}],"wp:attachment":[{"href":"https:\/\/pawz.rs\/en\/wp-json\/wp\/v2\/media?parent=15425"}],"wp:term":[{"taxonomy":"pwb-brand","embeddable":true,"href":"https:\/\/pawz.rs\/en\/wp-json\/wp\/v2\/pwb-brand?post=15425"},{"taxonomy":"product_cat","embeddable":true,"href":"https:\/\/pawz.rs\/en\/wp-json\/wp\/v2\/product_cat?post=15425"},{"taxonomy":"product_tag","embeddable":true,"href":"https:\/\/pawz.rs\/en\/wp-json\/wp\/v2\/product_tag?post=15425"}],"curies":[{"name":"wp","href":"https:\/\/api.w.org\/{rel}","templated":true}]}}