{"id":15745,"date":"2024-03-11T20:56:52","date_gmt":"2024-03-11T19:56:52","guid":{"rendered":"https:\/\/pawz.rs\/?post_type=product&#038;p=15745"},"modified":"2026-02-01T15:01:36","modified_gmt":"2026-02-01T14:01:36","slug":"stuzzy-pasteta-za-macke-losos","status":"publish","type":"product","link":"https:\/\/pawz.rs\/en\/stuzzy-pasteta-za-macke-losos\/","title":{"rendered":"Stuzzy pa\u0161teta za ma\u010dke &#8211; losos"},"content":{"rendered":"<p><strong>Stuzzy pa\u0161teta za ma\u010dke &#8211; losos<br \/>\n<\/strong><\/p>\n<p>Odabrani komadi lososa kuvani na pari u sopstvenom soku. Bez ve\u0161ta\u010dkih boja i konzervanasa.<\/p>\n<p><strong>Ingredients:<br \/>\n<\/strong>Meso i derivati mesa, riba i derivati ribe ( 4% losos ), derivati biljnog porekla, minerali<\/p>\n<p><strong>Supplements per kg:<br \/>\n<\/strong>Vit. D3 200 I.U., Vit. E 100 mg, cink sulfat monohidrat 20 mg, mangan sulfat monohidrat 3 mg<\/p>\n<p><strong>Analytical composition:<br \/>\n<\/strong>Proteini 9,5%, sirova vlakna 0,4%, masti 4,5%, sirovi pepeo 2%, vlaga 82%, 84 kcal\/100g<\/p>\n<p>Serve food in dry form with available fresh water.<br \/>\nFor your pet&#039;s health, consult a veterinarian regularly.<\/p>\n<p>Store the product in a dry, dark and cool place.<\/p>\n<p>Proizvo\u0111a\u010d: AGRAS Delic S.p.A<br \/>\nZemlja porekla: Italija<\/p>\n\n    <div class=\"xs_social_share_widget xs_share_url after_content \t\tmain_content  wslu-style-1 wslu-share-box-shaped wslu-fill-colored wslu-none wslu-share-horizontal wslu-theme-font-no wslu-main_content\">\n\n\t\t\n        <ul>\n\t\t\t        <\/ul>\n    <\/div>","protected":false},"excerpt":{"rendered":"<div class=\"col-md-12 text-center\">\n<div class=\"col-md-12 text-center\">\n<div class=\"col-md-12 text-center\">\n<div class=\"col-md-12 text-center\">\n<div class=\"col-md-12 text-center\">\n<p>Ukusna pa\u0161teta sa lososom kuvanim na pari namenjeni ishrani odraslih ma\u010daka<\/p>\n<\/div>\n<\/div>\n<\/div>\n<\/div>\n<\/div>","protected":false},"featured_media":15746,"comment_status":"open","ping_status":"closed","template":"","meta":{"_acf_changed":false},"pwb-brand":[447,449],"product_cat":[21,23,150],"product_tag":[],"class_list":{"0":"post-15745","1":"product","2":"type-product","3":"status-publish","4":"has-post-thumbnail","6":"pwb-brand-stuzzy","7":"pwb-brand-stuzzy-hrana-za-macke","8":"product_cat-hrana-za-macke","9":"product_cat-macke","10":"product_cat-vlazna-hrana-za-macke","12":"first","13":"instock","14":"taxable","15":"shipping-taxable","16":"purchasable","17":"product-type-variable","18":"has-default-attributes"},"acf":[],"brands":[{"id":447,"name":"Stuzzy","slug":"stuzzy"},{"id":449,"name":"Stuzzy Cat Food","slug":"stuzzy-hrana-za-macke"}],"_links":{"self":[{"href":"https:\/\/pawz.rs\/en\/wp-json\/wp\/v2\/product\/15745","targetHints":{"allow":["GET"]}}],"collection":[{"href":"https:\/\/pawz.rs\/en\/wp-json\/wp\/v2\/product"}],"about":[{"href":"https:\/\/pawz.rs\/en\/wp-json\/wp\/v2\/types\/product"}],"replies":[{"embeddable":true,"href":"https:\/\/pawz.rs\/en\/wp-json\/wp\/v2\/comments?post=15745"}],"wp:featuredmedia":[{"embeddable":true,"href":"https:\/\/pawz.rs\/en\/wp-json\/wp\/v2\/media\/15746"}],"wp:attachment":[{"href":"https:\/\/pawz.rs\/en\/wp-json\/wp\/v2\/media?parent=15745"}],"wp:term":[{"taxonomy":"pwb-brand","embeddable":true,"href":"https:\/\/pawz.rs\/en\/wp-json\/wp\/v2\/pwb-brand?post=15745"},{"taxonomy":"product_cat","embeddable":true,"href":"https:\/\/pawz.rs\/en\/wp-json\/wp\/v2\/product_cat?post=15745"},{"taxonomy":"product_tag","embeddable":true,"href":"https:\/\/pawz.rs\/en\/wp-json\/wp\/v2\/product_tag?post=15745"}],"curies":[{"name":"wp","href":"https:\/\/api.w.org\/{rel}","templated":true}]}}