{"id":16036,"date":"2023-04-19T11:36:23","date_gmt":"2023-04-19T09:36:23","guid":{"rendered":"https:\/\/pawz.rs\/?post_type=product&#038;p=16036"},"modified":"2026-05-10T17:48:29","modified_gmt":"2026-05-10T15:48:29","slug":"nuevo-za-macice-piletina-pirinac-ulje-lososa","status":"publish","type":"product","link":"https:\/\/pawz.rs\/en\/nuevo-za-macice-piletina-pirinac-ulje-lososa\/","title":{"rendered":"Nuevo za Ma\u010di\u0107e, Piletina, Pirina\u010d, Ulje Lososa"},"content":{"rendered":"<p><strong>Nuevo za ma\u010di\u0107e,Piletina, Pirina\u010d, Ulje Lososa 6&#215;200 g<\/strong><\/p>\n<p>Kompletna hrana za ma\u010di\u0107e.<br \/>\nMeso vrhunskog kvaliteta Va\u0161oj ma\u010dki obezbe\u0111uje proteine visoke biolo\u0161ke vrednost neophodne za zdravlje ko\u017ee i dlake, potrebne i za ja\u010danje imuniteta i vitalnosti.<\/p>\n<p><strong>Sastav:<br \/>\n<\/strong>Meso i proizvodi mesa 69% (30% piletina), \u017eitarice (2% pirina\u010d, bujon 27.5%, minerali 1%, ulja i masti (ulje lososa 0.5%).<\/p>\n<p><strong>Analytical composition:<br \/>\n<\/strong>Proteini 12%, sadr\u017eaj masti 6.9%, pepeo 2%, sirova vlakna 0.3%, vlaga 78%.<\/p>\n<p><strong>Uputstvo za upotrebu: <\/strong><br \/>\nServirati pri sobnoj temperaturi.<\/p>\n<p>Pakovanje: 200gr.<\/p>\n<p>Poslu\u017eiti hranu u suvom obliku uz uvek dostupnu sve\u017eu vodu.<br \/>\nNije za ljudsku upotrebu.<br \/>\n\u010cuvati na suvom i hladnom mestu.<\/p>\n<p>Proizvo\u0111a\u010d: Nuevo Petfood<br \/>\nCountry of origin: Germany<\/p>\n\n    <div class=\"xs_social_share_widget xs_share_url after_content \t\tmain_content  wslu-style-1 wslu-share-box-shaped wslu-fill-colored wslu-none wslu-share-horizontal wslu-theme-font-no wslu-main_content\">\n\n\t\t\n        <ul>\n\t\t\t        <\/ul>\n    <\/div>","protected":false},"excerpt":{"rendered":"<p>Nuevo za ma\u010di\u0107e sa piletinom, pirin\u010dem i uljem lososa predstavlja kompletnu vla\u017enu hranu.<\/p>","protected":false},"featured_media":16297,"comment_status":"open","ping_status":"closed","template":"","meta":{"_acf_changed":false},"pwb-brand":[562],"product_cat":[23,21,150],"product_tag":[],"class_list":{"0":"post-16036","1":"product","2":"type-product","3":"status-publish","4":"has-post-thumbnail","6":"pwb-brand-nuevo","7":"product_cat-macke","8":"product_cat-hrana-za-macke","9":"product_cat-vlazna-hrana-za-macke","11":"first","12":"instock","13":"taxable","14":"shipping-taxable","15":"purchasable","16":"product-type-variable","17":"has-default-attributes"},"acf":[],"brands":[{"id":562,"name":"Nuevo","slug":"nuevo"}],"_links":{"self":[{"href":"https:\/\/pawz.rs\/en\/wp-json\/wp\/v2\/product\/16036","targetHints":{"allow":["GET"]}}],"collection":[{"href":"https:\/\/pawz.rs\/en\/wp-json\/wp\/v2\/product"}],"about":[{"href":"https:\/\/pawz.rs\/en\/wp-json\/wp\/v2\/types\/product"}],"replies":[{"embeddable":true,"href":"https:\/\/pawz.rs\/en\/wp-json\/wp\/v2\/comments?post=16036"}],"wp:featuredmedia":[{"embeddable":true,"href":"https:\/\/pawz.rs\/en\/wp-json\/wp\/v2\/media\/16297"}],"wp:attachment":[{"href":"https:\/\/pawz.rs\/en\/wp-json\/wp\/v2\/media?parent=16036"}],"wp:term":[{"taxonomy":"pwb-brand","embeddable":true,"href":"https:\/\/pawz.rs\/en\/wp-json\/wp\/v2\/pwb-brand?post=16036"},{"taxonomy":"product_cat","embeddable":true,"href":"https:\/\/pawz.rs\/en\/wp-json\/wp\/v2\/product_cat?post=16036"},{"taxonomy":"product_tag","embeddable":true,"href":"https:\/\/pawz.rs\/en\/wp-json\/wp\/v2\/product_tag?post=16036"}],"curies":[{"name":"wp","href":"https:\/\/api.w.org\/{rel}","templated":true}]}}