{"id":16049,"date":"2023-04-19T12:02:13","date_gmt":"2023-04-19T10:02:13","guid":{"rendered":"https:\/\/pawz.rs\/?post_type=product&#038;p=16049"},"modified":"2026-05-10T17:41:16","modified_gmt":"2026-05-10T15:41:16","slug":"nuevo-preliv-sensitive-monoprotein-curetina","status":"publish","type":"product","link":"https:\/\/pawz.rs\/en\/nuevo-preliv-sensitive-monoprotein-curetina\/","title":{"rendered":"Nuevo Preliv, Sensitive Monoprotein, \u0106uretina"},"content":{"rendered":"<p><strong>Nuevo Preliv, Sensitive Monoprotein, \u0106uretina 16&#215;85 g<\/strong><\/p>\n<p>Kompletna hrana za odrasle ma\u010dke.<br \/>\nSensitive hrana ima samo jedan izvor proteina, koji \u010dini sve\u017ee \u0107ure\u0107e meso, i namanjena je ma\u010dkama sa veoma osetljivim stomakom.<br \/>\nNuevo sensitive sos &#8211; \u0107uretina sastoji se od 70% mesa sa visokokvalitetnim uljem lososa \u0161to \u010dini ovu hranu visokosvarljivom, i time spre\u010dava optere\u0107enje creva.<\/p>\n<p><strong>Sastav:<br \/>\n<\/strong>70% \u0107uretina, 28,5% bujon, 1% minerali, 0,5% ulje lososa<\/p>\n<p><strong>Analytical composition:<br \/>\n<\/strong>Proteini 10.9%, masti 6.4%, pepeo 2.4%, sirova vlakna 0.5%, vla\u017enost 79%.<\/p>\n<p><strong>Dodaci po kg &#8211; hranljivi dodaci:<\/strong><br \/>\nVitamin D3 200 IJ, E6 (cink) 15 mg, E5 (mangan) 3 mg, E2 (jod) 0,75 mg, E8 (selen) 0,03 mg, taurin 1.500 mg.<\/p>\n<p><strong>Tehnolo\u0161ki dodaci po kg:<\/strong>Kasia smola 2.400 mg.<\/p>\n<p><strong>Energetska vrednost: <\/strong>91 kcal\/100 g.<\/p>\n<p><strong>Uputstvo za upotrebu: <\/strong><br \/>\nServirati pri sobnoj temperaturi.<\/p>\n<p>Pakovanje: 85g<\/p>\n<p>Poslu\u017eiti hranu u suvom obliku uz uvek dostupnu sve\u017eu vodu.<br \/>\nNije za ljudsku upotrebu.<br \/>\n\u010cuvati na suvom i hladnom mestu.<\/p>\n<p>Proizvo\u0111a\u010d: Landguth Heimtiernahrung GmbH<br \/>\nCountry of origin: Germany<\/p>\n\n    <div class=\"xs_social_share_widget xs_share_url after_content \t\tmain_content  wslu-style-1 wslu-share-box-shaped wslu-fill-colored wslu-none wslu-share-horizontal wslu-theme-font-no wslu-main_content\">\n\n\t\t\n        <ul>\n\t\t\t        <\/ul>\n    <\/div>","protected":false},"excerpt":{"rendered":"<p>Nuevo preliv, monoprotein sa \u0107uretinom predstavlja kompletnu hranu za odrasle ma\u010dke.<\/p>","protected":false},"featured_media":16292,"comment_status":"open","ping_status":"closed","template":"","meta":{"_acf_changed":false},"pwb-brand":[562],"product_cat":[23,21,150],"product_tag":[],"class_list":{"0":"post-16049","1":"product","2":"type-product","3":"status-publish","4":"has-post-thumbnail","6":"pwb-brand-nuevo","7":"product_cat-macke","8":"product_cat-hrana-za-macke","9":"product_cat-vlazna-hrana-za-macke","11":"first","12":"instock","13":"taxable","14":"shipping-taxable","15":"purchasable","16":"product-type-variable","17":"has-default-attributes"},"acf":[],"brands":[{"id":562,"name":"Nuevo","slug":"nuevo"}],"_links":{"self":[{"href":"https:\/\/pawz.rs\/en\/wp-json\/wp\/v2\/product\/16049","targetHints":{"allow":["GET"]}}],"collection":[{"href":"https:\/\/pawz.rs\/en\/wp-json\/wp\/v2\/product"}],"about":[{"href":"https:\/\/pawz.rs\/en\/wp-json\/wp\/v2\/types\/product"}],"replies":[{"embeddable":true,"href":"https:\/\/pawz.rs\/en\/wp-json\/wp\/v2\/comments?post=16049"}],"wp:featuredmedia":[{"embeddable":true,"href":"https:\/\/pawz.rs\/en\/wp-json\/wp\/v2\/media\/16292"}],"wp:attachment":[{"href":"https:\/\/pawz.rs\/en\/wp-json\/wp\/v2\/media?parent=16049"}],"wp:term":[{"taxonomy":"pwb-brand","embeddable":true,"href":"https:\/\/pawz.rs\/en\/wp-json\/wp\/v2\/pwb-brand?post=16049"},{"taxonomy":"product_cat","embeddable":true,"href":"https:\/\/pawz.rs\/en\/wp-json\/wp\/v2\/product_cat?post=16049"},{"taxonomy":"product_tag","embeddable":true,"href":"https:\/\/pawz.rs\/en\/wp-json\/wp\/v2\/product_tag?post=16049"}],"curies":[{"name":"wp","href":"https:\/\/api.w.org\/{rel}","templated":true}]}}