{"id":16072,"date":"2023-04-19T13:23:15","date_gmt":"2023-04-19T11:23:15","guid":{"rendered":"https:\/\/pawz.rs\/?post_type=product&#038;p=16072"},"modified":"2025-09-27T14:53:38","modified_gmt":"2025-09-27T12:53:38","slug":"nuevo-light-preliv-za-macke-piletina-i-pirinac","status":"publish","type":"product","link":"https:\/\/pawz.rs\/en\/nuevo-light-preliv-za-macke-piletina-i-pirinac\/","title":{"rendered":"Nuevo Light Preliv za Ma\u010dke, Piletina i Pirina\u010d"},"content":{"rendered":"<p><strong>Nuevo Light Preliv za Ma\u010dke, Piletina i Pirina\u010d 16&#215;85 g<\/strong><\/p>\n<p>Kompletna hrana za odrasle ma\u010dke.<\/p>\n<p>Nuevo Light namenjen je za ma\u010dke sklone gojenju.<\/p>\n<p>Nuevo vla\u017ena hrana za ma\u010dke sadr\u017ei samo najbolje sastojke: sve\u017ee meso vrhunskog kvaliteta, zdravo vo\u0107e i povr\u0107e, hranljiva ulja, neophodne vitamine i minerale, pa\u017eljivo odabrane i fino obra\u0111ene kako bi se o\u010duvala hranljiva vrednost.<\/p>\n<p>Recepti su razvijeni pod nadzorom veterinara.<br \/>\nSve ma\u010dke \u0107e ga obo\u017eavati.<\/p>\n<p>Sadr\u017ei nizak nivo 3,9% masti i 8,6% proteina.<br \/>\nManja koli\u010dina kalorija poma\u017ee odr\u017eavanju telesne te\u017eine na zdrav i efikasan na\u010din<\/p>\n<p><strong>Sastav:<br \/>\n<\/strong>40% piletina, 24% \u017eivine, 29% supa, 3% pirina\u010d, 3% celuloza, 1% minerali<\/p>\n<p><strong>Analytical composition:<br \/>\n<\/strong>Proteini 8,6%, masti 3,9%, sirovi pepeo 2,5%, sirova vlakna 0,5%, te\u010dnost 79% kalcijum 0,25%, fosfor 0,2%, taurin 1500mg<\/p>\n<p><strong>Uputstvo za upotrebu: <\/strong><br \/>\nServirati pri sobnoj temperaturi.<\/p>\n<p>Pakovanje: 85g<\/p>\n<p>Poslu\u017eiti hranu u suvom obliku uz uvek dostupnu sve\u017eu vodu.<br \/>\nNije za ljudsku upotrebu.<br \/>\n\u010cuvati na suvom i hladnom mestu.<\/p>\n<p>Proizvo\u0111a\u010d: Landguth Heimtiernahrung GmbH<br \/>\nCountry of origin: Germany<\/p>\n\n    <div class=\"xs_social_share_widget xs_share_url after_content \t\tmain_content  wslu-style-1 wslu-share-box-shaped wslu-fill-colored wslu-none wslu-share-horizontal wslu-theme-font-no wslu-main_content\">\n\n\t\t\n        <ul>\n\t\t\t        <\/ul>\n    <\/div>","protected":false},"excerpt":{"rendered":"<p>Nuevo light preliv za ma\u010dke predstavlja kompletnu hranu za odrasle ma\u010dke; namenjeno je ma\u010dkama koje su sklone gojenju.<\/p>","protected":false},"featured_media":16274,"comment_status":"open","ping_status":"closed","template":"","meta":{"_acf_changed":false},"pwb-brand":[562],"product_cat":[21,23,150],"product_tag":[],"class_list":{"0":"post-16072","1":"product","2":"type-product","3":"status-publish","4":"has-post-thumbnail","6":"pwb-brand-nuevo","7":"product_cat-hrana-za-macke","8":"product_cat-macke","9":"product_cat-vlazna-hrana-za-macke","11":"first","12":"instock","13":"taxable","14":"shipping-taxable","15":"purchasable","16":"product-type-variable","17":"has-default-attributes"},"acf":[],"brands":[{"id":562,"name":"Nuevo","slug":"nuevo"}],"_links":{"self":[{"href":"https:\/\/pawz.rs\/en\/wp-json\/wp\/v2\/product\/16072","targetHints":{"allow":["GET"]}}],"collection":[{"href":"https:\/\/pawz.rs\/en\/wp-json\/wp\/v2\/product"}],"about":[{"href":"https:\/\/pawz.rs\/en\/wp-json\/wp\/v2\/types\/product"}],"replies":[{"embeddable":true,"href":"https:\/\/pawz.rs\/en\/wp-json\/wp\/v2\/comments?post=16072"}],"wp:featuredmedia":[{"embeddable":true,"href":"https:\/\/pawz.rs\/en\/wp-json\/wp\/v2\/media\/16274"}],"wp:attachment":[{"href":"https:\/\/pawz.rs\/en\/wp-json\/wp\/v2\/media?parent=16072"}],"wp:term":[{"taxonomy":"pwb-brand","embeddable":true,"href":"https:\/\/pawz.rs\/en\/wp-json\/wp\/v2\/pwb-brand?post=16072"},{"taxonomy":"product_cat","embeddable":true,"href":"https:\/\/pawz.rs\/en\/wp-json\/wp\/v2\/product_cat?post=16072"},{"taxonomy":"product_tag","embeddable":true,"href":"https:\/\/pawz.rs\/en\/wp-json\/wp\/v2\/product_tag?post=16072"}],"curies":[{"name":"wp","href":"https:\/\/api.w.org\/{rel}","templated":true}]}}