{"id":16094,"date":"2024-06-17T19:17:24","date_gmt":"2024-06-17T17:17:24","guid":{"rendered":"https:\/\/pawz.rs\/?post_type=product&#038;p=16094"},"modified":"2026-05-10T17:41:27","modified_gmt":"2026-05-10T15:41:27","slug":"nuevo-handmade-natural-fileti-piletine-i-tune","status":"publish","type":"product","link":"https:\/\/pawz.rs\/en\/nuevo-handmade-natural-fileti-piletine-i-tune\/","title":{"rendered":"Nuevo Handmade Natural Fileti Piletine i Tune"},"content":{"rendered":"<p><strong>Nuevo Handmade Natural Fileti Piletine i Tune 6&#215;70 g<\/strong><\/p>\n<p>Kompletna hrana za odrasle ma\u010dke.<br \/>\nRu\u010dno pripremljeni komadi mesa u ukusnom \u017eeleu.<br \/>\nKvalitetni sastojci bez \u017eitarica, ve\u0161ta\u010dkih ukusa i konzervansa.<\/p>\n<p><strong>Sastav:<br \/>\n<\/strong>Pile\u0107i file 37%, bujon 36,8%, file od tune 23%, suncokretovo ulje 2%, minerali 1,2%.<\/p>\n<p><strong>Analytical composition:<br \/>\n<\/strong>Proteini 18%, masti 2,8%, sirovi pepeo 2,8%, sirova vlakna 0,2%, vlaga 76%, kalcijum 0,18%, fosfor 0,15%.<\/p>\n<p><strong>Dodaci: hranljivi dodaci\/kg:<\/strong><br \/>\nVitamin A (3a672a) 6000 IJ, vitamin E all-rac-alfa-tokoferil acetat (3a700) 10 mg, vitamin B2 6 mg, vitamin B6 (3a831) 2 mg, vitamin B12 75 \u00b5g, niacinamid (3a315) 15 mg, kalcijum D-pantotenat (3a841) 9 mg, folna kiselina (3a316) 0,35 mg, biotin (3a880) 300 \u00b5g, holin hlorid (3a890) 1200 mg, cink kao cink sulfat monohidrat (3b605) 25 mg, mangan kao manganov sulfat monohidrat 1,4 mg, jod kao kalcijum jodat bezvodni (3b202) 0,75 mg, taurin (3a370) * 1500 mg, bakar kao bakar (II) sulfat pentahidrat (3b405) 1 mg.<\/p>\n<p><strong>Uputstvo za upotrebu: <\/strong><br \/>\nServirati pri sobnoj temperaturi.<\/p>\n<p>Pakovanje: 70 g<\/p>\n<p>Poslu\u017eiti hranu u suvom obliku uz uvek dostupnu sve\u017eu vodu.<br \/>\nNije za ljudsku upotrebu.<br \/>\n\u010cuvati na suvom i hladnom mestu.<\/p>\n<p>Proizvo\u0111a\u010d: Nuevo Petfood<br \/>\nCountry of origin: Germany<\/p>\n\n    <div class=\"xs_social_share_widget xs_share_url after_content \t\tmain_content  wslu-style-1 wslu-share-box-shaped wslu-fill-colored wslu-none wslu-share-horizontal wslu-theme-font-no wslu-main_content\">\n\n\t\t\n        <ul>\n\t\t\t        <\/ul>\n    <\/div>","protected":false},"excerpt":{"rendered":"<p>Nuevo handmade natural fileti lpiteline i tune u \u017eeleu predstavlja kompletnu hranu za odrasle ma\u010dke.<\/p>","protected":false},"featured_media":16262,"comment_status":"open","ping_status":"closed","template":"","meta":{"_acf_changed":false},"pwb-brand":[562],"product_cat":[23,21,150],"product_tag":[208],"class_list":{"0":"post-16094","1":"product","2":"type-product","3":"status-publish","4":"has-post-thumbnail","6":"pwb-brand-nuevo","7":"product_cat-macke","8":"product_cat-hrana-za-macke","9":"product_cat-vlazna-hrana-za-macke","10":"product_tag-bez-zitarica","12":"first","13":"instock","14":"taxable","15":"shipping-taxable","16":"purchasable","17":"product-type-variable","18":"has-default-attributes"},"acf":[],"brands":[{"id":562,"name":"Nuevo","slug":"nuevo"}],"_links":{"self":[{"href":"https:\/\/pawz.rs\/en\/wp-json\/wp\/v2\/product\/16094","targetHints":{"allow":["GET"]}}],"collection":[{"href":"https:\/\/pawz.rs\/en\/wp-json\/wp\/v2\/product"}],"about":[{"href":"https:\/\/pawz.rs\/en\/wp-json\/wp\/v2\/types\/product"}],"replies":[{"embeddable":true,"href":"https:\/\/pawz.rs\/en\/wp-json\/wp\/v2\/comments?post=16094"}],"wp:featuredmedia":[{"embeddable":true,"href":"https:\/\/pawz.rs\/en\/wp-json\/wp\/v2\/media\/16262"}],"wp:attachment":[{"href":"https:\/\/pawz.rs\/en\/wp-json\/wp\/v2\/media?parent=16094"}],"wp:term":[{"taxonomy":"pwb-brand","embeddable":true,"href":"https:\/\/pawz.rs\/en\/wp-json\/wp\/v2\/pwb-brand?post=16094"},{"taxonomy":"product_cat","embeddable":true,"href":"https:\/\/pawz.rs\/en\/wp-json\/wp\/v2\/product_cat?post=16094"},{"taxonomy":"product_tag","embeddable":true,"href":"https:\/\/pawz.rs\/en\/wp-json\/wp\/v2\/product_tag?post=16094"}],"curies":[{"name":"wp","href":"https:\/\/api.w.org\/{rel}","templated":true}]}}