{"id":16135,"date":"2023-04-20T10:09:14","date_gmt":"2023-04-20T08:09:14","guid":{"rendered":"https:\/\/pawz.rs\/?post_type=product&#038;p=16135"},"modified":"2026-01-24T10:20:05","modified_gmt":"2026-01-24T09:20:05","slug":"isegrim-sos-salmon-trout-410-g","status":"publish","type":"product","link":"https:\/\/pawz.rs\/en\/isegrim-sos-salmon-trout-410-g\/","title":{"rendered":"Isegrim Sos Salmon &#038; Trout 410 g"},"content":{"rendered":"<p><strong>Isegrim Sos Salmon &amp; Trout 410 g<br \/>\n<\/strong><\/p>\n<p>Isegrim sos sa lososom i pastrmkom predstavlja kompletnu hranu za odrasle pse.<\/p>\n<p>Sve\u017e losos i pastrmka obezbe\u0111uju vitalne omega-3 masne kiseline, dok nemasna piletina nudi sve neophodne hranljive materije.<\/p>\n<p><strong>Sastav:<\/strong><br \/>\n35 % piletina, 27,5 % \u010dorba, 20 % losos, 14,5 % pastrmka, 1,5 % sun\u010doke, 1 % minerali, 0,3 % re\u010dno bilje, 0,2 % ulje od \u0161afranike<\/p>\n<p><strong>Analytical composition:<\/strong><br \/>\nProteini 11 %, masti 5,7 %, pepeo 2,3 %, sirova vlakna 0,5 %, vlaga 79 %<\/p>\n<p><strong>Nutritivni dodaci po kg: <\/strong><br \/>\nCink 25 \u200b\u200bmg, mangan 1,4 mg, bakar 1,5 mg, jod 0,75 mg<\/p>\n<p>\u010cuvati na hladnom i tamnom mestu.<br \/>\nObezbediti dovoljno sve\u017ee vode za pi\u0107e.<br \/>\nNije za ljudsku upotrebu.<\/p>\n<p>Proizvo\u0111a\u010d: Landguth Heimtiernahrung GmbH<br \/>\nCountry of origin: Germany<\/p>\n\n    <div class=\"xs_social_share_widget xs_share_url after_content \t\tmain_content  wslu-style-1 wslu-share-box-shaped wslu-fill-colored wslu-none wslu-share-horizontal wslu-theme-font-no wslu-main_content\">\n\n\t\t\n        <ul>\n\t\t\t        <\/ul>\n    <\/div>","protected":false},"excerpt":{"rendered":"<p>Isegrim Sos sa lososom i pastrmkom je kompletna hrana za odrasle pse.<\/p>","protected":false},"featured_media":16364,"comment_status":"open","ping_status":"closed","template":"","meta":{"_acf_changed":false,"_aa_vp_cena":"","_aa_online_cena":""},"pwb-brand":[582],"product_cat":[48,47,50],"product_tag":[208],"class_list":{"0":"post-16135","1":"product","2":"type-product","3":"status-publish","4":"has-post-thumbnail","6":"pwb-brand-isegrim","7":"product_cat-hrana-za-pse","8":"product_cat-psi","9":"product_cat-vlazna-hrana-za-pse","10":"product_tag-bez-zitarica","12":"first","13":"instock","14":"taxable","15":"shipping-taxable","16":"purchasable","17":"product-type-variable","18":"has-default-attributes"},"acf":[],"brands":[{"id":582,"name":"Isegrim","slug":"isegrim"}],"_links":{"self":[{"href":"https:\/\/pawz.rs\/en\/wp-json\/wp\/v2\/product\/16135","targetHints":{"allow":["GET"]}}],"collection":[{"href":"https:\/\/pawz.rs\/en\/wp-json\/wp\/v2\/product"}],"about":[{"href":"https:\/\/pawz.rs\/en\/wp-json\/wp\/v2\/types\/product"}],"replies":[{"embeddable":true,"href":"https:\/\/pawz.rs\/en\/wp-json\/wp\/v2\/comments?post=16135"}],"wp:featuredmedia":[{"embeddable":true,"href":"https:\/\/pawz.rs\/en\/wp-json\/wp\/v2\/media\/16364"}],"wp:attachment":[{"href":"https:\/\/pawz.rs\/en\/wp-json\/wp\/v2\/media?parent=16135"}],"wp:term":[{"taxonomy":"pwb-brand","embeddable":true,"href":"https:\/\/pawz.rs\/en\/wp-json\/wp\/v2\/pwb-brand?post=16135"},{"taxonomy":"product_cat","embeddable":true,"href":"https:\/\/pawz.rs\/en\/wp-json\/wp\/v2\/product_cat?post=16135"},{"taxonomy":"product_tag","embeddable":true,"href":"https:\/\/pawz.rs\/en\/wp-json\/wp\/v2\/product_tag?post=16135"}],"curies":[{"name":"wp","href":"https:\/\/api.w.org\/{rel}","templated":true}]}}