{"id":16138,"date":"2023-04-20T10:20:18","date_gmt":"2023-04-20T08:20:18","guid":{"rendered":"https:\/\/pawz.rs\/?post_type=product&#038;p=16138"},"modified":"2026-01-24T10:13:09","modified_gmt":"2026-01-24T09:13:09","slug":"isegrim-sos-duck-hearts-410-g","status":"publish","type":"product","link":"https:\/\/pawz.rs\/en\/isegrim-sos-duck-hearts-410-g\/","title":{"rendered":"Isegrim Sos Duck &#038; Hearts 410 g"},"content":{"rendered":"<p><strong>Isegrim Sos Duck &amp; Hearts 410 g<\/strong><\/p>\n<p>Pa\u010detina i srca sa me\u0161anim povr\u0107em, uljem semena lana i poljskim biljem predstavlja kompletnu hranu za odrasle pse.<\/p>\n<p><strong>Sastav:<\/strong><br \/>\n60% pa\u010detina, 27% bujon, 10% pile\u0107a srca, 1,5% me\u0161ano povr\u0107e, 1% minerali, 0,3% poljskobilje, 0,2% ulje semena lana.<\/p>\n<p><strong>Analytical composition:<\/strong><br \/>\nProteini 11,1%, masti 5,4%, pepeo 2,3%, sirova vlakna 0,5%, vlaga 80%.<\/p>\n<p><strong>Nutritivni dodaci po kg: <\/strong><br \/>\nVitamin D3 200 IJ, cink 25 mg, mangan 1,4 mg,bakar 0,5 mg, jod 0,75 mg.<\/p>\n<p>\u010cuvati na hladnom i tamnom mestu.<br \/>\nObezbediti dovoljno sve\u017ee vode za pi\u0107e.<br \/>\nNije za ljudsku upotrebu.<\/p>\n<p>Proizvo\u0111a\u010d: Landguth Heimtiernahrung GmbH<br \/>\nCountry of origin: Germany<\/p>\n\n    <div class=\"xs_social_share_widget xs_share_url after_content \t\tmain_content  wslu-style-1 wslu-share-box-shaped wslu-fill-colored wslu-none wslu-share-horizontal wslu-theme-font-no wslu-main_content\">\n\n\t\t\n        <ul>\n\t\t\t        <\/ul>\n    <\/div>","protected":false},"excerpt":{"rendered":"<p>Isegrim Sos sa pa\u010detinom i pile\u0107im srcima predstavlja kompletnu hranu za odrasle pse.<\/p>","protected":false},"featured_media":16362,"comment_status":"open","ping_status":"closed","template":"","meta":{"_acf_changed":false,"_aa_vp_cena":"","_aa_online_cena":""},"pwb-brand":[582],"product_cat":[48,47,50],"product_tag":[208],"class_list":{"0":"post-16138","1":"product","2":"type-product","3":"status-publish","4":"has-post-thumbnail","6":"pwb-brand-isegrim","7":"product_cat-hrana-za-pse","8":"product_cat-psi","9":"product_cat-vlazna-hrana-za-pse","10":"product_tag-bez-zitarica","12":"first","13":"instock","14":"taxable","15":"shipping-taxable","16":"purchasable","17":"product-type-variable","18":"has-default-attributes"},"acf":[],"brands":[{"id":582,"name":"Isegrim","slug":"isegrim"}],"_links":{"self":[{"href":"https:\/\/pawz.rs\/en\/wp-json\/wp\/v2\/product\/16138","targetHints":{"allow":["GET"]}}],"collection":[{"href":"https:\/\/pawz.rs\/en\/wp-json\/wp\/v2\/product"}],"about":[{"href":"https:\/\/pawz.rs\/en\/wp-json\/wp\/v2\/types\/product"}],"replies":[{"embeddable":true,"href":"https:\/\/pawz.rs\/en\/wp-json\/wp\/v2\/comments?post=16138"}],"wp:featuredmedia":[{"embeddable":true,"href":"https:\/\/pawz.rs\/en\/wp-json\/wp\/v2\/media\/16362"}],"wp:attachment":[{"href":"https:\/\/pawz.rs\/en\/wp-json\/wp\/v2\/media?parent=16138"}],"wp:term":[{"taxonomy":"pwb-brand","embeddable":true,"href":"https:\/\/pawz.rs\/en\/wp-json\/wp\/v2\/pwb-brand?post=16138"},{"taxonomy":"product_cat","embeddable":true,"href":"https:\/\/pawz.rs\/en\/wp-json\/wp\/v2\/product_cat?post=16138"},{"taxonomy":"product_tag","embeddable":true,"href":"https:\/\/pawz.rs\/en\/wp-json\/wp\/v2\/product_tag?post=16138"}],"curies":[{"name":"wp","href":"https:\/\/api.w.org\/{rel}","templated":true}]}}