{"id":16142,"date":"2023-04-20T10:26:07","date_gmt":"2023-04-20T08:26:07","guid":{"rendered":"https:\/\/pawz.rs\/?post_type=product&#038;p=16142"},"modified":"2026-05-10T17:26:21","modified_gmt":"2026-05-10T15:26:21","slug":"isegrim-roots-multipack-monoprotein-6x410-g","status":"publish","type":"product","link":"https:\/\/pawz.rs\/en\/isegrim-roots-multipack-monoprotein-6x410-g\/","title":{"rendered":"Isegrim Roots Multipack Monoprotein 6&#215;410 g"},"content":{"rendered":"<p><strong>Isegrim Roots Multipack Monoprotein 6&#215;410 g<\/strong><\/p>\n<p>Kompletna vla\u017ena hrana za odrasle pse. Pakovanje sadr\u017ei 2x41o g sosa sa konjetinom; 2&#215;410 g sosa od divlje svinje; 2&#215;410 g sosa sa \u0107uretinom.<\/p>\n<p><b>Isegrim sos Horse:<br \/>\nSastav: <\/b>70% konjetina, 27% bujon, 1,5% me\u0161ano povr\u0107e, 1%minerali, 0,3% poljsko bilje, 0,2% ulje semena lana.<\/p>\n<p><strong>Isegrim sos Turkey:<\/strong><br \/>\n<strong>Sastav: <\/strong>35% \u0107uretina, 35% govedina, 27% bujon, 1,1% slatki krompir,1% minerali, 0,6% ulje lososa, 0,3% planinsko bilje.<\/p>\n<p><strong>Isegrim sos Wild Boar:<\/strong><br \/>\n<strong>Sastav:<\/strong> 70% divlja svinja, 27% bujon, 1,5% pa\u0161kanat , 1% minerali,0,3 % \u0161umsko bilje, 0,2 % ulje semena lana.<\/p>\n<p>\u010cuvati na hladnom i tamnom mestu.<br \/>\nObezbediti dovoljno sve\u017ee vode za pi\u0107e.<br \/>\nNije za ljudsku upotrebu.<\/p>\n<p>Proizvo\u0111a\u010d: Landguth Heimtiernahrung GmbH<br \/>\nCountry of origin: Germany<\/p>\n\n    <div class=\"xs_social_share_widget xs_share_url after_content \t\tmain_content  wslu-style-1 wslu-share-box-shaped wslu-fill-colored wslu-none wslu-share-horizontal wslu-theme-font-no wslu-main_content\">\n\n\t\t\n        <ul>\n\t\t\t        <\/ul>\n    <\/div>","protected":false},"excerpt":{"rendered":"<p>Isegrim Sos multipack sadr\u017ei\u00a0 po dva pakovanja sosi\u0107a sa konjetinom, divljom svinjom i \u0107uretinom.<\/p>","protected":false},"featured_media":16360,"comment_status":"open","ping_status":"closed","template":"","meta":{"_acf_changed":false},"pwb-brand":[582],"product_cat":[48,47,50],"product_tag":[208],"class_list":{"0":"post-16142","1":"product","2":"type-product","3":"status-publish","4":"has-post-thumbnail","6":"pwb-brand-isegrim","7":"product_cat-hrana-za-pse","8":"product_cat-psi","9":"product_cat-vlazna-hrana-za-pse","10":"product_tag-bez-zitarica","12":"first","13":"instock","14":"taxable","15":"shipping-taxable","16":"purchasable","17":"product-type-simple"},"acf":[],"brands":[{"id":582,"name":"Isegrim","slug":"isegrim"}],"_links":{"self":[{"href":"https:\/\/pawz.rs\/en\/wp-json\/wp\/v2\/product\/16142","targetHints":{"allow":["GET"]}}],"collection":[{"href":"https:\/\/pawz.rs\/en\/wp-json\/wp\/v2\/product"}],"about":[{"href":"https:\/\/pawz.rs\/en\/wp-json\/wp\/v2\/types\/product"}],"replies":[{"embeddable":true,"href":"https:\/\/pawz.rs\/en\/wp-json\/wp\/v2\/comments?post=16142"}],"wp:featuredmedia":[{"embeddable":true,"href":"https:\/\/pawz.rs\/en\/wp-json\/wp\/v2\/media\/16360"}],"wp:attachment":[{"href":"https:\/\/pawz.rs\/en\/wp-json\/wp\/v2\/media?parent=16142"}],"wp:term":[{"taxonomy":"pwb-brand","embeddable":true,"href":"https:\/\/pawz.rs\/en\/wp-json\/wp\/v2\/pwb-brand?post=16142"},{"taxonomy":"product_cat","embeddable":true,"href":"https:\/\/pawz.rs\/en\/wp-json\/wp\/v2\/product_cat?post=16142"},{"taxonomy":"product_tag","embeddable":true,"href":"https:\/\/pawz.rs\/en\/wp-json\/wp\/v2\/product_tag?post=16142"}],"curies":[{"name":"wp","href":"https:\/\/api.w.org\/{rel}","templated":true}]}}