{"id":16148,"date":"2023-04-20T10:54:25","date_gmt":"2023-04-20T08:54:25","guid":{"rendered":"https:\/\/pawz.rs\/?post_type=product&#038;p=16148"},"modified":"2026-05-10T17:25:30","modified_gmt":"2026-05-10T15:25:30","slug":"isegrim-puppy-losos-sa-prosom-borovnicama-i-divljim-biljem","status":"publish","type":"product","link":"https:\/\/pawz.rs\/en\/isegrim-puppy-losos-sa-prosom-borovnicama-i-divljim-biljem\/","title":{"rendered":"Isegrim Puppy Losos sa Prosom, Borovnicama i Divljim biljem"},"content":{"rendered":"<p><strong>Isegrim Puppy Losos sa Prosom, Borovnicama i Divljim biljem 400g ili 6x400g<\/strong><\/p>\n<p>Isegrim Puppy sa lososom, prosom, borovnicom i divljim biljem predstavlja kompletnu hranu namenjenu \u0161tencima.<\/p>\n<p><strong>Sastav:<\/strong><br \/>\nMeso i proizvodi \u017eivotinjskog porekla 54%, riba i proizvodi ribljeg porekla 10%, voda 26,7%, \u017eitarice 3,7%, vo\u0107e 3% i proizvodi od povr\u0107a 0,1%, ulje i masti 0,20%, bujon aditiv 0,3%, alge 0%, zgu\u0161njiva\u010d 1%, minerali 1%.<\/p>\n<p><strong>Analytical composition:<\/strong><br \/>\nProtein 11,1%, masti 6,6%, sirovi pepeo 2,5%, sirova vlakna 0,5%, vlaga 75%.<\/p>\n<p><strong>Nutritivni dodaci po kg: <\/strong><br \/>\nVitamin D3 (3a671) 200IJ, cink kao cink sulfat monohidrat 15 mg, magnezijum kao magnezijum II sulfat, monohidrat (E53), jod u obliku kalcijum-jodata bez vode 0,75 mg.<\/p>\n<p>\u010cuvati na hladnom i tamnom mestu.<br \/>\nObezbediti dovoljno sve\u017ee vode za pi\u0107e.<br \/>\nNije za ljudsku upotrebu.<\/p>\n<p>Proizvo\u0111a\u010d: Landguth Heimtiernahrung GmbH<br \/>\nCountry of origin: Germany<\/p>\n\n    <div class=\"xs_social_share_widget xs_share_url after_content \t\tmain_content  wslu-style-1 wslu-share-box-shaped wslu-fill-colored wslu-none wslu-share-horizontal wslu-theme-font-no wslu-main_content\">\n\n\t\t\n        <ul>\n\t\t\t        <\/ul>\n    <\/div>","protected":false},"excerpt":{"rendered":"<p>Isegrim Puppy je vla\u017ena hrana namenjena \u0161tencima, napravljena od mesa lososa.<\/p>","protected":false},"featured_media":16333,"comment_status":"open","ping_status":"closed","template":"","meta":{"_acf_changed":false},"pwb-brand":[582],"product_cat":[48,47,50],"product_tag":[208],"class_list":{"0":"post-16148","1":"product","2":"type-product","3":"status-publish","4":"has-post-thumbnail","6":"pwb-brand-isegrim","7":"product_cat-hrana-za-pse","8":"product_cat-psi","9":"product_cat-vlazna-hrana-za-pse","10":"product_tag-bez-zitarica","12":"first","13":"instock","14":"taxable","15":"shipping-taxable","16":"purchasable","17":"product-type-variable","18":"has-default-attributes"},"acf":[],"brands":[{"id":582,"name":"Isegrim","slug":"isegrim"}],"_links":{"self":[{"href":"https:\/\/pawz.rs\/en\/wp-json\/wp\/v2\/product\/16148","targetHints":{"allow":["GET"]}}],"collection":[{"href":"https:\/\/pawz.rs\/en\/wp-json\/wp\/v2\/product"}],"about":[{"href":"https:\/\/pawz.rs\/en\/wp-json\/wp\/v2\/types\/product"}],"replies":[{"embeddable":true,"href":"https:\/\/pawz.rs\/en\/wp-json\/wp\/v2\/comments?post=16148"}],"wp:featuredmedia":[{"embeddable":true,"href":"https:\/\/pawz.rs\/en\/wp-json\/wp\/v2\/media\/16333"}],"wp:attachment":[{"href":"https:\/\/pawz.rs\/en\/wp-json\/wp\/v2\/media?parent=16148"}],"wp:term":[{"taxonomy":"pwb-brand","embeddable":true,"href":"https:\/\/pawz.rs\/en\/wp-json\/wp\/v2\/pwb-brand?post=16148"},{"taxonomy":"product_cat","embeddable":true,"href":"https:\/\/pawz.rs\/en\/wp-json\/wp\/v2\/product_cat?post=16148"},{"taxonomy":"product_tag","embeddable":true,"href":"https:\/\/pawz.rs\/en\/wp-json\/wp\/v2\/product_tag?post=16148"}],"curies":[{"name":"wp","href":"https:\/\/api.w.org\/{rel}","templated":true}]}}