{"id":16151,"date":"2023-04-20T11:16:52","date_gmt":"2023-04-20T09:16:52","guid":{"rendered":"https:\/\/pawz.rs\/?post_type=product&#038;p=16151"},"modified":"2026-05-10T17:25:38","modified_gmt":"2026-05-10T15:25:38","slug":"isegrim-meso-sumskog-jelena-sa-cicokom-brusnicom-i-samoniklim-biljem","status":"publish","type":"product","link":"https:\/\/pawz.rs\/en\/isegrim-meso-sumskog-jelena-sa-cicokom-brusnicom-i-samoniklim-biljem\/","title":{"rendered":"Isegrim Meso \u0160umskog Jelena sa \u010ci\u010dokom, Brusnicom i Samoniklim biljem"},"content":{"rendered":"<p><strong> Isegrim Meso \u0160umskog Jelena sa \u010ci\u010dokom, Brusnicom i Samoniklim biljem\u00a0 400g ili 6x400g<\/strong><\/p>\n<p>Isegrim meso jelena sa \u010di\u010dokom i brusnicom predstavlja kompletnu hranu za odrasle pse.<\/p>\n<p><strong>Sastav:<\/strong><br \/>\n33% meso jelena, 30% \u017eivinsko meso, 29% bujon, 3,8% \u010di\u010doka, 3% brusnica, 1% minerali, 0,1% samoniklo bilje, 0,1% ulje lososa.<\/p>\n<p><strong>Analytical composition:<\/strong><br \/>\nProteini 10,7%, masti 6,4%, sirovi pepeo 2,5%, sirova vlakna 0,5%, vlaga 75%.<\/p>\n<p><strong>Nutritivni dodaci po kg: <\/strong><br \/>\nVitamin D3 200 IJ, cink (kao cink sulfat-monohidrat) 15 mg, mangan (kao mangan (II) sulfat, monohidrat) 3 mg, jod (kao kalcijum jodid, bez vode) 0,75 mg<\/p>\n<p>\u010cuvati na hladnom i tamnom mestu.<br \/>\nObezbediti dovoljno sve\u017ee vode za pi\u0107e.<br \/>\nNije za ljudsku upotrebu.<\/p>\n<p>Proizvo\u0111a\u010d: Landguth Heimtiernahrung GmbH<br \/>\nCountry of origin: Germany<\/p>\n\n    <div class=\"xs_social_share_widget xs_share_url after_content \t\tmain_content  wslu-style-1 wslu-share-box-shaped wslu-fill-colored wslu-none wslu-share-horizontal wslu-theme-font-no wslu-main_content\">\n\n\t\t\n        <ul>\n\t\t\t        <\/ul>\n    <\/div>","protected":false},"excerpt":{"rendered":"<p>Isegrim meso jelena sa \u010di\u010dokom i brusnicom predstavlja kompletnu hranu za odrasle pse.<\/p>","protected":false},"featured_media":16332,"comment_status":"open","ping_status":"closed","template":"","meta":{"_acf_changed":false},"pwb-brand":[582],"product_cat":[48,47,50],"product_tag":[208],"class_list":{"0":"post-16151","1":"product","2":"type-product","3":"status-publish","4":"has-post-thumbnail","6":"pwb-brand-isegrim","7":"product_cat-hrana-za-pse","8":"product_cat-psi","9":"product_cat-vlazna-hrana-za-pse","10":"product_tag-bez-zitarica","12":"first","13":"instock","14":"taxable","15":"shipping-taxable","16":"purchasable","17":"product-type-variable","18":"has-default-attributes"},"acf":[],"brands":[{"id":582,"name":"Isegrim","slug":"isegrim"}],"_links":{"self":[{"href":"https:\/\/pawz.rs\/en\/wp-json\/wp\/v2\/product\/16151","targetHints":{"allow":["GET"]}}],"collection":[{"href":"https:\/\/pawz.rs\/en\/wp-json\/wp\/v2\/product"}],"about":[{"href":"https:\/\/pawz.rs\/en\/wp-json\/wp\/v2\/types\/product"}],"replies":[{"embeddable":true,"href":"https:\/\/pawz.rs\/en\/wp-json\/wp\/v2\/comments?post=16151"}],"wp:featuredmedia":[{"embeddable":true,"href":"https:\/\/pawz.rs\/en\/wp-json\/wp\/v2\/media\/16332"}],"wp:attachment":[{"href":"https:\/\/pawz.rs\/en\/wp-json\/wp\/v2\/media?parent=16151"}],"wp:term":[{"taxonomy":"pwb-brand","embeddable":true,"href":"https:\/\/pawz.rs\/en\/wp-json\/wp\/v2\/pwb-brand?post=16151"},{"taxonomy":"product_cat","embeddable":true,"href":"https:\/\/pawz.rs\/en\/wp-json\/wp\/v2\/product_cat?post=16151"},{"taxonomy":"product_tag","embeddable":true,"href":"https:\/\/pawz.rs\/en\/wp-json\/wp\/v2\/product_tag?post=16151"}],"curies":[{"name":"wp","href":"https:\/\/api.w.org\/{rel}","templated":true}]}}