{"id":16157,"date":"2023-04-20T11:27:43","date_gmt":"2023-04-20T09:27:43","guid":{"rendered":"https:\/\/pawz.rs\/?post_type=product&#038;p=16157"},"modified":"2026-05-10T17:25:38","modified_gmt":"2026-05-10T15:25:38","slug":"isegrim-meso-sumskog-irvasa-sa-kupinama-pecurkama-i-samoniklim-biljem","status":"publish","type":"product","link":"https:\/\/pawz.rs\/en\/isegrim-meso-sumskog-irvasa-sa-kupinama-pecurkama-i-samoniklim-biljem\/","title":{"rendered":"Isegrim Meso \u0160umskog Irvasa sa Kupinama, Pe\u010durkama i Samoniklim biljem"},"content":{"rendered":"<p><strong>Isegrim Meso \u0160umskog Irvasa sa Kupinama, Pe\u010durkama i Samoniklim biljem 400g ili 6x400g<\/strong><\/p>\n<p>Isegrim meso irvasa sa kupinama i pe\u010durkama predstavlja kompletnu hranu za odrasle pse.<\/p>\n<p><strong>Sastav:<\/strong><br \/>\n63% meso irvasa, 29% bujon, 3,8% kupina, 3% pe\u010durke, 1% minerali, 0,1% samoniklo bilje, 0,1% ulje lososa.<\/p>\n<p><strong>Analytical composition:<\/strong><br \/>\nProteini 10,5%, masti 6,9%, sirovi pepeo 2,5%, sirova vlakna 0,5%, vlaga 75%.<\/p>\n<p><strong>Nutritivni dodaci po kg: <\/strong><br \/>\nVitamin D3 200 IJ, cink (kao cink sulfat-monohidrat) 15 mg, mangan (kao mangan (II) sulfat, monohidrat) 3 mg, jod (kao kalcijum jodid, bez vode) 0,75 mg.<\/p>\n<p>\u010cuvati na hladnom i tamnom mestu.<br \/>\nObezbediti dovoljno sve\u017ee vode za pi\u0107e.<br \/>\nNije za ljudsku upotrebu.<\/p>\n<p>Proizvo\u0111a\u010d: Landguth Heimtiernahrung GmbH<br \/>\nCountry of origin: Germany<\/p>\n\n    <div class=\"xs_social_share_widget xs_share_url after_content \t\tmain_content  wslu-style-1 wslu-share-box-shaped wslu-fill-colored wslu-none wslu-share-horizontal wslu-theme-font-no wslu-main_content\">\n\n\t\t\n        <ul>\n\t\t\t        <\/ul>\n    <\/div>","protected":false},"excerpt":{"rendered":"<p>Isegrim meso irvasa sa kupinama i pe\u010durkama predstavlja kompletnu hranu za odrasle pse.<\/p>","protected":false},"featured_media":16330,"comment_status":"open","ping_status":"closed","template":"","meta":{"_acf_changed":false},"pwb-brand":[582],"product_cat":[47,48,50],"product_tag":[208],"class_list":{"0":"post-16157","1":"product","2":"type-product","3":"status-publish","4":"has-post-thumbnail","6":"pwb-brand-isegrim","7":"product_cat-psi","8":"product_cat-hrana-za-pse","9":"product_cat-vlazna-hrana-za-pse","10":"product_tag-bez-zitarica","12":"first","13":"instock","14":"taxable","15":"shipping-taxable","16":"purchasable","17":"product-type-variable","18":"has-default-attributes"},"acf":[],"brands":[{"id":582,"name":"Isegrim","slug":"isegrim"}],"_links":{"self":[{"href":"https:\/\/pawz.rs\/en\/wp-json\/wp\/v2\/product\/16157","targetHints":{"allow":["GET"]}}],"collection":[{"href":"https:\/\/pawz.rs\/en\/wp-json\/wp\/v2\/product"}],"about":[{"href":"https:\/\/pawz.rs\/en\/wp-json\/wp\/v2\/types\/product"}],"replies":[{"embeddable":true,"href":"https:\/\/pawz.rs\/en\/wp-json\/wp\/v2\/comments?post=16157"}],"wp:featuredmedia":[{"embeddable":true,"href":"https:\/\/pawz.rs\/en\/wp-json\/wp\/v2\/media\/16330"}],"wp:attachment":[{"href":"https:\/\/pawz.rs\/en\/wp-json\/wp\/v2\/media?parent=16157"}],"wp:term":[{"taxonomy":"pwb-brand","embeddable":true,"href":"https:\/\/pawz.rs\/en\/wp-json\/wp\/v2\/pwb-brand?post=16157"},{"taxonomy":"product_cat","embeddable":true,"href":"https:\/\/pawz.rs\/en\/wp-json\/wp\/v2\/product_cat?post=16157"},{"taxonomy":"product_tag","embeddable":true,"href":"https:\/\/pawz.rs\/en\/wp-json\/wp\/v2\/product_tag?post=16157"}],"curies":[{"name":"wp","href":"https:\/\/api.w.org\/{rel}","templated":true}]}}