{"id":16176,"date":"2023-04-20T13:09:33","date_gmt":"2023-04-20T11:09:33","guid":{"rendered":"https:\/\/pawz.rs\/?post_type=product&#038;p=16176"},"modified":"2025-08-15T17:37:59","modified_gmt":"2025-08-15T15:37:59","slug":"vetocanis-sampon-za-pse-protiv-svraba","status":"publish","type":"product","link":"https:\/\/pawz.rs\/en\/vetocanis-sampon-za-pse-protiv-svraba\/","title":{"rendered":"Vetocanis \u0160ampon za Pse, Protiv Svraba 300 ml"},"content":{"rendered":"<p><strong>Vetocanis Anti-Itching Shampoo \u2013 \u0160ampon za pse, protiv svraba \u2013 300 ml<\/strong><\/p>\n<p>Vetocanis Anti-Itching Shampoo profesionalni \u0161ampon za pse koji ubla\u017eava svrab i uklanja perut. Prirodni probiotici sadr\u017eani u ovoj formuli obnavljaju prirodnu ravnote\u017eu ko\u017ee, a istovremeno vidno smanjuju perut i povezane znake poput svraba i crvenila. Ovaj \u0161ampon formulisan bez silikona ili parabena posebno je dizajniran da smiri i umiri osetljivu i reaktivnu ko\u017eu. Pogodno za sve vrste krzna i sve du\u017eine dlake.<\/p>\n<p><strong>Uputstvo za upotrebu:<\/strong><br \/>\nNa mokru dlaku naneti \u0161ampon, izbegavati predeo oko o\u010diju. Blago trljati dok se ne stvori pena, pa potom isprati. Za bolje dejstvo, nasapunjati dva puta.<\/p>\n<p><strong>Upozorenja:<\/strong><br \/>\nNije za ljudsku upotrebu.<br \/>\n\u010cuvati van doma\u0161aja dece.<br \/>\nMo\u017ee izazvati alergijsku reakciju.<\/p>\n<p>Proizvo\u0111a\u010d: Agrobiothers labaratoire<br \/>\nZemlja porekla: Francuska<\/p>\n\n    <div class=\"xs_social_share_widget xs_share_url after_content \t\tmain_content  wslu-style-1 wslu-share-box-shaped wslu-fill-colored wslu-none wslu-share-horizontal wslu-theme-font-no wslu-main_content\">\n\n\t\t\n        <ul>\n\t\t\t        <\/ul>\n    <\/div>","protected":false},"excerpt":{"rendered":"<p>Vetocanis Anti-Itching Shampoo je profesionalni \u0161ampon za pse koji ubla\u017eava svrab i uklanja perut.<\/p>","protected":false},"featured_media":16218,"comment_status":"open","ping_status":"closed","template":"","meta":{"_acf_changed":false},"pwb-brand":[581],"product_cat":[104,47,369],"product_tag":[],"class_list":{"0":"post-16176","1":"product","2":"type-product","3":"status-publish","4":"has-post-thumbnail","6":"pwb-brand-vetocanis","7":"product_cat-higijena-i-nega-pasa","8":"product_cat-psi","9":"product_cat-samponi-za-pse","11":"first","12":"instock","13":"taxable","14":"shipping-taxable","15":"purchasable","16":"product-type-simple"},"acf":[],"brands":[{"id":581,"name":"Vetocanis","slug":"vetocanis"}],"_links":{"self":[{"href":"https:\/\/pawz.rs\/en\/wp-json\/wp\/v2\/product\/16176","targetHints":{"allow":["GET"]}}],"collection":[{"href":"https:\/\/pawz.rs\/en\/wp-json\/wp\/v2\/product"}],"about":[{"href":"https:\/\/pawz.rs\/en\/wp-json\/wp\/v2\/types\/product"}],"replies":[{"embeddable":true,"href":"https:\/\/pawz.rs\/en\/wp-json\/wp\/v2\/comments?post=16176"}],"wp:featuredmedia":[{"embeddable":true,"href":"https:\/\/pawz.rs\/en\/wp-json\/wp\/v2\/media\/16218"}],"wp:attachment":[{"href":"https:\/\/pawz.rs\/en\/wp-json\/wp\/v2\/media?parent=16176"}],"wp:term":[{"taxonomy":"pwb-brand","embeddable":true,"href":"https:\/\/pawz.rs\/en\/wp-json\/wp\/v2\/pwb-brand?post=16176"},{"taxonomy":"product_cat","embeddable":true,"href":"https:\/\/pawz.rs\/en\/wp-json\/wp\/v2\/product_cat?post=16176"},{"taxonomy":"product_tag","embeddable":true,"href":"https:\/\/pawz.rs\/en\/wp-json\/wp\/v2\/product_tag?post=16176"}],"curies":[{"name":"wp","href":"https:\/\/api.w.org\/{rel}","templated":true}]}}