{"id":16184,"date":"2023-04-21T08:31:26","date_gmt":"2023-04-21T06:31:26","guid":{"rendered":"https:\/\/pawz.rs\/?post_type=product&#038;p=16184"},"modified":"2025-08-15T17:37:31","modified_gmt":"2025-08-15T15:37:31","slug":"vetocanis-hypo-allergenic-sampon-za-pse","status":"publish","type":"product","link":"https:\/\/pawz.rs\/en\/vetocanis-hypo-allergenic-sampon-za-pse\/","title":{"rendered":"Vetocanis Hypo-Allergenic \u0160ampon za Pse 300 ml"},"content":{"rendered":"<p><strong>Vetocanis Hypo-Allergenic \u0160ampon za Pse-300 ml<\/strong><\/p>\n<p>Vetocanis Hypo-Allergenic \u0161ampon je namenjen psima da umanji rizik od pojave alergija sa osetljivom ko\u017eom.<br \/>\nBiljni glicerin i ulje jojobe obezbe\u0111uju hidrataciju, ne\u017eno \u010diste\u0107i ko\u017eu bez mogu\u0107nosti iritacije.<\/p>\n<p><strong>Uputstvo za upotrebu:<\/strong><br \/>\nNa mokru dlaku naneti \u0161ampon, izbegavati predeo oko o\u010diju. Blago trljati dok se ne stvori pena, pa potom isprati. Za bolje dejstvo, nasapunjati dva puta.<\/p>\n<p><strong>Upozorenja:<\/strong><br \/>\nNije za ljudsku upotrebu.<br \/>\n\u010cuvati van doma\u0161aja dece.<br \/>\nMo\u017ee izazvati alergijsku reakciju.<\/p>\n<p>Proizvo\u0111a\u010d: Agrobiothers labaratoire<br \/>\nZemlja porekla: Francuska<\/p>\n\n    <div class=\"xs_social_share_widget xs_share_url after_content \t\tmain_content  wslu-style-1 wslu-share-box-shaped wslu-fill-colored wslu-none wslu-share-horizontal wslu-theme-font-no wslu-main_content\">\n\n\t\t\n        <ul>\n\t\t\t        <\/ul>\n    <\/div>","protected":false},"excerpt":{"rendered":"<p>Vetocanis hypo-allergenic \u0161ampon je \u0161ampon namenjen psima koji imaju osetljivu ko\u017eu.<\/p>","protected":false},"featured_media":16223,"comment_status":"open","ping_status":"closed","template":"","meta":{"_acf_changed":false},"pwb-brand":[581],"product_cat":[47,104,369],"product_tag":[],"class_list":{"0":"post-16184","1":"product","2":"type-product","3":"status-publish","4":"has-post-thumbnail","6":"pwb-brand-vetocanis","7":"product_cat-psi","8":"product_cat-higijena-i-nega-pasa","9":"product_cat-samponi-za-pse","11":"first","12":"instock","13":"taxable","14":"shipping-taxable","15":"purchasable","16":"product-type-simple"},"acf":[],"brands":[{"id":581,"name":"Vetocanis","slug":"vetocanis"}],"_links":{"self":[{"href":"https:\/\/pawz.rs\/en\/wp-json\/wp\/v2\/product\/16184","targetHints":{"allow":["GET"]}}],"collection":[{"href":"https:\/\/pawz.rs\/en\/wp-json\/wp\/v2\/product"}],"about":[{"href":"https:\/\/pawz.rs\/en\/wp-json\/wp\/v2\/types\/product"}],"replies":[{"embeddable":true,"href":"https:\/\/pawz.rs\/en\/wp-json\/wp\/v2\/comments?post=16184"}],"wp:featuredmedia":[{"embeddable":true,"href":"https:\/\/pawz.rs\/en\/wp-json\/wp\/v2\/media\/16223"}],"wp:attachment":[{"href":"https:\/\/pawz.rs\/en\/wp-json\/wp\/v2\/media?parent=16184"}],"wp:term":[{"taxonomy":"pwb-brand","embeddable":true,"href":"https:\/\/pawz.rs\/en\/wp-json\/wp\/v2\/pwb-brand?post=16184"},{"taxonomy":"product_cat","embeddable":true,"href":"https:\/\/pawz.rs\/en\/wp-json\/wp\/v2\/product_cat?post=16184"},{"taxonomy":"product_tag","embeddable":true,"href":"https:\/\/pawz.rs\/en\/wp-json\/wp\/v2\/product_tag?post=16184"}],"curies":[{"name":"wp","href":"https:\/\/api.w.org\/{rel}","templated":true}]}}