{"id":16185,"date":"2024-02-04T20:44:06","date_gmt":"2024-02-04T19:44:06","guid":{"rendered":"https:\/\/pawz.rs\/?post_type=product&#038;p=16185"},"modified":"2024-09-16T14:05:22","modified_gmt":"2024-09-16T12:05:22","slug":"vetocanis-sprej-za-edukaciju-odbija-pse-i-macke","status":"publish","type":"product","link":"https:\/\/pawz.rs\/en\/vetocanis-sprej-za-edukaciju-odbija-pse-i-macke\/","title":{"rendered":"Vetocanis Sprej za Edukaciju, Odbija Pse i Ma\u010dke 250 ml"},"content":{"rendered":"<p><strong>Vetocanis Sprej za Edukaciju, Odbija Pse i Ma\u010dke-250 ml<\/strong><\/p>\n<p>Vetocanis \u00a0sprej za edukaciju pasa i ma\u010daka poma\u017ee da ljubimce dr\u017eite dalje od objekta ili povr\u0161ine koju \u017eelite da za\u0161titite, na otvorenom, ili unutra.<\/p>\n<p>Sprej emituje miris koji je odbojan ve\u0107ini pasa i ma\u010daka.<\/p>\n<p>Za mlade \u017eivotinje koje odbijaju poslu\u0161nost, vetocanis sprej za edukaciju mo\u017ee pomo\u0107i pri obuci, ali ne mo\u017ee zameniti tradicionalni trening.<\/p>\n<p><strong>Sastav:<br \/>\n<\/strong>Rastvorljiva aroma, rastvara\u010d i pogonski gas.<\/p>\n<p><strong>Uputstvo za upotrebu:<\/strong><br \/>\nPre upotrebe promu\u0107kati.<br \/>\nPoprskati povr\u0161inu objekta koji \u017eelite da za\u0161titite, svakodnevno, na istim mestima, do potpunog odvikavanja.<br \/>\nZa osetljive povr\u0161ine, preporu\u010duje se prethodni test na malim, manje vidljivim povr\u0161inama.<\/p>\n<p><strong>Upozorenja:<br \/>\n<\/strong>Nije za ljudsku upotrebu.<br \/>\nIzuzetno zapaljiv aerosol.<br \/>\nDr\u017eati van doma\u0161aja dece.<br \/>\nDr\u017eati dalje od izvora toplote, vru\u0107ih povr\u0161ina, varnica, otvorenog plamena i drugih izvora koji mogu izazvati paljenje.<br \/>\nNe prskati na otvoreni plamen ili druge izvore paljenja.<br \/>\nBocu ne paliti i ne probijati \u010dak ni kada je iskori\u0161\u0107ena.<br \/>\nZa\u0161tititi od sun\u010deve svetlosti.<br \/>\nNe izlagati temperaturama vi\u0161im od 50 \u00b0C.<br \/>\nNe ispu\u0161tati u kanalizaciju i vodotoke.<br \/>\nBocu reciklirajte, ili odlo\u017eite u otpad u skladu sa zakonom.<br \/>\nNe kontaminirajte zemlju ili vodu sa otpadom, ne bacajte u okolinu.<br \/>\nMolimo vas da po\u0161tujete mere predostro\u017enosti za upotrebu.<br \/>\nH222 Izuzetno zapaljiv aerosol.<br \/>\nBoca je pod pritiskom, mo\u017ee se rasprsnuti pod uticajem toplote.<\/p>\n<p>Proizvo\u0111a\u010d: Agrobiothers labaratoire<br \/>\nZemlja porekla: Francuska<\/p>\n\n    <div class=\"xs_social_share_widget xs_share_url after_content \t\tmain_content  wslu-style-1 wslu-share-box-shaped wslu-fill-colored wslu-none wslu-share-horizontal wslu-theme-font-no wslu-main_content\">\n\n\t\t\n        <ul>\n\t\t\t        <\/ul>\n    <\/div>","protected":false},"excerpt":{"rendered":"<p>Vetocanis sprej za edukaciju pasa i ma\u010daka koji poma\u017ee da ljubimce dr\u017eite dalje od objekta koji \u017eelite da za\u0161titite.<\/p>","protected":false},"featured_media":16222,"comment_status":"open","ping_status":"closed","template":"","meta":{"_acf_changed":false},"pwb-brand":[581],"product_cat":[80,104,388,389,23,47],"product_tag":[],"class_list":{"0":"post-16185","1":"product","2":"type-product","3":"status-publish","4":"has-post-thumbnail","6":"pwb-brand-vetocanis","7":"product_cat-higijena-nega-macaka","8":"product_cat-higijena-i-nega-pasa","9":"product_cat-higijenski-proizvodi","10":"product_cat-higijenski-proizvodi-higijena-i-nega-pasa","11":"product_cat-macke","12":"product_cat-psi","14":"first","15":"outofstock","16":"taxable","17":"shipping-taxable","18":"purchasable","19":"product-type-simple"},"acf":[],"brands":[{"id":581,"name":"Vetocanis","slug":"vetocanis"}],"_links":{"self":[{"href":"https:\/\/pawz.rs\/en\/wp-json\/wp\/v2\/product\/16185","targetHints":{"allow":["GET"]}}],"collection":[{"href":"https:\/\/pawz.rs\/en\/wp-json\/wp\/v2\/product"}],"about":[{"href":"https:\/\/pawz.rs\/en\/wp-json\/wp\/v2\/types\/product"}],"replies":[{"embeddable":true,"href":"https:\/\/pawz.rs\/en\/wp-json\/wp\/v2\/comments?post=16185"}],"wp:featuredmedia":[{"embeddable":true,"href":"https:\/\/pawz.rs\/en\/wp-json\/wp\/v2\/media\/16222"}],"wp:attachment":[{"href":"https:\/\/pawz.rs\/en\/wp-json\/wp\/v2\/media?parent=16185"}],"wp:term":[{"taxonomy":"pwb-brand","embeddable":true,"href":"https:\/\/pawz.rs\/en\/wp-json\/wp\/v2\/pwb-brand?post=16185"},{"taxonomy":"product_cat","embeddable":true,"href":"https:\/\/pawz.rs\/en\/wp-json\/wp\/v2\/product_cat?post=16185"},{"taxonomy":"product_tag","embeddable":true,"href":"https:\/\/pawz.rs\/en\/wp-json\/wp\/v2\/product_tag?post=16185"}],"curies":[{"name":"wp","href":"https:\/\/api.w.org\/{rel}","templated":true}]}}