{"id":16188,"date":"2023-04-21T09:11:08","date_gmt":"2023-04-21T07:11:08","guid":{"rendered":"https:\/\/pawz.rs\/?post_type=product&#038;p=16188"},"modified":"2024-09-16T14:05:26","modified_gmt":"2024-09-16T12:05:26","slug":"vetocanis-losion-za-ciscenje-usiju-za-pse-i-macke","status":"publish","type":"product","link":"https:\/\/pawz.rs\/en\/vetocanis-losion-za-ciscenje-usiju-za-pse-i-macke\/","title":{"rendered":"Vetocanis Losion za \u010ci\u0161\u0107enje U\u0161iju za Pse i Ma\u010dke 60 ml"},"content":{"rendered":"<p><strong>Vetocanis Losion za \u010ci\u0161\u0107enje U\u0161iju za Pse i Ma\u010dke-60 ml<\/strong><\/p>\n<p>Vetocanis losion za \u010di\u0161\u0107enje u\u0161iju pasa i ma\u010daka, sadr\u017ei biljne ekstrakte koji omek\u0161avaju cerumen i imaju umiruju\u0107i efekat.<br \/>\nMo\u017ee se redovno koristiti za \u010di\u0161\u0107enje u\u0161nog kanala bez rizika od iritacija.<\/p>\n<p><strong>Sastav:<\/strong><br \/>\nPropilenglikol, glicerin, ekstrakt nevena, ekstrakt indijskog hidrokotila, pomo\u0107ne supstance.<\/p>\n<p><strong>Uputstvo za upotrebu:<br \/>\n<\/strong>Naneti male koli\u010dine losiona u u\u0161ni kanal, \u201czatvoriti\u201d uho i rukom masirati koren uha kako bi se ne\u010disto\u0107e odvojile od kanala.<br \/>\nVatom ne\u017eno ukloniti ne\u010disto\u0107e i osu\u0161iti u\u0161nu \u0161koljku.<\/p>\n<p>Nije za ljudsku upotrebu.<\/p>\n<p>Proizvo\u0111a\u010d: Agrobiothers labaratoire<br \/>\nZemlja porekla: Francuska<\/p>\n\n    <div class=\"xs_social_share_widget xs_share_url after_content \t\tmain_content  wslu-style-1 wslu-share-box-shaped wslu-fill-colored wslu-none wslu-share-horizontal wslu-theme-font-no wslu-main_content\">\n\n\t\t\n        <ul>\n\t\t\t        <\/ul>\n    <\/div>","protected":false},"excerpt":{"rendered":"<p>Vetocanis losion za \u010di\u0161\u0107enje u\u0161iju pasa i ma\u010daka koji ima umiruju\u0107i efekat.<\/p>","protected":false},"featured_media":16193,"comment_status":"open","ping_status":"closed","template":"","meta":{"_acf_changed":false},"pwb-brand":[581],"product_cat":[23,80,388,47,104,389],"product_tag":[],"class_list":{"0":"post-16188","1":"product","2":"type-product","3":"status-publish","4":"has-post-thumbnail","6":"pwb-brand-vetocanis","7":"product_cat-macke","8":"product_cat-higijena-nega-macaka","9":"product_cat-higijenski-proizvodi","10":"product_cat-psi","11":"product_cat-higijena-i-nega-pasa","12":"product_cat-higijenski-proizvodi-higijena-i-nega-pasa","14":"first","15":"outofstock","16":"taxable","17":"shipping-taxable","18":"purchasable","19":"product-type-simple"},"acf":[],"brands":[{"id":581,"name":"Vetocanis","slug":"vetocanis"}],"_links":{"self":[{"href":"https:\/\/pawz.rs\/en\/wp-json\/wp\/v2\/product\/16188","targetHints":{"allow":["GET"]}}],"collection":[{"href":"https:\/\/pawz.rs\/en\/wp-json\/wp\/v2\/product"}],"about":[{"href":"https:\/\/pawz.rs\/en\/wp-json\/wp\/v2\/types\/product"}],"replies":[{"embeddable":true,"href":"https:\/\/pawz.rs\/en\/wp-json\/wp\/v2\/comments?post=16188"}],"wp:featuredmedia":[{"embeddable":true,"href":"https:\/\/pawz.rs\/en\/wp-json\/wp\/v2\/media\/16193"}],"wp:attachment":[{"href":"https:\/\/pawz.rs\/en\/wp-json\/wp\/v2\/media?parent=16188"}],"wp:term":[{"taxonomy":"pwb-brand","embeddable":true,"href":"https:\/\/pawz.rs\/en\/wp-json\/wp\/v2\/pwb-brand?post=16188"},{"taxonomy":"product_cat","embeddable":true,"href":"https:\/\/pawz.rs\/en\/wp-json\/wp\/v2\/product_cat?post=16188"},{"taxonomy":"product_tag","embeddable":true,"href":"https:\/\/pawz.rs\/en\/wp-json\/wp\/v2\/product_tag?post=16188"}],"curies":[{"name":"wp","href":"https:\/\/api.w.org\/{rel}","templated":true}]}}