{"id":16189,"date":"2023-04-21T09:18:27","date_gmt":"2023-04-21T07:18:27","guid":{"rendered":"https:\/\/pawz.rs\/?post_type=product&#038;p=16189"},"modified":"2024-09-16T14:05:25","modified_gmt":"2024-09-16T12:05:25","slug":"vetocanis-losion-za-ciscenje-ociju-za-pse-i-macke","status":"publish","type":"product","link":"https:\/\/pawz.rs\/en\/vetocanis-losion-za-ciscenje-ociju-za-pse-i-macke\/","title":{"rendered":"Vetocanis Losion za \u010ci\u0161\u0107enje O\u010diju za Pse i Ma\u010dke 60 ml"},"content":{"rendered":"<p><strong>Vetocanis Losion za \u010ci\u0161\u0107enje O\u010diju za Pse i Ma\u010dke-60 ml<\/strong><\/p>\n<p>O\u010di pasa i ma\u010daka su osetljive i svakodnevno izlo\u017eene iritacijama (pra\u0161ina, \u010destice peska i drugih stranih tela).<br \/>\nRastvor za \u010di\u0161\u0107enje o\u010diju sa ekstraktima biljaka omogu\u0107ava ne\u017eno \u010di\u0161\u0107enje bez iritacija.<br \/>\nMo\u017ee se primenjivati svakodnevno.<\/p>\n<p><strong>Sastav:<\/strong><br \/>\nRu\u017eina voda, voda od borovnice, pomo\u0107ne supstance.<\/p>\n<p><strong>Uputstvo za upotrebu:<br \/>\n<\/strong>Ispiranje \u2013 nakapati rastvor direktno u oko, radi uklanjanja stranih tela ili natopiti vatu rastvorom i o\u010distiti o\u010dne kapke i predeo oko o\u010diju, naro\u010dito unutra\u0161nje uglove oka.<\/p>\n<p>Nije za ljudsku upotrebu.<\/p>\n<p>Proizvo\u0111a\u010d: Agrobiothers labaratoire<br \/>\nZemlja porekla: Francuska<\/p>\n\n    <div class=\"xs_social_share_widget xs_share_url after_content \t\tmain_content  wslu-style-1 wslu-share-box-shaped wslu-fill-colored wslu-none wslu-share-horizontal wslu-theme-font-no wslu-main_content\">\n\n\t\t\n        <ul>\n\t\t\t        <\/ul>\n    <\/div>","protected":false},"excerpt":{"rendered":"<p>Vetocanis losion za \u010di\u0161\u0107enje o\u010diju koja pasa i ma\u010daka.<\/p>","protected":false},"featured_media":16192,"comment_status":"open","ping_status":"closed","template":"","meta":{"_acf_changed":false},"pwb-brand":[581],"product_cat":[23,80,388,47,104,389],"product_tag":[],"class_list":{"0":"post-16189","1":"product","2":"type-product","3":"status-publish","4":"has-post-thumbnail","6":"pwb-brand-vetocanis","7":"product_cat-macke","8":"product_cat-higijena-nega-macaka","9":"product_cat-higijenski-proizvodi","10":"product_cat-psi","11":"product_cat-higijena-i-nega-pasa","12":"product_cat-higijenski-proizvodi-higijena-i-nega-pasa","14":"first","15":"outofstock","16":"taxable","17":"shipping-taxable","18":"purchasable","19":"product-type-simple"},"acf":[],"brands":[{"id":581,"name":"Vetocanis","slug":"vetocanis"}],"_links":{"self":[{"href":"https:\/\/pawz.rs\/en\/wp-json\/wp\/v2\/product\/16189","targetHints":{"allow":["GET"]}}],"collection":[{"href":"https:\/\/pawz.rs\/en\/wp-json\/wp\/v2\/product"}],"about":[{"href":"https:\/\/pawz.rs\/en\/wp-json\/wp\/v2\/types\/product"}],"replies":[{"embeddable":true,"href":"https:\/\/pawz.rs\/en\/wp-json\/wp\/v2\/comments?post=16189"}],"wp:featuredmedia":[{"embeddable":true,"href":"https:\/\/pawz.rs\/en\/wp-json\/wp\/v2\/media\/16192"}],"wp:attachment":[{"href":"https:\/\/pawz.rs\/en\/wp-json\/wp\/v2\/media?parent=16189"}],"wp:term":[{"taxonomy":"pwb-brand","embeddable":true,"href":"https:\/\/pawz.rs\/en\/wp-json\/wp\/v2\/pwb-brand?post=16189"},{"taxonomy":"product_cat","embeddable":true,"href":"https:\/\/pawz.rs\/en\/wp-json\/wp\/v2\/product_cat?post=16189"},{"taxonomy":"product_tag","embeddable":true,"href":"https:\/\/pawz.rs\/en\/wp-json\/wp\/v2\/product_tag?post=16189"}],"curies":[{"name":"wp","href":"https:\/\/api.w.org\/{rel}","templated":true}]}}