{"id":16195,"date":"2023-04-21T11:29:02","date_gmt":"2023-04-21T09:29:02","guid":{"rendered":"https:\/\/pawz.rs\/?post_type=product&#038;p=16195"},"modified":"2024-09-16T14:05:23","modified_gmt":"2024-09-16T12:05:23","slug":"vetocanis-losion-za-pse-protiv-cesanja","status":"publish","type":"product","link":"https:\/\/pawz.rs\/en\/vetocanis-losion-za-pse-protiv-cesanja\/","title":{"rendered":"Vetocanis Losion za Pse Protiv \u010ce\u0161anja 125 ml"},"content":{"rendered":"<p><strong>Vetocanis Losion za Pse Protiv \u010ce\u0161anja 125 ml<\/strong><\/p>\n<p>Vetocanis umiruju\u0107ii losion odmah revitalizuje i rehidrira suvu i nadra\u017eenu ko\u017eu.<br \/>\nPrirodna jedinjenja u ovoj formuli \u010dine je pogodnom i sigurnom za upotrebu i kod pasa i ma\u010daka.<br \/>\nPreparat se nanosi kao sprej, te se veoma jednostavno nanosi na \u017eeljeno mesto na ko\u017ei.<\/p>\n<p><strong>Sastav:<\/strong><br \/>\nVoda, ekstrakt vodenog rastvora cveta Lavandula augustifolia (engleska lavanda), coco-glukozid, gliceril-oleat, ulje cveta Lavandula spica (lavande), Perlargonium graveolens (geranium), cvetno ulje, natrijum-benzoat, limunska kiselina, mle\u010dna kiselina.<\/p>\n<p><strong>Uputstvo za upotrebu:<\/strong><br \/>\nPre upotrebe promu\u0107kati bo\u010dicu.<br \/>\nPrskajte direktno na nadra\u017eenu povr\u0161inu sa minimalne udaljenosti od 15 cm.<br \/>\nOstaviti da se osu\u0161i.<br \/>\nPonoviti onoliko puta koliko je potrebno.<br \/>\nIzbegavajte kontakt sa sluzoko\u017eom i o\u010dima.<\/p>\n<p>Proizvo\u0111a\u010d: Agrobiothers labaratoire<br \/>\nZemlja porekla: Francuska<\/p>\n\n    <div class=\"xs_social_share_widget xs_share_url after_content \t\tmain_content  wslu-style-1 wslu-share-box-shaped wslu-fill-colored wslu-none wslu-share-horizontal wslu-theme-font-no wslu-main_content\">\n\n\t\t\n        <ul>\n\t\t\t        <\/ul>\n    <\/div>","protected":false},"excerpt":{"rendered":"<p>Vetocanis umiruju\u0107i losion za pse spre\u010dava \u010de\u0161anje kod va\u0161eg ljubimca, ujedno i revitalizuje nadra\u017eenu ko\u017eu.<\/p>","protected":false},"featured_media":16226,"comment_status":"open","ping_status":"closed","template":"","meta":{"_acf_changed":false},"pwb-brand":[581],"product_cat":[47,104,389],"product_tag":[],"class_list":{"0":"post-16195","1":"product","2":"type-product","3":"status-publish","4":"has-post-thumbnail","6":"pwb-brand-vetocanis","7":"product_cat-psi","8":"product_cat-higijena-i-nega-pasa","9":"product_cat-higijenski-proizvodi-higijena-i-nega-pasa","11":"first","12":"outofstock","13":"taxable","14":"shipping-taxable","15":"purchasable","16":"product-type-simple"},"acf":[],"brands":[{"id":581,"name":"Vetocanis","slug":"vetocanis"}],"_links":{"self":[{"href":"https:\/\/pawz.rs\/en\/wp-json\/wp\/v2\/product\/16195","targetHints":{"allow":["GET"]}}],"collection":[{"href":"https:\/\/pawz.rs\/en\/wp-json\/wp\/v2\/product"}],"about":[{"href":"https:\/\/pawz.rs\/en\/wp-json\/wp\/v2\/types\/product"}],"replies":[{"embeddable":true,"href":"https:\/\/pawz.rs\/en\/wp-json\/wp\/v2\/comments?post=16195"}],"wp:featuredmedia":[{"embeddable":true,"href":"https:\/\/pawz.rs\/en\/wp-json\/wp\/v2\/media\/16226"}],"wp:attachment":[{"href":"https:\/\/pawz.rs\/en\/wp-json\/wp\/v2\/media?parent=16195"}],"wp:term":[{"taxonomy":"pwb-brand","embeddable":true,"href":"https:\/\/pawz.rs\/en\/wp-json\/wp\/v2\/pwb-brand?post=16195"},{"taxonomy":"product_cat","embeddable":true,"href":"https:\/\/pawz.rs\/en\/wp-json\/wp\/v2\/product_cat?post=16195"},{"taxonomy":"product_tag","embeddable":true,"href":"https:\/\/pawz.rs\/en\/wp-json\/wp\/v2\/product_tag?post=16195"}],"curies":[{"name":"wp","href":"https:\/\/api.w.org\/{rel}","templated":true}]}}