{"id":16199,"date":"2023-04-21T12:10:47","date_gmt":"2023-04-21T10:10:47","guid":{"rendered":"https:\/\/pawz.rs\/?post_type=product&#038;p=16199"},"modified":"2023-04-24T13:26:53","modified_gmt":"2023-04-24T11:26:53","slug":"vetocanis-dentalna-igracka-za-otklanjanje-zubnog-kamenca-za-srednje-i-velike-pse","status":"publish","type":"product","link":"https:\/\/pawz.rs\/en\/vetocanis-dentalna-igracka-za-otklanjanje-zubnog-kamenca-za-srednje-i-velike-pse\/","title":{"rendered":"Vetocanis Dentalna Igra\u010dka za Otklanjanje Zubnog Kamenca za Srednje i Velike Pse"},"content":{"rendered":"<p><strong>Vetocanis Dentalna Igra\u010dka za Otklanjanje Zubnog Kamenca za Srednje i Velike Pse-20 cm<\/strong><\/p>\n<p>Funkcionalna igra\u010dka za pse srednjih i velikih rasa.<br \/>\nVetocanis kost za dentalnu higijenu napravljena od izdr\u017eljivog najlona okupira\u0107e dugotrajno pa\u017enju Va\u0161eg psa, istovremeno doprinose\u0107i skidanju naslaga koje se na zubima talo\u017ee tokom dana.<\/p>\n<p>Mekani nastavci lagano trljaju povr\u0161inu zuba i desni, \u010diste ih, i time poma\u017eu o\u010duvanje zdravlja zuba. Sve\u017ea aroma mente.<br \/>\nOva funkcionalna igra\u010dka prilago\u0111ena je psimasrednjih i velikih rasa.<\/p>\n<p><strong>Sastav:<\/strong><br \/>\nNajlon + TPR (termoplasti\u010dna guma).<\/p>\n<p><strong>Uputstvo za upotrebu:<\/strong><br \/>\nPsu ponudite igra\u010dku svakodnevno, preporu\u010dljivo je nakon obroka.<br \/>\nVetocanis kost za dentalnu higijenu pregledajte uvek pre nego \u0161to je date svom psu i zamenite je kada primetite ve\u0107a o\u0161te\u0107enja.<\/p>\n<div>\n<div class=\"alert show-buy-alert alert-success row\" role=\"alert\">\n<div class=\"col-sm-12 col-lg-5 col-md-5 line-right\">Proizvo\u0111a\u010d: Agrobiothers labaratoire<br \/>\nZemlja porekla: Francuska<\/div>\n<\/div>\n<\/div>\n\n    <div class=\"xs_social_share_widget xs_share_url after_content \t\tmain_content  wslu-style-1 wslu-share-box-shaped wslu-fill-colored wslu-none wslu-share-horizontal wslu-theme-font-no wslu-main_content\">\n\n\t\t\n        <ul>\n\t\t\t        <\/ul>\n    <\/div>","protected":false},"excerpt":{"rendered":"<p>Vetocanis dentalna igra\u010dka je funkcionalna igra\u010dka za otklanjanje zubnog kamenca. Namenjena je za pse srednjih i velikih rasa.<\/p>","protected":false},"featured_media":16213,"comment_status":"open","ping_status":"closed","template":"","meta":{"_acf_changed":false},"pwb-brand":[581],"product_cat":[47,104,389],"product_tag":[],"class_list":{"0":"post-16199","1":"product","2":"type-product","3":"status-publish","4":"has-post-thumbnail","6":"pwb-brand-vetocanis","7":"product_cat-psi","8":"product_cat-higijena-i-nega-pasa","9":"product_cat-higijenski-proizvodi-higijena-i-nega-pasa","11":"first","12":"instock","13":"taxable","14":"shipping-taxable","15":"purchasable","16":"product-type-simple"},"acf":[],"brands":[{"id":581,"name":"Vetocanis","slug":"vetocanis"}],"_links":{"self":[{"href":"https:\/\/pawz.rs\/en\/wp-json\/wp\/v2\/product\/16199","targetHints":{"allow":["GET"]}}],"collection":[{"href":"https:\/\/pawz.rs\/en\/wp-json\/wp\/v2\/product"}],"about":[{"href":"https:\/\/pawz.rs\/en\/wp-json\/wp\/v2\/types\/product"}],"replies":[{"embeddable":true,"href":"https:\/\/pawz.rs\/en\/wp-json\/wp\/v2\/comments?post=16199"}],"wp:featuredmedia":[{"embeddable":true,"href":"https:\/\/pawz.rs\/en\/wp-json\/wp\/v2\/media\/16213"}],"wp:attachment":[{"href":"https:\/\/pawz.rs\/en\/wp-json\/wp\/v2\/media?parent=16199"}],"wp:term":[{"taxonomy":"pwb-brand","embeddable":true,"href":"https:\/\/pawz.rs\/en\/wp-json\/wp\/v2\/pwb-brand?post=16199"},{"taxonomy":"product_cat","embeddable":true,"href":"https:\/\/pawz.rs\/en\/wp-json\/wp\/v2\/product_cat?post=16199"},{"taxonomy":"product_tag","embeddable":true,"href":"https:\/\/pawz.rs\/en\/wp-json\/wp\/v2\/product_tag?post=16199"}],"curies":[{"name":"wp","href":"https:\/\/api.w.org\/{rel}","templated":true}]}}