{"id":16200,"date":"2023-04-21T12:18:15","date_gmt":"2023-04-21T10:18:15","guid":{"rendered":"https:\/\/pawz.rs\/?post_type=product&#038;p=16200"},"modified":"2024-09-16T14:05:22","modified_gmt":"2024-09-16T12:05:22","slug":"vetocanis-dentalni-stapici-protiv-stvaranja-zubnog-kamenca-za-macke","status":"publish","type":"product","link":"https:\/\/pawz.rs\/en\/vetocanis-dentalni-stapici-protiv-stvaranja-zubnog-kamenca-za-macke\/","title":{"rendered":"Vetocanis Dentalni \u0160tapi\u0107i Protiv Stvaranja Zubnog Kamenca za Ma\u010dke"},"content":{"rendered":"<p><strong>Vetocanis Dentalni \u0160tapi\u0107i Protiv Stvaranja Zubnog Kamenca za Ma\u010dke<\/strong><\/p>\n<p>Briga o zubima Va\u0161e ma\u010dke postaje laka i zabavna sa vetocanis \u0161tapi\u0107ima protiv kamenca.<br \/>\nDentalni \u0161tapi\u0107i za \u017evakanje, napravljeni su od mekog drveta.<\/p>\n<p>Ukloni\u0107e kamenac i odr\u017eava\u0107e oralnu higijenu Va\u0161eg ljubimca.<br \/>\n100% prirodni dentalni \u0161tapi\u0107i.<\/p>\n<p>\u0160tapi\u0107i se sastoje od posebno atraktivne esencije mekog drveta iz Azije.<br \/>\nDrvene niti trljaju se o povr\u0161inu zuba i tako Va\u0161a ma\u010dka sama \u010disti zube.<\/p>\n<p>Kada ma\u010dka \u017eva\u0107e \u0161tapi\u0107e, oni joj poma\u017eu u borbi protiv zubnog plaka koji se nakuplja na zubima i koji je odgovoran za kamenac i lo\u0161 zadah.<\/p>\n<p><strong>Sastav:<\/strong><br \/>\n100% Actinidia poligama.<\/p>\n<p><strong>Uputstvo za upotrebu:<\/strong><br \/>\nDajte ma\u010dki \u0161tapi\u0107 2 do 3 puta nedeljno.<br \/>\nNadgledajte njegovu upotrebu: uklonite ga i zamenite \u010dim postane premali ili previ\u0161e iskori\u0161\u0107en.<\/p>\n<div>\n<div class=\"alert show-buy-alert alert-success row\" role=\"alert\">\n<div class=\"col-sm-12 col-lg-5 col-md-5 line-right\">Proizvo\u0111a\u010d: Agrobiothers labaratoire<br \/>\nZemlja porekla: Kina<\/div>\n<\/div>\n<\/div>\n\n    <div class=\"xs_social_share_widget xs_share_url after_content \t\tmain_content  wslu-style-1 wslu-share-box-shaped wslu-fill-colored wslu-none wslu-share-horizontal wslu-theme-font-no wslu-main_content\">\n\n\t\t\n        <ul>\n\t\t\t        <\/ul>\n    <\/div>","protected":false},"excerpt":{"rendered":"<p>Vetocanis dentalni \u0161tapi\u0107i za \u017evakanje, protiv stvaranja zubnog kamenca za ma\u010dke.<\/p>","protected":false},"featured_media":16211,"comment_status":"open","ping_status":"closed","template":"","meta":{"_acf_changed":false},"pwb-brand":[581],"product_cat":[80,388,23],"product_tag":[],"class_list":{"0":"post-16200","1":"product","2":"type-product","3":"status-publish","4":"has-post-thumbnail","6":"pwb-brand-vetocanis","7":"product_cat-higijena-nega-macaka","8":"product_cat-higijenski-proizvodi","9":"product_cat-macke","11":"first","12":"outofstock","13":"taxable","14":"shipping-taxable","15":"purchasable","16":"product-type-simple"},"acf":[],"brands":[{"id":581,"name":"Vetocanis","slug":"vetocanis"}],"_links":{"self":[{"href":"https:\/\/pawz.rs\/en\/wp-json\/wp\/v2\/product\/16200","targetHints":{"allow":["GET"]}}],"collection":[{"href":"https:\/\/pawz.rs\/en\/wp-json\/wp\/v2\/product"}],"about":[{"href":"https:\/\/pawz.rs\/en\/wp-json\/wp\/v2\/types\/product"}],"replies":[{"embeddable":true,"href":"https:\/\/pawz.rs\/en\/wp-json\/wp\/v2\/comments?post=16200"}],"wp:featuredmedia":[{"embeddable":true,"href":"https:\/\/pawz.rs\/en\/wp-json\/wp\/v2\/media\/16211"}],"wp:attachment":[{"href":"https:\/\/pawz.rs\/en\/wp-json\/wp\/v2\/media?parent=16200"}],"wp:term":[{"taxonomy":"pwb-brand","embeddable":true,"href":"https:\/\/pawz.rs\/en\/wp-json\/wp\/v2\/pwb-brand?post=16200"},{"taxonomy":"product_cat","embeddable":true,"href":"https:\/\/pawz.rs\/en\/wp-json\/wp\/v2\/product_cat?post=16200"},{"taxonomy":"product_tag","embeddable":true,"href":"https:\/\/pawz.rs\/en\/wp-json\/wp\/v2\/product_tag?post=16200"}],"curies":[{"name":"wp","href":"https:\/\/api.w.org\/{rel}","templated":true}]}}