{"id":16466,"date":"2023-05-24T16:56:47","date_gmt":"2023-05-24T14:56:47","guid":{"rendered":"https:\/\/pawz.rs\/?post_type=product&#038;p=16466"},"modified":"2026-01-27T08:27:11","modified_gmt":"2026-01-27T07:27:11","slug":"eukanuba-dog-puppy-starter-all-breed-chicken","status":"publish","type":"product","link":"https:\/\/pawz.rs\/en\/eukanuba-dog-puppy-starter-all-breed-chicken\/","title":{"rendered":"Eukanuba Dog Puppy Starter All Breed Chicken 8 kg"},"content":{"rendered":"<p><strong>Eukanuba Dog Puppy Starter All Breed Chicken 8 kg<\/strong><\/p>\n<p>Eukanuba Puppy Start sa sve\u017eom piletinom za \u0161tence svih rasa je recept koji pomaze u fazi prelaska pasa sa te\u010dne na \u010dvrstu hranu.<br \/>\nOvaj recept podr\u017eava prirodnu ravnote\u017eu crevne mikroflore i poma\u017ee u optimizaciji apsorpcije hranljivih materija.<\/p>\n<p>Jo\u0161 jedna va\u017ena komponenta ove hrane je DHA. Naro\u010dito u prvoj \u017eivotnoj fazi, ova polinezasicena masna kiselina doprinosi zdravom razvoju pasa i podr\u017eava sposobnost treniranja i pomaze im da br\u017ee u\u010de.<\/p>\n<p><strong>Prednosti ove formule:<\/strong><\/p>\n<ul>\n<li>DHA koja poma\u017ee \u0161tencima da brze u\u010de i da lak\u0161e pamte<\/li>\n<li>Kalcijum za pravilan razvoj kostiju<\/li>\n<li>Prebiotici FOS, MOS i pulpa repe za podr\u0161ku zdravom varenju<\/li>\n<li>Antioksidanti kao podr\u0161ka razvoju imuniteta<\/li>\n<li>Poseban oblik granule zajedno sa Denta Defense tehnologijom za odr\u017eavanije zdravih i \u010distih zuba<\/li>\n<\/ul>\n<p><strong>Sastav:<\/strong><br \/>\nSu\u0161ena piletina i \u0107uretina (30%, uklju\u010dujuci piletinu 18%), beli pirina\u010d, kukuruz, sve\u017ea piletina (10%), \u017eivinska mast, su\u0161ena pulpa cvekle (3,9%), pileci sos, suseno celo jaje, riblje brasno, minerali, riblje ulje, fruktooligosaharidi (1%), pivski su\u0161eni kvasac, laneno seme, mananoligosaharidi (0,13%), mikrokapsulirani natrijum butirat (0,1%)<\/p>\n<p>Serve food in dry form with available fresh water.<br \/>\nFor your pet&#039;s health, consult a veterinarian regularly.<\/p>\n<p>Proizvod \u010duvati na suvom, hladnom i tamnom mestu.<\/p>\n<p>Proizvo\u0111a\u010d: Mars Inc.<br \/>\nZemlja porekla: Holandija<\/p>\n\n    <div class=\"xs_social_share_widget xs_share_url after_content \t\tmain_content  wslu-style-1 wslu-share-box-shaped wslu-fill-colored wslu-none wslu-share-horizontal wslu-theme-font-no wslu-main_content\">\n\n\t\t\n        <ul>\n\t\t\t        <\/ul>\n    <\/div>","protected":false},"excerpt":{"rendered":"<p>Eukanuba Puppy Start sa sve\u017eom piletinom za \u0161tence svih rasa je recept koji pomaze u fazi prelaska pasa sa te\u010dne na \u010dvrstu hranu.<\/p>","protected":false},"featured_media":16459,"comment_status":"open","ping_status":"closed","template":"","meta":{"_acf_changed":false},"pwb-brand":[586],"product_cat":[49,48,47],"product_tag":[],"class_list":{"0":"post-16466","1":"product","2":"type-product","3":"status-publish","4":"has-post-thumbnail","6":"pwb-brand-eukanuba-hrana-za-pse","7":"product_cat-granule-za-pse","8":"product_cat-hrana-za-pse","9":"product_cat-psi","11":"first","12":"outofstock","13":"taxable","14":"shipping-taxable","15":"purchasable","16":"product-type-simple"},"acf":[],"brands":[{"id":586,"name":"Eukanuba","slug":"eukanuba-hrana-za-pse"}],"_links":{"self":[{"href":"https:\/\/pawz.rs\/en\/wp-json\/wp\/v2\/product\/16466","targetHints":{"allow":["GET"]}}],"collection":[{"href":"https:\/\/pawz.rs\/en\/wp-json\/wp\/v2\/product"}],"about":[{"href":"https:\/\/pawz.rs\/en\/wp-json\/wp\/v2\/types\/product"}],"replies":[{"embeddable":true,"href":"https:\/\/pawz.rs\/en\/wp-json\/wp\/v2\/comments?post=16466"}],"wp:featuredmedia":[{"embeddable":true,"href":"https:\/\/pawz.rs\/en\/wp-json\/wp\/v2\/media\/16459"}],"wp:attachment":[{"href":"https:\/\/pawz.rs\/en\/wp-json\/wp\/v2\/media?parent=16466"}],"wp:term":[{"taxonomy":"pwb-brand","embeddable":true,"href":"https:\/\/pawz.rs\/en\/wp-json\/wp\/v2\/pwb-brand?post=16466"},{"taxonomy":"product_cat","embeddable":true,"href":"https:\/\/pawz.rs\/en\/wp-json\/wp\/v2\/product_cat?post=16466"},{"taxonomy":"product_tag","embeddable":true,"href":"https:\/\/pawz.rs\/en\/wp-json\/wp\/v2\/product_tag?post=16466"}],"curies":[{"name":"wp","href":"https:\/\/api.w.org\/{rel}","templated":true}]}}