{"id":16471,"date":"2023-05-24T17:56:02","date_gmt":"2023-05-24T15:56:02","guid":{"rendered":"https:\/\/pawz.rs\/?post_type=product&#038;p=16471"},"modified":"2025-12-22T11:45:13","modified_gmt":"2025-12-22T10:45:13","slug":"eukanuba-dog-puppy-medium-breed-chicken","status":"publish","type":"product","link":"https:\/\/pawz.rs\/en\/eukanuba-dog-puppy-medium-breed-chicken\/","title":{"rendered":"Eukanuba Dog Puppy Medium Breed Chicken"},"content":{"rendered":"<p><strong>Eukanuba Dog Puppy Medium Breed Chicken\u00a0<\/strong><\/p>\n<p>Nasa jedinstvena medium puppy formula je stvorena kako bi obezbedila optimalnu telesnu kondiciju i pomogla pravilan rast i razvoj.<\/p>\n<p>Namenjena je za \u0161tenad srednjih rasa u porastu, starosti od 1-12 meseci (koji kao odrasli te\u017ee 10-25kg)<\/p>\n<p><strong>Prednosti ove formule:<\/strong><\/p>\n<ul>\n<li>DHA koja poma\u017ee \u0161tencima da brze u\u010de i da lak\u0161e pamte<\/li>\n<li>Kalcijum za pravilan razvoj kostiju<\/li>\n<li>Prebiotici FOS, MOS i pulpa repe za podr\u0161ku zdravom varenju<\/li>\n<li>Prirodni izvori omega 3 i omega 6 za zdravu ko\u017eu i dlaku<\/li>\n<li>Poseban oblik granule zajedno sa Denta Defense tehnologijom za odr\u017eavanije zdravih i \u010distih zuba<\/li>\n<\/ul>\n<p><strong>Sastav:<\/strong><br \/>\nSu\u0161ena piletina i \u0107uretina (24% uklju\u010duju\u0107i piletinu 14%), prirodni izvor glukozamina (hondroitin sulfata i taurina), sve\u017ea piletina (15%), kukuruz, p\u0161enica, \u017eivinska mast, riblje brasno (prirodni izvor omega-3 m k.), pirina\u010d, je\u010dam, su\u0161ena pulpa cvekle (3%), kukuruzna krupica, pileci sos, su\u0161eno celo jaje, minerali (uklju\u010duju\u0107i natrijum heksametafosfat 0,35%), riblie ulje (prirodni izvor omega-3 m k.), pivski su\u0161eni kvasac (prirodni izvor B-vitamina i selena), FOS (0,25%, prirodni prebiotik), MOS (prirodni prebiotik).<\/p>\n<p>Serve food in dry form with available fresh water.<br \/>\nFor your pet&#039;s health, consult a veterinarian regularly.<\/p>\n<p>Proizvod \u010duvati na suvom, hladnom i tamnom mestu.<\/p>\n<p>Proizvo\u0111a\u010d: Mars Inc.<br \/>\nZemlja porekla: Holandija<\/p>\n\n    <div class=\"xs_social_share_widget xs_share_url after_content \t\tmain_content  wslu-style-1 wslu-share-box-shaped wslu-fill-colored wslu-none wslu-share-horizontal wslu-theme-font-no wslu-main_content\">\n\n\t\t\n        <ul>\n\t\t\t        <\/ul>\n    <\/div>","protected":false},"excerpt":{"rendered":"<p>Eukanuba Dog Puppy Medium Breed namenjena je za \u0161tenad srednjih rasa u porastu, starosti od 1-12 meseci (koji kao odrasli te\u017ee 10-25kg)<\/p>","protected":false},"featured_media":22819,"comment_status":"open","ping_status":"closed","template":"","meta":{"_acf_changed":false},"pwb-brand":[586],"product_cat":[47,48,49],"product_tag":[],"class_list":{"0":"post-16471","1":"product","2":"type-product","3":"status-publish","4":"has-post-thumbnail","6":"pwb-brand-eukanuba-hrana-za-pse","7":"product_cat-psi","8":"product_cat-hrana-za-pse","9":"product_cat-granule-za-pse","11":"first","12":"instock","13":"taxable","14":"shipping-taxable","15":"purchasable","16":"product-type-variable","17":"has-default-attributes"},"acf":[],"brands":[{"id":586,"name":"Eukanuba","slug":"eukanuba-hrana-za-pse"}],"_links":{"self":[{"href":"https:\/\/pawz.rs\/en\/wp-json\/wp\/v2\/product\/16471","targetHints":{"allow":["GET"]}}],"collection":[{"href":"https:\/\/pawz.rs\/en\/wp-json\/wp\/v2\/product"}],"about":[{"href":"https:\/\/pawz.rs\/en\/wp-json\/wp\/v2\/types\/product"}],"replies":[{"embeddable":true,"href":"https:\/\/pawz.rs\/en\/wp-json\/wp\/v2\/comments?post=16471"}],"wp:featuredmedia":[{"embeddable":true,"href":"https:\/\/pawz.rs\/en\/wp-json\/wp\/v2\/media\/22819"}],"wp:attachment":[{"href":"https:\/\/pawz.rs\/en\/wp-json\/wp\/v2\/media?parent=16471"}],"wp:term":[{"taxonomy":"pwb-brand","embeddable":true,"href":"https:\/\/pawz.rs\/en\/wp-json\/wp\/v2\/pwb-brand?post=16471"},{"taxonomy":"product_cat","embeddable":true,"href":"https:\/\/pawz.rs\/en\/wp-json\/wp\/v2\/product_cat?post=16471"},{"taxonomy":"product_tag","embeddable":true,"href":"https:\/\/pawz.rs\/en\/wp-json\/wp\/v2\/product_tag?post=16471"}],"curies":[{"name":"wp","href":"https:\/\/api.w.org\/{rel}","templated":true}]}}