{"id":16476,"date":"2023-05-24T18:10:28","date_gmt":"2023-05-24T16:10:28","guid":{"rendered":"https:\/\/pawz.rs\/?post_type=product&#038;p=16476"},"modified":"2026-01-27T08:27:12","modified_gmt":"2026-01-27T07:27:12","slug":"eukanuba-dog-puppy-large-breed-chicken","status":"publish","type":"product","link":"https:\/\/pawz.rs\/en\/eukanuba-dog-puppy-large-breed-chicken\/","title":{"rendered":"Eukanuba Dog Puppy Large Breed Chicken"},"content":{"rendered":"<p><strong>Eukanuba Dog Puppy Large Breed Chicken\u00a0<\/strong><\/p>\n<p>Nasa jedinstvena large puppy receptura je napraviiena za razvoj pravilne telesne konstitucije i za podr\u0161ku pravilnom rastu i razvoju. Za \u0161tenad velikih rasa, starosti od 1-12 meseci ( kao odrasli psi te\u017ee 25 &#8211; 40kg).<\/p>\n<p>Za \u0161tenad gigantskih rasa (\u010dija TM odraslih pasa prelazi 40kg). Starosti 1-14 meseci.<\/p>\n<p><strong>Prednosti ove formule:<\/strong><\/p>\n<ul>\n<li>DHA koja poma\u017ee \u0161tencima da brze u\u010de i da lak\u0161e pamte<\/li>\n<li>Kalcijum za pravilan razvoj kostiju<\/li>\n<li>Prebiotici FOS, MOS i pulpa repe za podr\u0161ku zdravom varenju<\/li>\n<li>Antioksidansi, vitamin E i C kao podr\u0161ka razvoju imuniteta<\/li>\n<li>Prirodni izvori omega 3 i omega 6 masne kiseline- za zravu ko\u017eu i dlaku<\/li>\n<\/ul>\n<p><strong>Sastav:<\/strong><br \/>\nSve\u017ea piletina (20%), su\u0161ena piletina i \u0107uretina 15% (uklju\u010duju\u0107i 9% piletine &#8211; prirodan izvor glukozamina, hondroitn sulfata i taurina), kukuruzna krupica, kukuruz, p\u0161enica, riblji obrok (prirodan izvor omega 3 m.k.), pirina\u010d, je\u010dam, pileca mast, su\u0161eno celo jaje, pileci nadev, su\u0161ena pulpa repe (2,3%), minerali, riblie ulje (prirodan izvor omega3 m k.), suvi pivski kvasac (izvor vitamina B i selena), FOS (0,24% prirodni prebiotik), MOS (prirodni prebiotik).<\/p>\n<p>Serve food in dry form with available fresh water.<br \/>\nFor your pet&#039;s health, consult a veterinarian regularly.<\/p>\n<p>Proizvod \u010duvati na suvom, hladnom i tamnom mestu.<\/p>\n<p>Proizvo\u0111a\u010d: Mars Inc.<br \/>\nZemlja porekla: Holandija<\/p>\n\n    <div class=\"xs_social_share_widget xs_share_url after_content \t\tmain_content  wslu-style-1 wslu-share-box-shaped wslu-fill-colored wslu-none wslu-share-horizontal wslu-theme-font-no wslu-main_content\">\n\n\t\t\n        <ul>\n\t\t\t        <\/ul>\n    <\/div>","protected":false},"excerpt":{"rendered":"<p>Eukanuba Dog Puppy Large Breed namenjena je za \u0161tenad velikih rasa, starosti od 1-12 meseci ( kao odrasli psi te\u017ee 25 &#8211; 40kg), za \u0161tenad gigantskih rasa (\u010dija telesna masa odraslih pasa prelazi 40kg) starosti od 1-14 meseci.<\/p>","protected":false},"featured_media":22801,"comment_status":"open","ping_status":"closed","template":"","meta":{"_acf_changed":false},"pwb-brand":[586],"product_cat":[49,48,47],"product_tag":[],"class_list":{"0":"post-16476","1":"product","2":"type-product","3":"status-publish","4":"has-post-thumbnail","6":"pwb-brand-eukanuba-hrana-za-pse","7":"product_cat-granule-za-pse","8":"product_cat-hrana-za-pse","9":"product_cat-psi","11":"first","12":"outofstock","13":"taxable","14":"shipping-taxable","15":"purchasable","16":"product-type-variable","17":"has-default-attributes"},"acf":[],"brands":[{"id":586,"name":"Eukanuba","slug":"eukanuba-hrana-za-pse"}],"_links":{"self":[{"href":"https:\/\/pawz.rs\/en\/wp-json\/wp\/v2\/product\/16476","targetHints":{"allow":["GET"]}}],"collection":[{"href":"https:\/\/pawz.rs\/en\/wp-json\/wp\/v2\/product"}],"about":[{"href":"https:\/\/pawz.rs\/en\/wp-json\/wp\/v2\/types\/product"}],"replies":[{"embeddable":true,"href":"https:\/\/pawz.rs\/en\/wp-json\/wp\/v2\/comments?post=16476"}],"wp:featuredmedia":[{"embeddable":true,"href":"https:\/\/pawz.rs\/en\/wp-json\/wp\/v2\/media\/22801"}],"wp:attachment":[{"href":"https:\/\/pawz.rs\/en\/wp-json\/wp\/v2\/media?parent=16476"}],"wp:term":[{"taxonomy":"pwb-brand","embeddable":true,"href":"https:\/\/pawz.rs\/en\/wp-json\/wp\/v2\/pwb-brand?post=16476"},{"taxonomy":"product_cat","embeddable":true,"href":"https:\/\/pawz.rs\/en\/wp-json\/wp\/v2\/product_cat?post=16476"},{"taxonomy":"product_tag","embeddable":true,"href":"https:\/\/pawz.rs\/en\/wp-json\/wp\/v2\/product_tag?post=16476"}],"curies":[{"name":"wp","href":"https:\/\/api.w.org\/{rel}","templated":true}]}}