{"id":16486,"date":"2023-05-24T19:05:33","date_gmt":"2023-05-24T17:05:33","guid":{"rendered":"https:\/\/pawz.rs\/?post_type=product&#038;p=16486"},"modified":"2026-01-27T08:27:06","modified_gmt":"2026-01-27T07:27:06","slug":"eukanuba-dog-adult-large-breed-chicken","status":"publish","type":"product","link":"https:\/\/pawz.rs\/en\/eukanuba-dog-adult-large-breed-chicken\/","title":{"rendered":"Eukanuba Dog Adult Large Breed Chicken 18 kg"},"content":{"rendered":"<p><strong>Eukanuba Dog Adult Large Breed Chicken 18kg<\/strong><\/p>\n<p>Na\u0161a posebno napravijena Large Breed Adult receptura za podrsku optimalnoj telesnoj kondiciji i odr\u017eavanju zdrave i vitke muskulature i odr\u017eavanje nivoa energije.<\/p>\n<p>Za aktivne pse velikih rasa starosti od 18 meseci do 6 godina (koji kao odrasli dosti\u017eu TM 25-40kg). Za gigantske rase starosti 2-5 godina (koji kao odrasli dosti\u017eu TM &gt;40kg).<\/p>\n<p><strong>Prednosti ove formule:<\/strong><\/p>\n<ul>\n<li>L-karnitin ubrzava metabolizam masti<\/li>\n<li>Kalcijum i glukozamin kao podr\u0161ka zdravim kostima i zglobovima<\/li>\n<li>Prebiotici FOS, MOS i pulpa repe podr\u017eavaju pravilno varenje<\/li>\n<li>Antioksidansi, vitamin E i C koji pospe\u0161uju imunitet<\/li>\n<li>Prirodni izvori omega 3 i omega 6 masne kiseline- za zravu ko\u017eu i dlaku<\/li>\n<li>Specijalan oblik granule sa posebnom DentaDefense tehnologijom za zdrave i \u010diste zube<\/li>\n<\/ul>\n<p><strong>Sastav:<\/strong><br \/>\nSu\u0161ena piletina i \u0107uretina 18% (uklju\u010duju\u0107i 11% piletine), sve\u017ea piletina 18%, kukuruz, p\u0161enica, mast \u017eivine, ovas, je\u010dam, sirak, su\u0161ena pulpa repe (2,5%), pile\u0107i nadev, riblji obrok, kukuruzna krupica, minerali (uklju\u010duju\u0107i natrijum heksametafosfat 0,34%), su\u0161eno celo jaje, FOS 0,25%, suvi pivski kvasac, glukozamin\u00a0 (iz \u017eivotinjskih tkiva) 0,04%.<\/p>\n<p>Serve food in dry form with available fresh water.<br \/>\nFor your pet&#039;s health, consult a veterinarian regularly.<\/p>\n<p>Proizvod \u010duvati na suvom, hladnom i tamnom mestu.<\/p>\n<p>Proizvo\u0111a\u010d: Mars Inc.<br \/>\nZemlja porekla: Holandija<\/p>\n\n    <div class=\"xs_social_share_widget xs_share_url after_content \t\tmain_content  wslu-style-1 wslu-share-box-shaped wslu-fill-colored wslu-none wslu-share-horizontal wslu-theme-font-no wslu-main_content\">\n\n\t\t\n        <ul>\n\t\t\t        <\/ul>\n    <\/div>","protected":false},"excerpt":{"rendered":"<p>Eukanuba Dog Adult Large Breed namenjena je aktivnim psima velikih rasa starosti od 18 meseci do 6 godina (koji kao odrasli dosti\u017eu TM 25-40kg). Za gigantske rase starosti 2-5 godina (koji kao odrasli dosti\u017eu TM &gt;40kg).<\/p>","protected":false},"featured_media":22811,"comment_status":"open","ping_status":"closed","template":"","meta":{"_acf_changed":false},"pwb-brand":[586],"product_cat":[47,48,49],"product_tag":[],"class_list":{"0":"post-16486","1":"product","2":"type-product","3":"status-publish","4":"has-post-thumbnail","6":"pwb-brand-eukanuba-hrana-za-pse","7":"product_cat-psi","8":"product_cat-hrana-za-pse","9":"product_cat-granule-za-pse","11":"first","12":"outofstock","13":"taxable","14":"shipping-taxable","15":"purchasable","16":"product-type-simple"},"acf":[],"brands":[{"id":586,"name":"Eukanuba","slug":"eukanuba-hrana-za-pse"}],"_links":{"self":[{"href":"https:\/\/pawz.rs\/en\/wp-json\/wp\/v2\/product\/16486","targetHints":{"allow":["GET"]}}],"collection":[{"href":"https:\/\/pawz.rs\/en\/wp-json\/wp\/v2\/product"}],"about":[{"href":"https:\/\/pawz.rs\/en\/wp-json\/wp\/v2\/types\/product"}],"replies":[{"embeddable":true,"href":"https:\/\/pawz.rs\/en\/wp-json\/wp\/v2\/comments?post=16486"}],"wp:featuredmedia":[{"embeddable":true,"href":"https:\/\/pawz.rs\/en\/wp-json\/wp\/v2\/media\/22811"}],"wp:attachment":[{"href":"https:\/\/pawz.rs\/en\/wp-json\/wp\/v2\/media?parent=16486"}],"wp:term":[{"taxonomy":"pwb-brand","embeddable":true,"href":"https:\/\/pawz.rs\/en\/wp-json\/wp\/v2\/pwb-brand?post=16486"},{"taxonomy":"product_cat","embeddable":true,"href":"https:\/\/pawz.rs\/en\/wp-json\/wp\/v2\/product_cat?post=16486"},{"taxonomy":"product_tag","embeddable":true,"href":"https:\/\/pawz.rs\/en\/wp-json\/wp\/v2\/product_tag?post=16486"}],"curies":[{"name":"wp","href":"https:\/\/api.w.org\/{rel}","templated":true}]}}