{"id":16489,"date":"2023-05-24T19:23:06","date_gmt":"2023-05-24T17:23:06","guid":{"rendered":"https:\/\/pawz.rs\/?post_type=product&#038;p=16489"},"modified":"2026-01-27T08:27:05","modified_gmt":"2026-01-27T07:27:05","slug":"eukanuba-dog-puppy-smallmedium-lambrice","status":"publish","type":"product","link":"https:\/\/pawz.rs\/en\/eukanuba-dog-puppy-smallmedium-lambrice\/","title":{"rendered":"Eukanuba Dog Puppy Small&amp;Medium Lamb&amp;Rice 2.5 kg"},"content":{"rendered":"<p><strong>Eukanuba Dog Puppy Small&amp;Medium Lamb&amp;Rice 2.5kg<\/strong><\/p>\n<p>Ova receptura sadr\u017ei jagnjetinu i pirina\u010d i savr\u0161ena je za \u0161tenad malih i srednjih rasa uzrasta od 1-12 meseci.<br \/>\nPosebno je preporu\u010dljiva za \u0161tence sa osetljivim stomakom.<br \/>\nPrilagodena me\u0161avina vlakana prebiotika i pulpe cvekle tako\u0111e promovi\u0161e zdravo varenje.<br \/>\nDodat i L-karnitin.<\/p>\n<p><strong>Prednosti ove formule:<\/strong><\/p>\n<ul>\n<li>DHA poma\u017ee \u0161tencima da u\u010de i da se lak\u0161e obu\u010davaju<\/li>\n<li>Kalcijum za rast i razvoj kostiju<\/li>\n<li>Prebiotici FOS, MOS i pulpa repe podr\u017eavaju pravilno varenje<\/li>\n<li>Kurkuma kao prirodni izvor antioksidanasa<\/li>\n<li>Prirodni izvori omega 3 i omega 6 masne kiseline- za zravu ko\u017eu i dlaku<\/li>\n<li>Specijalan oblik granule sa posebnom DentaDefense tehnologijom za zdrave i \u010diste zube<\/li>\n<\/ul>\n<p><strong>Sastav:<\/strong><br \/>\nSu\u0161ena piletina i \u0107uretina, jagnjetina (14%), pirina\u010d (14%), kukuruz, sirak, su\u0161eno celo jaje, riblje brasno, svinjska mast, su\u0161ena pulpa cvekle (2,6%), pileci sos, riblje ulje, minerali (uklju\u010duju\u0107i natrijum heksametafosfat 0,35%), fruktooligosaharidi (0,25%), mananoligosaharidi (0,13%), kurkuma (0,1%), pivski su\u0161eni kvasac.<\/p>\n<p>Serve food in dry form with available fresh water.<br \/>\nFor your pet&#039;s health, consult a veterinarian regularly.<\/p>\n<p>Proizvod \u010duvati na suvom, hladnom i tamnom mestu.<\/p>\n<p>Proizvo\u0111a\u010d: Mars Inc.<br \/>\nZemlja porekla: Holandija<\/p>\n\n    <div class=\"xs_social_share_widget xs_share_url after_content \t\tmain_content  wslu-style-1 wslu-share-box-shaped wslu-fill-colored wslu-none wslu-share-horizontal wslu-theme-font-no wslu-main_content\">\n\n\t\t\n        <ul>\n\t\t\t        <\/ul>\n    <\/div>","protected":false},"excerpt":{"rendered":"<p>Eukanuba Dog Puppy Small&amp;Medium Lamb&amp;Rice namenjena je za \u0161tenad malih i srednjih rasa uzrasta od 1-12 meseci, a posebno je preporu\u010dljiva za \u0161tence sa osetljivim stomakom.<\/p>","protected":false},"featured_media":16454,"comment_status":"open","ping_status":"closed","template":"","meta":{"_acf_changed":false},"pwb-brand":[586],"product_cat":[49,48,47],"product_tag":[],"class_list":{"0":"post-16489","1":"product","2":"type-product","3":"status-publish","4":"has-post-thumbnail","6":"pwb-brand-eukanuba-hrana-za-pse","7":"product_cat-granule-za-pse","8":"product_cat-hrana-za-pse","9":"product_cat-psi","11":"first","12":"outofstock","13":"taxable","14":"shipping-taxable","15":"purchasable","16":"product-type-simple"},"acf":[],"brands":[{"id":586,"name":"Eukanuba","slug":"eukanuba-hrana-za-pse"}],"_links":{"self":[{"href":"https:\/\/pawz.rs\/en\/wp-json\/wp\/v2\/product\/16489","targetHints":{"allow":["GET"]}}],"collection":[{"href":"https:\/\/pawz.rs\/en\/wp-json\/wp\/v2\/product"}],"about":[{"href":"https:\/\/pawz.rs\/en\/wp-json\/wp\/v2\/types\/product"}],"replies":[{"embeddable":true,"href":"https:\/\/pawz.rs\/en\/wp-json\/wp\/v2\/comments?post=16489"}],"wp:featuredmedia":[{"embeddable":true,"href":"https:\/\/pawz.rs\/en\/wp-json\/wp\/v2\/media\/16454"}],"wp:attachment":[{"href":"https:\/\/pawz.rs\/en\/wp-json\/wp\/v2\/media?parent=16489"}],"wp:term":[{"taxonomy":"pwb-brand","embeddable":true,"href":"https:\/\/pawz.rs\/en\/wp-json\/wp\/v2\/pwb-brand?post=16489"},{"taxonomy":"product_cat","embeddable":true,"href":"https:\/\/pawz.rs\/en\/wp-json\/wp\/v2\/product_cat?post=16489"},{"taxonomy":"product_tag","embeddable":true,"href":"https:\/\/pawz.rs\/en\/wp-json\/wp\/v2\/product_tag?post=16489"}],"curies":[{"name":"wp","href":"https:\/\/api.w.org\/{rel}","templated":true}]}}