{"id":16490,"date":"2023-05-24T19:37:01","date_gmt":"2023-05-24T17:37:01","guid":{"rendered":"https:\/\/pawz.rs\/?post_type=product&#038;p=16490"},"modified":"2026-01-27T08:27:04","modified_gmt":"2026-01-27T07:27:04","slug":"eukanuba-dog-adult-smallmedium-lambrice","status":"publish","type":"product","link":"https:\/\/pawz.rs\/en\/eukanuba-dog-adult-smallmedium-lambrice\/","title":{"rendered":"Eukanuba Dog Adult Small&amp;Medium Lamb&amp;Rice 2.5 kg"},"content":{"rendered":"<p><strong>Eukanuba Dog Adult Small&amp;Medium Lamb&amp;Rice 2.5kg<\/strong><\/p>\n<p>Adult lamb&amp;rice je bogata jagnjetinom i savr\u0161ena je za aktivne odrasle pse malih i srednjih rasa. Posebno je pogodna za pse sa osetljivim stomakom, jer sadr\u017ei pirina\u010d i kombinaciju prebiotika i pulpe cvekle koji promovi\u0161u zdravo varenje. Piletina pru\u017ea jos jedan izvor proteina pored jagnjetine, poma\u017eu\u0107i psima da izgrade jake, vitke mi\u0161i\u0107e.<\/p>\n<p>Ova formula tako\u0111e sadr\u017ei L-karnitin, za smanjenje telesne mase.<\/p>\n<p><strong>Prednosti ove formule:<\/strong><\/p>\n<ul>\n<li>L-karnitin ubrzava metabolizam masti<\/li>\n<li>Veliki udeo jagnjetine koja je izvor kvalitetnih proteina u odr\u017eavanju sna\u017enih i elasti\u010dnih mi\u0161i\u0107a<\/li>\n<li>Prebiotici FOS, MOS i pulpa repe podr\u017eavaju pravilno varenje<\/li>\n<li>Kurkuma kao prirodni izvor antioksidanasa<\/li>\n<li>Prirodni izvori omega 3 i omega 6 masne kiseline- za zravu ko\u017eu i dlaku<\/li>\n<li>Specijalan oblik granule sa posebnom DentaDefense tehnologijom za zdrave i \u010diste zube<\/li>\n<\/ul>\n<p><strong>Sastav:<\/strong><br \/>\nSu\u0161ena piletina i \u0107uretina (prirodni izvor glukozamina 207 mg\/kg), jagnjetina 14%, pirina\u010d 14%, kukuruz, sirak, je\u010dam, svinjska mast, su\u0161eno celo jaje, riblje bra\u0161no, su\u0161ena pulpa cvekle 2,6%, pile\u0107i sos, minerali (natrijum heksametafosfat 0,35%), fruktooligosaharidi (0,25%), mananoligosaharidi (0,13%), kurkuma (0,1%).<\/p>\n<p>Serve food in dry form with available fresh water.<br \/>\nFor your pet&#039;s health, consult a veterinarian regularly.<\/p>\n<p>Proizvod \u010duvati na suvom, hladnom i tamnom mestu.<\/p>\n<p>Proizvo\u0111a\u010d: Mars Inc.<br \/>\nZemlja porekla: Holandija<\/p>\n\n    <div class=\"xs_social_share_widget xs_share_url after_content \t\tmain_content  wslu-style-1 wslu-share-box-shaped wslu-fill-colored wslu-none wslu-share-horizontal wslu-theme-font-no wslu-main_content\">\n\n\t\t\n        <ul>\n\t\t\t        <\/ul>\n    <\/div>","protected":false},"excerpt":{"rendered":"<p>Eukanuba Dog Adult Small&amp;Medium Lamb&amp;Rice namenjena je za odrasle aktivne pse malih i srednjih rasa, a posebno je pogodna za pse sa osetljivim stomakom.<\/p>","protected":false},"featured_media":16461,"comment_status":"open","ping_status":"closed","template":"","meta":{"_acf_changed":false},"pwb-brand":[586],"product_cat":[49,48,47],"product_tag":[],"class_list":{"0":"post-16490","1":"product","2":"type-product","3":"status-publish","4":"has-post-thumbnail","6":"pwb-brand-eukanuba-hrana-za-pse","7":"product_cat-granule-za-pse","8":"product_cat-hrana-za-pse","9":"product_cat-psi","11":"first","12":"outofstock","13":"taxable","14":"shipping-taxable","15":"purchasable","16":"product-type-simple"},"acf":[],"brands":[{"id":586,"name":"Eukanuba","slug":"eukanuba-hrana-za-pse"}],"_links":{"self":[{"href":"https:\/\/pawz.rs\/en\/wp-json\/wp\/v2\/product\/16490","targetHints":{"allow":["GET"]}}],"collection":[{"href":"https:\/\/pawz.rs\/en\/wp-json\/wp\/v2\/product"}],"about":[{"href":"https:\/\/pawz.rs\/en\/wp-json\/wp\/v2\/types\/product"}],"replies":[{"embeddable":true,"href":"https:\/\/pawz.rs\/en\/wp-json\/wp\/v2\/comments?post=16490"}],"wp:featuredmedia":[{"embeddable":true,"href":"https:\/\/pawz.rs\/en\/wp-json\/wp\/v2\/media\/16461"}],"wp:attachment":[{"href":"https:\/\/pawz.rs\/en\/wp-json\/wp\/v2\/media?parent=16490"}],"wp:term":[{"taxonomy":"pwb-brand","embeddable":true,"href":"https:\/\/pawz.rs\/en\/wp-json\/wp\/v2\/pwb-brand?post=16490"},{"taxonomy":"product_cat","embeddable":true,"href":"https:\/\/pawz.rs\/en\/wp-json\/wp\/v2\/product_cat?post=16490"},{"taxonomy":"product_tag","embeddable":true,"href":"https:\/\/pawz.rs\/en\/wp-json\/wp\/v2\/product_tag?post=16490"}],"curies":[{"name":"wp","href":"https:\/\/api.w.org\/{rel}","templated":true}]}}