{"id":16495,"date":"2023-05-25T15:27:38","date_gmt":"2023-05-25T13:27:38","guid":{"rendered":"https:\/\/pawz.rs\/?post_type=product&#038;p=16495"},"modified":"2026-01-27T08:27:04","modified_gmt":"2026-01-27T07:27:04","slug":"eukanuba-dog-mature-small-chicken","status":"publish","type":"product","link":"https:\/\/pawz.rs\/en\/eukanuba-dog-mature-small-chicken\/","title":{"rendered":"Eukanuba Dog Mature Small Chicken 2kg"},"content":{"rendered":"<p><strong>Eukanuba Dog Mature Small Chicken 2kg<\/strong><\/p>\n<p>Eukanuba mature small breed je bogata sve\u017eom piletinom i savr\u0161ena je za male pse uzrasta od 8 do 11 godina.<\/p>\n<p>Ova receptura je prilago\u0111ena tako da omogu\u0107i zdravo starenje va\u0111eg zrelog psa. L-karnitin omogu\u0107ava smanjenje telesne masti i odr\u017eanje optimaine tezine \u0161to rezultira manjim optere\u0107enjem zglobova, a glukozamin i kalcijum u formuli daju potporu ko\u0161tano zglobnom sistemu.<\/p>\n<p>FOS, MOS u kombinaciji sa pulpom cvekle poma\u017eu zdravo varenje.<\/p>\n<p><strong>Prednosti ove formule:<\/strong><\/p>\n<ul>\n<li>L-karnitin ubrzava metabolizam masti<\/li>\n<li>Glukozamin za odr\u017eavanje zdravlja zglobova i kalcijum za jake kosti<\/li>\n<li>Prebiotici FOS, MOS i pulpa repe odr\u017eavaju pravilno varenje<\/li>\n<li>Antioksidansi, vitamin E i C koji pospe\u0161uju imunitet<\/li>\n<li>Prirodni izvori omega 3 i omega 6 masne kiseline- za zravu ko\u017eu i dlaku<\/li>\n<li>Specijalan oblik granule sa posebnom DentaDefense tehnologijom za zdrave i \u010diste zube<\/li>\n<\/ul>\n<p><strong>Sastav:<\/strong><br \/>\nSu\u0161ena piletina i \u0107uretina 25% (uklju\u010duju\u0107i 15% piletine-izvor glukozamina, hondroitin sulfata i taurina), sve\u017ea piletina 16%, kukuruz, p\u0161enica, mast \u017eivine, ovas, je\u010dam, sirak, su\u0161ena pulpa cvekle (3,5%), pile\u0107i sos, riblje bra\u0161no, minerali (uklju\u010duju\u0107i natrijum heksametafosfat 0,34%), su\u0161eno celo jaje, FOS 0,38% (prirodni prebiotik), glukozamin\u00a0 (iz \u017eivotinjskih tkiva) 0,04%.<\/p>\n<p>Serve food in dry form with available fresh water.<br \/>\nFor your pet&#039;s health, consult a veterinarian regularly.<\/p>\n<p>Proizvod \u010duvati na suvom, hladnom i tamnom mestu.<\/p>\n<p>Proizvo\u0111a\u010d: Mars Inc.<br \/>\nZemlja porekla: Holandija<\/p>\n\n    <div class=\"xs_social_share_widget xs_share_url after_content \t\tmain_content  wslu-style-1 wslu-share-box-shaped wslu-fill-colored wslu-none wslu-share-horizontal wslu-theme-font-no wslu-main_content\">\n\n\t\t\n        <ul>\n\t\t\t        <\/ul>\n    <\/div>","protected":false},"excerpt":{"rendered":"<p>Eukanuba mature small breed je hrana namenjena za starije pse malih rasa uzrasta od 8 do 11 godina.<\/p>","protected":false},"featured_media":22814,"comment_status":"open","ping_status":"closed","template":"","meta":{"_acf_changed":false},"pwb-brand":[586],"product_cat":[49,48,47],"product_tag":[],"class_list":{"0":"post-16495","1":"product","2":"type-product","3":"status-publish","4":"has-post-thumbnail","6":"pwb-brand-eukanuba-hrana-za-pse","7":"product_cat-granule-za-pse","8":"product_cat-hrana-za-pse","9":"product_cat-psi","11":"first","12":"outofstock","13":"taxable","14":"shipping-taxable","15":"purchasable","16":"product-type-simple"},"acf":[],"brands":[{"id":586,"name":"Eukanuba","slug":"eukanuba-hrana-za-pse"}],"_links":{"self":[{"href":"https:\/\/pawz.rs\/en\/wp-json\/wp\/v2\/product\/16495","targetHints":{"allow":["GET"]}}],"collection":[{"href":"https:\/\/pawz.rs\/en\/wp-json\/wp\/v2\/product"}],"about":[{"href":"https:\/\/pawz.rs\/en\/wp-json\/wp\/v2\/types\/product"}],"replies":[{"embeddable":true,"href":"https:\/\/pawz.rs\/en\/wp-json\/wp\/v2\/comments?post=16495"}],"wp:featuredmedia":[{"embeddable":true,"href":"https:\/\/pawz.rs\/en\/wp-json\/wp\/v2\/media\/22814"}],"wp:attachment":[{"href":"https:\/\/pawz.rs\/en\/wp-json\/wp\/v2\/media?parent=16495"}],"wp:term":[{"taxonomy":"pwb-brand","embeddable":true,"href":"https:\/\/pawz.rs\/en\/wp-json\/wp\/v2\/pwb-brand?post=16495"},{"taxonomy":"product_cat","embeddable":true,"href":"https:\/\/pawz.rs\/en\/wp-json\/wp\/v2\/product_cat?post=16495"},{"taxonomy":"product_tag","embeddable":true,"href":"https:\/\/pawz.rs\/en\/wp-json\/wp\/v2\/product_tag?post=16495"}],"curies":[{"name":"wp","href":"https:\/\/api.w.org\/{rel}","templated":true}]}}