{"id":16496,"date":"2023-05-25T15:41:37","date_gmt":"2023-05-25T13:41:37","guid":{"rendered":"https:\/\/pawz.rs\/?post_type=product&#038;p=16496"},"modified":"2026-01-27T08:27:11","modified_gmt":"2026-01-27T07:27:11","slug":"eukanuba-dog-puppy-sensitive-digestion","status":"publish","type":"product","link":"https:\/\/pawz.rs\/en\/eukanuba-dog-puppy-sensitive-digestion\/","title":{"rendered":"Eukanuba Dog Puppy Sensitive Digestion"},"content":{"rendered":"<p><strong>Eukanuba Dog Puppy Sensitive Digestion\u00a0<\/strong><\/p>\n<p>Ova receptura sa sve\u017eom piletinom i pirin\u010dem je specijalno kreirana za \u0161tenad sa osetljivim stomakom. Ova dijeta predstavija alternativu za \u0161tence sa posebnim potrebama u ishrani.<\/p>\n<p>Formula sa prebioticima FOS &amp; MOS, kao i butiratom i pulpom cvekle poma\u017ee prirodnu ravnote\u017eu crevne mikroflore i optimizuje apsorpciju hranljivih materija. Prirodni izvor omega 6 i 3 za zdravu ko\u017eu i dlaku, dok kalcijum omogu\u0107ava razvoj jakih kostiju.<\/p>\n<p>Jo\u0161 jedna va\u017ena komponenta je DHA &#8211; polinezasi\u0107ena masna kiselina doprinosi zdravom razvoju pasa, podr\u017eava obuku i poma\u017ee im da uce.<\/p>\n<p><strong>Prednosti ove formule:<\/strong><\/p>\n<ul>\n<li>Formula koja poma\u017ee prirodni balans crevne mikroflore i pospe\u0161uje iskoris\u0107avanje hranjivih materija<\/li>\n<li>DHA za pravilan razvoj \u0161tenaca, br\u017ee u\u010denje i lak\u0161u obuku<\/li>\n<li>Prebiotici FOS, MOS, butirat i pulpa cvekle za bolje varenje<\/li>\n<li>Lako svarljiva formula sa pirin\u010dem<\/li>\n<li>Bez p\u0161enice (hrana se proizvodi u fabrici u kojoj se obra\u0111uju \u017eitarice)<\/li>\n<\/ul>\n<p><strong>Sastav:<\/strong><br \/>\nSu\u0161ena piletina i \u0107uretina (30% uklju\u010duju\u0107i piletinu 18%), beli pirina\u010d, kukuruz, sve\u017ea piletina (10%), \u017eivinska mast, su\u0161ena pulpa cvekle (3,9%), pileci sos, su\u0161eno celo jaje, riblje bra\u0161no, minerali, riblje ulje, fruktooligosaharidi (1%), pivski su\u0161eni kvasac, laneno seme, mananoligosaharidi (0,13%), mikrokapsulirani natrijum butirat (0,1%).<\/p>\n<p>Serve food in dry form with available fresh water.<br \/>\nFor your pet&#039;s health, consult a veterinarian regularly.<\/p>\n<p>Proizvod \u010duvati na suvom, hladnom i tamnom mestu.<\/p>\n<p>Proizvo\u0111a\u010d: Mars Inc.<br \/>\nZemlja porekla: Holandija<\/p>\n\n    <div class=\"xs_social_share_widget xs_share_url after_content \t\tmain_content  wslu-style-1 wslu-share-box-shaped wslu-fill-colored wslu-none wslu-share-horizontal wslu-theme-font-no wslu-main_content\">\n\n\t\t\n        <ul>\n\t\t\t        <\/ul>\n    <\/div>","protected":false},"excerpt":{"rendered":"<p>Eukanuba Dog Puppy Sensitive Digestion je hrana namenjena za \u0161tenad sa osetljivim stomakom.<\/p>","protected":false},"featured_media":16457,"comment_status":"open","ping_status":"closed","template":"","meta":{"_acf_changed":false},"pwb-brand":[586],"product_cat":[47,48,49],"product_tag":[],"class_list":{"0":"post-16496","1":"product","2":"type-product","3":"status-publish","4":"has-post-thumbnail","6":"pwb-brand-eukanuba-hrana-za-pse","7":"product_cat-psi","8":"product_cat-hrana-za-pse","9":"product_cat-granule-za-pse","11":"first","12":"outofstock","13":"taxable","14":"shipping-taxable","15":"purchasable","16":"product-type-variable","17":"has-default-attributes"},"acf":[],"brands":[{"id":586,"name":"Eukanuba","slug":"eukanuba-hrana-za-pse"}],"_links":{"self":[{"href":"https:\/\/pawz.rs\/en\/wp-json\/wp\/v2\/product\/16496","targetHints":{"allow":["GET"]}}],"collection":[{"href":"https:\/\/pawz.rs\/en\/wp-json\/wp\/v2\/product"}],"about":[{"href":"https:\/\/pawz.rs\/en\/wp-json\/wp\/v2\/types\/product"}],"replies":[{"embeddable":true,"href":"https:\/\/pawz.rs\/en\/wp-json\/wp\/v2\/comments?post=16496"}],"wp:featuredmedia":[{"embeddable":true,"href":"https:\/\/pawz.rs\/en\/wp-json\/wp\/v2\/media\/16457"}],"wp:attachment":[{"href":"https:\/\/pawz.rs\/en\/wp-json\/wp\/v2\/media?parent=16496"}],"wp:term":[{"taxonomy":"pwb-brand","embeddable":true,"href":"https:\/\/pawz.rs\/en\/wp-json\/wp\/v2\/pwb-brand?post=16496"},{"taxonomy":"product_cat","embeddable":true,"href":"https:\/\/pawz.rs\/en\/wp-json\/wp\/v2\/product_cat?post=16496"},{"taxonomy":"product_tag","embeddable":true,"href":"https:\/\/pawz.rs\/en\/wp-json\/wp\/v2\/product_tag?post=16496"}],"curies":[{"name":"wp","href":"https:\/\/api.w.org\/{rel}","templated":true}]}}