{"id":16504,"date":"2023-05-25T16:27:50","date_gmt":"2023-05-25T14:27:50","guid":{"rendered":"https:\/\/pawz.rs\/?post_type=product&#038;p=16504"},"modified":"2026-01-27T08:27:11","modified_gmt":"2026-01-27T07:27:11","slug":"eukanuba-dog-adult-mono-protein-salmon","status":"publish","type":"product","link":"https:\/\/pawz.rs\/en\/eukanuba-dog-adult-mono-protein-salmon\/","title":{"rendered":"Eukanuba Dog Adult Mono Protein Salmon"},"content":{"rendered":"<p><strong>Eukanuba Dog Adult Mono Protein Salmon\u00a0<\/strong><\/p>\n<p>Eukanuba Daily Care mono-protein losos je visokokvalitetna hrana za odrasle pse sa puno ribe kao jedinog izvora \u017eivotinjskih proteina.<\/p>\n<p>Losos obezbe\u0111uje najkvalitetnije gradivne proteine za odr\u017eavanje izgradnju i odr\u017eavanje mi\u0161i\u0107a. Ova receptura sa lososom kao jedinim proteinom je idealna kao eliminaciona dijeta. Losos je i izvor kvalitetnih omega 3 i 6 masnih kiselina, koje pospe\u0161uju kvalitet i ubrzavaju oporavak dlake i ko\u017ee. Slatki krompir je svarljiv izvor uglienih hidrata i drugih hranjivih materija, bez glutena i sa niskim glikemijskim indeksom.<\/p>\n<p><strong>Prednosti ove formule:<\/strong><\/p>\n<ul>\n<li>Sve\u017ee zamrznuti losos u velikom procentu za gipkost mi\u0161ica<\/li>\n<li>Mono dijeta &#8211; svi sastoicisu samo od lososa<\/li>\n<li>Prebiotici FOS i MOS u kombinaciji sa pulpom cvekle za zdravo varenje<\/li>\n<li>Izbalansirani nivoi kalcijuma za podr\u0161ku zdravom ko\u0161tanom sistemu<\/li>\n<li>Antioksidansi i vitamini za ja\u010di imuni sistem<\/li>\n<li>BEZGLUTENSKA dijeta sa batatom kao izvorom minerala i vlakana i niskim glikemijskim indeksom<\/li>\n<\/ul>\n<p><strong>Sastav:<\/strong><br \/>\nSve\u017ee smrznuti losos (18%), bra\u0161no od lososa (18%), krompir, ceo gra\u0161ak, slatki krompir (11%), skrob od gra\u0161ka, lososovo ulje (3,2%), su\u0161ena pulpa \u0161e\u0107erne repe (3%), s0s od lososa (2%), suncokretovo ulje, frukto-oligosaharidi (0,25%, prirodni prebiotik), manan-oligosaharidi (0,15%, prirodni prebiotik), minerali.<\/p>\n<p>Serve food in dry form with available fresh water.<br \/>\nFor your pet&#039;s health, consult a veterinarian regularly.<\/p>\n<p>Proizvod \u010duvati na suvom, hladnom i tamnom mestu.<\/p>\n<p>Proizvo\u0111a\u010d: Mars Inc.<br \/>\nZemlja porekla: Holandija<\/p>\n\n    <div class=\"xs_social_share_widget xs_share_url after_content \t\tmain_content  wslu-style-1 wslu-share-box-shaped wslu-fill-colored wslu-none wslu-share-horizontal wslu-theme-font-no wslu-main_content\">\n\n\t\t\n        <ul>\n\t\t\t        <\/ul>\n    <\/div>","protected":false},"excerpt":{"rendered":"<p>Eukanuba Daily Care mono-protein losos je visokokvalitetna hrana za odrasle pse sa puno ribe kao jedinog izvora \u017eivotinjskih proteina.<\/p>","protected":false},"featured_media":16453,"comment_status":"open","ping_status":"closed","template":"","meta":{"_acf_changed":false},"pwb-brand":[586],"product_cat":[47,48,49],"product_tag":[],"class_list":{"0":"post-16504","1":"product","2":"type-product","3":"status-publish","4":"has-post-thumbnail","6":"pwb-brand-eukanuba-hrana-za-pse","7":"product_cat-psi","8":"product_cat-hrana-za-pse","9":"product_cat-granule-za-pse","11":"first","12":"outofstock","13":"taxable","14":"shipping-taxable","15":"purchasable","16":"product-type-variable","17":"has-default-attributes"},"acf":[],"brands":[{"id":586,"name":"Eukanuba","slug":"eukanuba-hrana-za-pse"}],"_links":{"self":[{"href":"https:\/\/pawz.rs\/en\/wp-json\/wp\/v2\/product\/16504","targetHints":{"allow":["GET"]}}],"collection":[{"href":"https:\/\/pawz.rs\/en\/wp-json\/wp\/v2\/product"}],"about":[{"href":"https:\/\/pawz.rs\/en\/wp-json\/wp\/v2\/types\/product"}],"replies":[{"embeddable":true,"href":"https:\/\/pawz.rs\/en\/wp-json\/wp\/v2\/comments?post=16504"}],"wp:featuredmedia":[{"embeddable":true,"href":"https:\/\/pawz.rs\/en\/wp-json\/wp\/v2\/media\/16453"}],"wp:attachment":[{"href":"https:\/\/pawz.rs\/en\/wp-json\/wp\/v2\/media?parent=16504"}],"wp:term":[{"taxonomy":"pwb-brand","embeddable":true,"href":"https:\/\/pawz.rs\/en\/wp-json\/wp\/v2\/pwb-brand?post=16504"},{"taxonomy":"product_cat","embeddable":true,"href":"https:\/\/pawz.rs\/en\/wp-json\/wp\/v2\/product_cat?post=16504"},{"taxonomy":"product_tag","embeddable":true,"href":"https:\/\/pawz.rs\/en\/wp-json\/wp\/v2\/product_tag?post=16504"}],"curies":[{"name":"wp","href":"https:\/\/api.w.org\/{rel}","templated":true}]}}