{"id":16510,"date":"2023-05-25T17:02:18","date_gmt":"2023-05-25T15:02:18","guid":{"rendered":"https:\/\/pawz.rs\/?post_type=product&#038;p=16510"},"modified":"2025-03-22T09:51:31","modified_gmt":"2025-03-22T08:51:31","slug":"eukanuba-dog-adult-high-activity-working-chicken","status":"publish","type":"product","link":"https:\/\/pawz.rs\/en\/eukanuba-dog-adult-high-activity-working-chicken\/","title":{"rendered":"Eukanuba Dog Adult High Activity (Working) Chicken 19 kg"},"content":{"rendered":"<p><strong>Eukanuba Dog Adult High Activity (Working) Chicken 19kg<\/strong><\/p>\n<p>Eukanuba Daily Care Working &amp; Endurance za radne pse sa visokim potrebama za energijom i hranijivim materijama.<\/p>\n<p>Hrana je namenjena za odr\u017eanje nivoa energie i vrhunske performanse. Visok nivo proteina (30%) i masti (20%) pobolj\u0161ava izdr\u017eljivost kod visoko aktivnih i radnih pasa.<\/p>\n<p>Dodate Omega 3 i 6 pobolj\u0161avaju sposobnost mirisa. Ova suva hrana se preporu\u010duje skotnim i kujama dojiljama.<\/p>\n<p>Ovo je potpuna i izbalansirana hrana koja je idealna za pse svih rasa.<\/p>\n<p><strong>Prednosti ove formule:<\/strong><\/p>\n<ul>\n<li>Visok nivo proteina (30%) i masti (20%) za visoko aktivne i radne pse koji poja\u010davaju izdr\u017eljivost<\/li>\n<li>Dodatak omega 6 i 3 masnih kiselina za razvoj \u010dula mirisa<\/li>\n<li>Preporu\u010deno za skotne i kuje u laktaciji<\/li>\n<li>Poseban oblik granule sa DentaDefense tehnologijom za \u010diste i zdrave zube<\/li>\n<li>Bogato pile\u0107im mesom za izgradnju mi\u0161ica<\/li>\n<li>Prirodni izvori omega 6 i 3 za zdravu ko\u017eu i dlaku<\/li>\n<\/ul>\n<p><strong>Sastav:<\/strong><br \/>\nSu\u0161ena piletina i \u0107uretina (25% uklju\u010duju\u0107i 15% piletine &#8211; izvor glukozamina i hondroitin sulfata), sve\u017ea piletina (21%), kukuruz, svinjska mast, p\u0161enica, pirina\u010d, sirak, su\u0161ena pulpa cvekle (2,9%), riblje bra\u0161no, pile\u0107i nadev, minerali (uklju\u010duju\u0107i natrijum heksametafosfat 0,33%), su\u0161eno celo jaje, pivski su\u0161eni kvasac, riblje ulje, laneno seme, fruktooligosaharidi (0,3%)<\/p>\n<p>Serve food in dry form with available fresh water.<br \/>\nFor your pet&#039;s health, consult a veterinarian regularly.<\/p>\n<p>Proizvod \u010duvati na suvom, hladnom i tamnom mestu.<\/p>\n<p>Proizvo\u0111a\u010d: Mars Inc.<br \/>\nZemlja porekla: Holandija<\/p>\n\n    <div class=\"xs_social_share_widget xs_share_url after_content \t\tmain_content  wslu-style-1 wslu-share-box-shaped wslu-fill-colored wslu-none wslu-share-horizontal wslu-theme-font-no wslu-main_content\">\n\n\t\t\n        <ul>\n\t\t\t        <\/ul>\n    <\/div>","protected":false},"excerpt":{"rendered":"<p>Eukanuba Dog Adult High Activity je hrana za radne pse sa visokim potrebama za energijom i<br \/>\nhranijivim materijama.<\/p>","protected":false},"featured_media":22823,"comment_status":"open","ping_status":"closed","template":"","meta":{"_acf_changed":false},"pwb-brand":[586],"product_cat":[47,48,49],"product_tag":[],"class_list":{"0":"post-16510","1":"product","2":"type-product","3":"status-publish","4":"has-post-thumbnail","6":"pwb-brand-eukanuba-hrana-za-pse","7":"product_cat-psi","8":"product_cat-hrana-za-pse","9":"product_cat-granule-za-pse","11":"first","12":"instock","13":"taxable","14":"shipping-taxable","15":"purchasable","16":"product-type-simple"},"acf":[],"brands":[{"id":586,"name":"Eukanuba","slug":"eukanuba-hrana-za-pse"}],"_links":{"self":[{"href":"https:\/\/pawz.rs\/en\/wp-json\/wp\/v2\/product\/16510","targetHints":{"allow":["GET"]}}],"collection":[{"href":"https:\/\/pawz.rs\/en\/wp-json\/wp\/v2\/product"}],"about":[{"href":"https:\/\/pawz.rs\/en\/wp-json\/wp\/v2\/types\/product"}],"replies":[{"embeddable":true,"href":"https:\/\/pawz.rs\/en\/wp-json\/wp\/v2\/comments?post=16510"}],"wp:featuredmedia":[{"embeddable":true,"href":"https:\/\/pawz.rs\/en\/wp-json\/wp\/v2\/media\/22823"}],"wp:attachment":[{"href":"https:\/\/pawz.rs\/en\/wp-json\/wp\/v2\/media?parent=16510"}],"wp:term":[{"taxonomy":"pwb-brand","embeddable":true,"href":"https:\/\/pawz.rs\/en\/wp-json\/wp\/v2\/pwb-brand?post=16510"},{"taxonomy":"product_cat","embeddable":true,"href":"https:\/\/pawz.rs\/en\/wp-json\/wp\/v2\/product_cat?post=16510"},{"taxonomy":"product_tag","embeddable":true,"href":"https:\/\/pawz.rs\/en\/wp-json\/wp\/v2\/product_tag?post=16510"}],"curies":[{"name":"wp","href":"https:\/\/api.w.org\/{rel}","templated":true}]}}