{"id":16511,"date":"2023-05-25T17:18:28","date_gmt":"2023-05-25T15:18:28","guid":{"rendered":"https:\/\/pawz.rs\/?post_type=product&#038;p=16511"},"modified":"2026-01-27T08:26:59","modified_gmt":"2026-01-27T07:26:59","slug":"eukanuba-dog-adult-large-salmonbarley","status":"publish","type":"product","link":"https:\/\/pawz.rs\/en\/eukanuba-dog-adult-large-salmonbarley\/","title":{"rendered":"Eukanuba Dog Adult Large Salmon &amp; Barley 12 kg"},"content":{"rendered":"<p><strong>Eukanuba Dog Adult Large Salmon &amp; Barley 12kg<\/strong><\/p>\n<p>Eukanuba Dog Large Salmon &amp; Barely je suva hrana bogata lososom i je\u010dmom. Predstavlja idealnu hranu za odrasle pse velikih rasa. Me\u0161avina vlakana probiotika i pulpe cvekle promovi\u0161e zdravo varenje. Hrana sadr\u017ei prirodne izvore glukozamina i kalcijuma koji poma\u017eu u odr\u017eavanju zdravih, jakih i gipkih zglobova.<\/p>\n<p>Sa L-karnitinom koji podr\u017eava smanjenje telesne masti, omogu\u0107ava Va\u0161em psu da odr\u017ei optimalnu te\u017einu i smanjuje optere\u0107enje u zglobovima.<\/p>\n<p><strong>Prednosti ove formule:<\/strong><\/p>\n<ul>\n<li>Suva hrana bogata lososom i je\u010dmom<\/li>\n<li>Specijalno formulisana za odrasle pse velikih rasa<\/li>\n<li>Poseban oblik granula odr\u017eava zube \u010distim i zdravim<\/li>\n<li>Glukozamin poma\u017ee za odr\u017eavanje zdravih zglobova<\/li>\n<li>Kalcijum za odr\u017eavanje jakih kostiju<\/li>\n<li>Sa spana\u0107em: prirodan izvor gvo\u017e\u0111a<\/li>\n<\/ul>\n<p><strong>Sastav:<\/strong><br \/>\nLosos (14,2%), su\u0161ena piletina i \u0107uretina (prirodan izvor glukozamina i hondroitina), je\u010dam (14,2%), kukuruz, ovas, sirak, riblje bra\u0161no, vlakna \u0161e\u0107erne repe (2,6%), svinjska mast, suncokretovo ulje, pile\u0107i sos, minerali (uklju\u010duju\u0107i natrijum heksametafosfat 0,35%), fruktooligosaharidi (0,25%), su\u0161eni spana\u0107 (0,1%), su\u0161eni pivski kvasac, glukozamin (iz \u017eivotinjskih tkiva 0,4%).<\/p>\n<p>Serve food in dry form with available fresh water.<br \/>\nFor your pet&#039;s health, consult a veterinarian regularly.<\/p>\n<p>Proizvod \u010duvati na suvom, hladnom i tamnom mestu.<\/p>\n<p>Proizvo\u0111a\u010d: Mars Inc.<br \/>\nZemlja porekla: Holandija<\/p>\n\n    <div class=\"xs_social_share_widget xs_share_url after_content \t\tmain_content  wslu-style-1 wslu-share-box-shaped wslu-fill-colored wslu-none wslu-share-horizontal wslu-theme-font-no wslu-main_content\">\n\n\t\t\n        <ul>\n\t\t\t        <\/ul>\n    <\/div>","protected":false},"excerpt":{"rendered":"<p>Eukanuba Dog Large Salmon &amp; Barely je suva hrana bogata lososom i je\u010dmom, predstavlja idealnu hranu za odrasle pse svih rasa.<\/p>","protected":false},"featured_media":22810,"comment_status":"open","ping_status":"closed","template":"","meta":{"_acf_changed":false},"pwb-brand":[586],"product_cat":[47,48,49],"product_tag":[],"class_list":{"0":"post-16511","1":"product","2":"type-product","3":"status-publish","4":"has-post-thumbnail","6":"pwb-brand-eukanuba-hrana-za-pse","7":"product_cat-psi","8":"product_cat-hrana-za-pse","9":"product_cat-granule-za-pse","11":"first","12":"outofstock","13":"taxable","14":"shipping-taxable","15":"purchasable","16":"product-type-simple"},"acf":[],"brands":[{"id":586,"name":"Eukanuba","slug":"eukanuba-hrana-za-pse"}],"_links":{"self":[{"href":"https:\/\/pawz.rs\/en\/wp-json\/wp\/v2\/product\/16511","targetHints":{"allow":["GET"]}}],"collection":[{"href":"https:\/\/pawz.rs\/en\/wp-json\/wp\/v2\/product"}],"about":[{"href":"https:\/\/pawz.rs\/en\/wp-json\/wp\/v2\/types\/product"}],"replies":[{"embeddable":true,"href":"https:\/\/pawz.rs\/en\/wp-json\/wp\/v2\/comments?post=16511"}],"wp:featuredmedia":[{"embeddable":true,"href":"https:\/\/pawz.rs\/en\/wp-json\/wp\/v2\/media\/22810"}],"wp:attachment":[{"href":"https:\/\/pawz.rs\/en\/wp-json\/wp\/v2\/media?parent=16511"}],"wp:term":[{"taxonomy":"pwb-brand","embeddable":true,"href":"https:\/\/pawz.rs\/en\/wp-json\/wp\/v2\/pwb-brand?post=16511"},{"taxonomy":"product_cat","embeddable":true,"href":"https:\/\/pawz.rs\/en\/wp-json\/wp\/v2\/product_cat?post=16511"},{"taxonomy":"product_tag","embeddable":true,"href":"https:\/\/pawz.rs\/en\/wp-json\/wp\/v2\/product_tag?post=16511"}],"curies":[{"name":"wp","href":"https:\/\/api.w.org\/{rel}","templated":true}]}}