{"id":16537,"date":"2023-05-26T15:35:28","date_gmt":"2023-05-26T13:35:28","guid":{"rendered":"https:\/\/pawz.rs\/?post_type=product&#038;p=16537"},"modified":"2024-05-10T18:48:34","modified_gmt":"2024-05-10T16:48:34","slug":"taste-of-the-wild-high-prairie-puppy-formula","status":"publish","type":"product","link":"https:\/\/pawz.rs\/en\/taste-of-the-wild-high-prairie-puppy-formula\/","title":{"rendered":"Taste of The Wild High Prairie Puppy Formula"},"content":{"rendered":"<p><strong>Taste Of The Wild High Prairie Puppy Formula<\/strong><\/p>\n<p>High Prairie Puppy Formula sa pe\u010denom srnetinom i bizonom.<\/p>\n<p>Hrana bez \u017eitarica koja obezbe\u0111uje veoma ukusnu energiju va\u0161em \u0161tenetu.<\/p>\n<p>Namenjena je ishrani\u00a0\u0161tenaca svih rasa\u00a0po\u010devi\u0161i od 2. meseca starosti, kod malih rasa \u0107ete na hranu namenjenu odraslim psima pre\u0107i sa 10-12 meseci starosti, kod srednje velikih rasa sa 15-18 meseci starosti, dok kod velikih rasa na hranu za odrasle pse prelazimo sa 18-24 meseca starosti.<\/p>\n<p>Napravljena od pe\u010denog mesa, ova formula nudi senzacionalan ukus kao nijedna druga. Oboga\u0107ena sa povr\u0107em i vo\u0107em, iz kojih dobija prirodne antioksidanse, ova hrana poma\u017ee da tvoj prijatelj vodi zdrav na\u010din \u017eivota. Va\u0161e \u0161tene \u017eeli ukus divljine. Samo napred i dajte mu ga.<\/p>\n<p><strong>Ingredients:<\/strong><br \/>\nMeso bizona, dehidrirano jagnje\u0107e meso, gra\u0161ak, krompir, proizvodi od jaja, prirodne arome,<br \/>\nriblje bra\u0161no od okeanske ribe, proteini krompira, pe\u010deno meso bizona, pe\u010dena srnetina, pulpa paradajza, so, holin hlorid, su\u0161eni koren cikorije, paradajz , borovnice, maline, ekstrakt juke, suvi fermentacioni proizvodi (Lactobacillus acidophilus, Bifidobacterium Animalis, Lactobacillus reuteri), Vitamin E, gvo\u017e\u0111e proteinat, cink proteinat, bakar proteinat, cink sulfat, bakar sulfat, kalijum jodid, tiamin mononitrat (vitamin B1), mangan proteinat, manganov oksid, askorbinska kiselina, biotin, niacin, kalcijum pantotenat, mangan sulfat, natrijum selenit, piridoksin hidrohlorid (vitamin B6), vitamin B12, riboflavin (vitamin B2 ), vitamin D, folna kiselina.<\/p>\n<p><strong>Analiti\u010dki sastojci:<br \/>\n<\/strong>Sirova vlaga 10% min., sirovi proteini 28%, sirove masti 17%,\u00a0 sirova vlakna 3%, kalcijum: 4%, fosfor: 1%, cink min. 150 mg\/kg, selen min. 0,4 mg\/kg, vitamin E min. 150 IJ\/kg, omega-6 masne kiseline min. 2,8%, omega-3 masne kiseline min. 0,3%<\/p>\n<p><strong>Energetska vrednost:<\/strong><br \/>\nKalorije 3.656 kcal\/kg<\/p>\n<p><strong>Upotreba i doziranje:<br \/>\n<\/strong>Kada prebacujete Va\u0161eg ljubimca na Taste of the Wild, preporu\u010dujemo postepen prelazak od 7 \u2013 10 dana kako biste izbegli mogu\u0107e probavne smetnje kod osetljivih jedinki. Dodajte malu koli\u010dinu nove hrane u prethodnu hranu Va\u0161eg psa, postupno pove\u0107avaju\u0107i koli\u010dinu nove hrane i smanjuju\u0107i koli\u010dinu prethodne dok prelazak nije zavr\u0161en.<strong><br \/>\n<\/strong><\/p>\n<p>Serve food in dry form with available fresh water.<br \/>\nFor your pet&#039;s health, consult a veterinarian regularly.<\/p>\n<p>Store the product in a dry, dark and cool place.<\/p>\n<p>Proizvo\u0111a\u010d: Diamond Pet Foods, Jefferson City, SAD<br \/>\nZemlja porekla: SAD<\/p>\n\n    <div class=\"xs_social_share_widget xs_share_url after_content \t\tmain_content  wslu-style-1 wslu-share-box-shaped wslu-fill-colored wslu-none wslu-share-horizontal wslu-theme-font-no wslu-main_content\">\n\n\t\t\n        <ul>\n\t\t\t        <\/ul>\n    <\/div>","protected":false},"excerpt":{"rendered":"<p>High Prairie Puppy Formula sa pe\u010denom srnetinom i bizonom, namenjena \u0161tencima svih rasa.<\/p>","protected":false},"featured_media":16520,"comment_status":"open","ping_status":"closed","template":"","meta":{"_acf_changed":false},"pwb-brand":[592,590],"product_cat":[47,48,49],"product_tag":[208],"class_list":{"0":"post-16537","1":"product","2":"type-product","3":"status-publish","4":"has-post-thumbnail","6":"pwb-brand-tw-za-pse","7":"pwb-brand-taste-of-the-wild","8":"product_cat-psi","9":"product_cat-hrana-za-pse","10":"product_cat-granule-za-pse","11":"product_tag-bez-zitarica","13":"first","14":"instock","15":"taxable","16":"shipping-taxable","17":"purchasable","18":"product-type-variable","19":"has-default-attributes"},"acf":[],"brands":[{"id":590,"name":"Taste of the Wild","slug":"taste-of-the-wild"},{"id":592,"name":"Taste of the Wild Dog Food","slug":"tw-za-pse"}],"_links":{"self":[{"href":"https:\/\/pawz.rs\/en\/wp-json\/wp\/v2\/product\/16537","targetHints":{"allow":["GET"]}}],"collection":[{"href":"https:\/\/pawz.rs\/en\/wp-json\/wp\/v2\/product"}],"about":[{"href":"https:\/\/pawz.rs\/en\/wp-json\/wp\/v2\/types\/product"}],"replies":[{"embeddable":true,"href":"https:\/\/pawz.rs\/en\/wp-json\/wp\/v2\/comments?post=16537"}],"wp:featuredmedia":[{"embeddable":true,"href":"https:\/\/pawz.rs\/en\/wp-json\/wp\/v2\/media\/16520"}],"wp:attachment":[{"href":"https:\/\/pawz.rs\/en\/wp-json\/wp\/v2\/media?parent=16537"}],"wp:term":[{"taxonomy":"pwb-brand","embeddable":true,"href":"https:\/\/pawz.rs\/en\/wp-json\/wp\/v2\/pwb-brand?post=16537"},{"taxonomy":"product_cat","embeddable":true,"href":"https:\/\/pawz.rs\/en\/wp-json\/wp\/v2\/product_cat?post=16537"},{"taxonomy":"product_tag","embeddable":true,"href":"https:\/\/pawz.rs\/en\/wp-json\/wp\/v2\/product_tag?post=16537"}],"curies":[{"name":"wp","href":"https:\/\/api.w.org\/{rel}","templated":true}]}}