{"id":16546,"date":"2023-05-26T17:13:10","date_gmt":"2023-05-26T15:13:10","guid":{"rendered":"https:\/\/pawz.rs\/?post_type=product&#038;p=16546"},"modified":"2024-05-20T20:44:04","modified_gmt":"2024-05-20T18:44:04","slug":"taste-of-the-wild-southwest-canyon-canine-formula","status":"publish","type":"product","link":"https:\/\/pawz.rs\/en\/taste-of-the-wild-southwest-canyon-canine-formula\/","title":{"rendered":"Taste of The Wild Southwest Canyon Canine Formula"},"content":{"rendered":"<p><strong>Taste Of The Wild Southwest Canyon Canine Formula<\/strong><\/p>\n<p>Southwest Canyon Canine Formula sa mesom divlje svinje.<\/p>\n<p>Ova jedinstvena formula sadr\u017ei me\u0161avinu izvora proteina \u017eivotinjskog porekla, uklju\u010duju\u0107i i proteine divlje svinje koje daju hrani speifi\u010dan i senzacionalan ukus kao nijedna druga. Oboga\u0107ena sa povr\u0107em i vo\u0107em, kao i \u201egarbanzo\u201c pasuljem iz kojih dobija prirodne antioksidanse, ova hrana poma\u017ee da tvoj prijatelj vodi zdrav na\u010din \u017eivota. Va\u0161 pas \u017eeli ukus divljine. Samo napred i dajte mu ga.<\/p>\n<p><strong>Ingredients:<\/strong><br \/>\nGovedina, dehidrirano jagnje\u0107e meso, gra\u0161ak, garbanzo pasulj, krompir, proizvodi od jaja, prirodne arome, riblje bra\u0161no od okeanske ribe, proteini krompira, meso divlje svinje, pulpa paradaiza, so, holin hlorid, su\u0161eni koren cikorije, paradaiz , borovnice, maline, ekstrakt juke, suvi fermentacioni proizvodi (Lactobacillus acidophilus, Bifidobacterium lactis, Lactobacillus reuteri) Vitamin E, gvo\u017e\u0111e proteinat, cink proteinat, bakar proteinat, cink sulfat, bakar sulfat, kalijum jodid, tiamin mononitrat (vitamin B1), mangan proteinat, manganov oksid, askorbinska kiselina, biotin, niacin, kalcijum pantotenat, mangan sulfat, natrijum selenit, piridoksin hidrohlorid (vitamin B6), vitamin B12, riboflavin (vitamin B2 ), vitamin D, folna kiselina.<\/p>\n<p><strong>Analiti\u010dki sastojci:<br \/>\n<\/strong>Sirova vlaga: 10%, sirovi proteini: 29%, sirove masti: 15%, sirova vlakna 3%, kalcijum: 1.9%, fosfor: 1.1%, cink min. 150 mg\/kg, selen min. 0,4 mg\/kg, vitamin E min. 150 IJ\/kg, omega-6 masne kiseline min. 2,8%, omega-3 masne kiseline min. 0,3%<\/p>\n<p><strong>Energetska vrednost:<\/strong><br \/>\nKalorije 3.6oo kcal\/kg<\/p>\n<p><strong>Upotreba i doziranje:<br \/>\n<\/strong>Kada prebacujete Va\u0161eg ljubimca na Taste of the Wild, preporu\u010dujemo postepen prelazak od 7 \u2013 10 dana kako biste izbegli mogu\u0107e probavne smetnje kod osetljivih jedinki. Dodajte malu koli\u010dinu nove hrane u prethodnu hranu Va\u0161eg psa, postupno pove\u0107avaju\u0107i koli\u010dinu nove hrane i smanjuju\u0107i koli\u010dinu prethodne dok prelazak nije zavr\u0161en.<strong><br \/>\n<\/strong><\/p>\n<p>Serve food in dry form with available fresh water.<br \/>\nFor your pet&#039;s health, consult a veterinarian regularly.<\/p>\n<p>Store the product in a dry, dark and cool place.<\/p>\n<p>Proizvo\u0111a\u010d: Diamond Pet Foods, Jefferson City, SAD<br \/>\nZemlja porekla: SAD<\/p>\n\n    <div class=\"xs_social_share_widget xs_share_url after_content \t\tmain_content  wslu-style-1 wslu-share-box-shaped wslu-fill-colored wslu-none wslu-share-horizontal wslu-theme-font-no wslu-main_content\">\n\n\t\t\n        <ul>\n\t\t\t        <\/ul>\n    <\/div>","protected":false},"excerpt":{"rendered":"<p>Southwest Canyon Canine Formula sa mesom divlje svinje, namenjena je za odrasle pse svih rasa.<\/p>","protected":false},"featured_media":16578,"comment_status":"open","ping_status":"closed","template":"","meta":{"_acf_changed":false},"pwb-brand":[592,590],"product_cat":[47,48,49],"product_tag":[208],"class_list":{"0":"post-16546","1":"product","2":"type-product","3":"status-publish","4":"has-post-thumbnail","6":"pwb-brand-tw-za-pse","7":"pwb-brand-taste-of-the-wild","8":"product_cat-psi","9":"product_cat-hrana-za-pse","10":"product_cat-granule-za-pse","11":"product_tag-bez-zitarica","13":"first","14":"instock","15":"taxable","16":"shipping-taxable","17":"purchasable","18":"product-type-variable","19":"has-default-attributes"},"acf":[],"brands":[{"id":590,"name":"Taste of the Wild","slug":"taste-of-the-wild"},{"id":592,"name":"Taste of the Wild Dog Food","slug":"tw-za-pse"}],"_links":{"self":[{"href":"https:\/\/pawz.rs\/en\/wp-json\/wp\/v2\/product\/16546","targetHints":{"allow":["GET"]}}],"collection":[{"href":"https:\/\/pawz.rs\/en\/wp-json\/wp\/v2\/product"}],"about":[{"href":"https:\/\/pawz.rs\/en\/wp-json\/wp\/v2\/types\/product"}],"replies":[{"embeddable":true,"href":"https:\/\/pawz.rs\/en\/wp-json\/wp\/v2\/comments?post=16546"}],"wp:featuredmedia":[{"embeddable":true,"href":"https:\/\/pawz.rs\/en\/wp-json\/wp\/v2\/media\/16578"}],"wp:attachment":[{"href":"https:\/\/pawz.rs\/en\/wp-json\/wp\/v2\/media?parent=16546"}],"wp:term":[{"taxonomy":"pwb-brand","embeddable":true,"href":"https:\/\/pawz.rs\/en\/wp-json\/wp\/v2\/pwb-brand?post=16546"},{"taxonomy":"product_cat","embeddable":true,"href":"https:\/\/pawz.rs\/en\/wp-json\/wp\/v2\/product_cat?post=16546"},{"taxonomy":"product_tag","embeddable":true,"href":"https:\/\/pawz.rs\/en\/wp-json\/wp\/v2\/product_tag?post=16546"}],"curies":[{"name":"wp","href":"https:\/\/api.w.org\/{rel}","templated":true}]}}