{"id":16575,"date":"2023-05-26T18:55:37","date_gmt":"2023-05-26T16:55:37","guid":{"rendered":"https:\/\/pawz.rs\/?post_type=product&#038;p=16575"},"modified":"2024-05-15T09:18:14","modified_gmt":"2024-05-15T07:18:14","slug":"trainer-natural-baby-starter-1-5-kg","status":"publish","type":"product","link":"https:\/\/pawz.rs\/en\/trainer-natural-baby-starter-1-5-kg\/","title":{"rendered":"Trainer Natural Baby Starter 1.5 kg"},"content":{"rendered":"<p><strong>Trainer Natural Baby Starter 1.5 kg<\/strong><\/p>\n<p>Potpuna i izbalansirana hrana za \u0161tence, gravidne kuje u poslednjoj fazi gravidnosti i kuje u laktaciji.<br \/>\nNamenjena je za \u0161tence svih rasa, od 1-3 meseca.<\/p>\n<p><strong>Karakteristike i prednosti:<\/strong><\/p>\n<ul>\n<li>Program za negu \u0161tenaca- prati Va\u0161e \u0161tene tokom razli\u010ditih faza razvoja<\/li>\n<li>Prelazak sa maj\u010dinog mleka na \u010dvrstu hranu-prilago\u0111ena formula sa niskim sadr\u017eajem skroba pogoduje prelasku na \u010dvrstu hranu. Sadr\u017ei belo meso i pirina\u010d kao izvore visoko svarljivih proteina i ugljenih hidrata.<\/li>\n<li>Zdravlje creva-MOS i insulin poma\u017eu u ishrani i pravilnoj ravnote\u017eicrevne mikroflore.<\/li>\n<li>Rast- Sadr\u017ei vitamine A,C,D,E kao i minerale i visokokvalitetne proteine koji poma\u017eu u rastu Va\u0161eg ljubimca.<\/li>\n<\/ul>\n<p><strong>Ingredients:<\/strong><br \/>\nDehidrirani proteini piletine i c\u0301uretine, pirina\u010d 27%, sve\u017ee belo meso (piletina i c\u0301uretina) 15%, mast \u017eivotinjskog porekla, pulpa cvekle, laneno seme, hidrolizovani \u017eivotinjski proteini, kukuruzno ulje, kukuruz, dehidrirani proteini lososa, dehidrirano jaje, pivski kvasac, riblje ulje 1%, minerali, su\u0161eni ekstrakt korena cikorije (izvor inulina) 0,7%, vlakna gra\u0161ka, MOS (manan-oligosaharidi) 0,3%, morske alge (Schizochitrium spp.) 0,1%, ekstrakt kvasca (nukleotidi) 0,03%, ekstrakt suvog citrusnog voc\u0301a (bioflavonoidi) 0,007%, ekstrakt su\u0161ene jabuke 0,003%<\/p>\n<p><strong>Analiti\u010dki sastojci:<br \/>\n<\/strong>Sirovi proteini 32%, sirove masti 22%, sirova vlakna, 1,9%, sirovi pepeo 7%, omega 3 1%, skrob 24%.<\/p>\n<p><strong>Nutritivni dodaci:<\/strong><br \/>\nvitamin A 26000 IU, vitamin D3 1350 IU, vitamin E 405 mg, bakar (II) sulfat pentahidrat 49,13 mg (bakar 12,5 mg), gvo\u017e\u0111e (II) karbonat 310,5 mg (gvo\u017e\u0111e 150 mg), oblo\u017eeni granulisani kalcijum jodat bezvodni 3,85 mg (jod 2,5 mg), natrijum selenit 0,44 mg (selen 0,2 mg), cink oksid 193,4 mg (cink 156 mg), mangan (II) oksid 45,1 mg (mangan 35 mg).<\/p>\n<p>Serve food in dry form with available fresh water.<br \/>\nFor your pet&#039;s health, consult a veterinarian regularly.<\/p>\n<p>Store the product in a dry, dark and cool place.<\/p>\n<p>Proizvo\u0111a\u010d: Novafoods<br \/>\nZemlja porekla: Italija<\/p>\n\n    <div class=\"xs_social_share_widget xs_share_url after_content \t\tmain_content  wslu-style-1 wslu-share-box-shaped wslu-fill-colored wslu-none wslu-share-horizontal wslu-theme-font-no wslu-main_content\">\n\n\t\t\n        <ul>\n\t\t\t        <\/ul>\n    <\/div>","protected":false},"excerpt":{"rendered":"<p>Trainer Natural Baby Starter je potpuna i izbalansirana hrana za \u0161tence od 1-3 meseca, gravidne kuje u poslednjoj fazi gravidnosti i kuje u laktaciji.<\/p>","protected":false},"featured_media":16605,"comment_status":"open","ping_status":"closed","template":"","meta":{"_acf_changed":false},"pwb-brand":[604],"product_cat":[47,48,49],"product_tag":[],"class_list":{"0":"post-16575","1":"product","2":"type-product","3":"status-publish","4":"has-post-thumbnail","6":"pwb-brand-natural-trainer","7":"product_cat-psi","8":"product_cat-hrana-za-pse","9":"product_cat-granule-za-pse","11":"first","12":"instock","13":"taxable","14":"shipping-taxable","15":"purchasable","16":"product-type-simple"},"acf":[],"brands":[{"id":604,"name":"Natural Trainer","slug":"natural-trainer"}],"_links":{"self":[{"href":"https:\/\/pawz.rs\/en\/wp-json\/wp\/v2\/product\/16575","targetHints":{"allow":["GET"]}}],"collection":[{"href":"https:\/\/pawz.rs\/en\/wp-json\/wp\/v2\/product"}],"about":[{"href":"https:\/\/pawz.rs\/en\/wp-json\/wp\/v2\/types\/product"}],"replies":[{"embeddable":true,"href":"https:\/\/pawz.rs\/en\/wp-json\/wp\/v2\/comments?post=16575"}],"wp:featuredmedia":[{"embeddable":true,"href":"https:\/\/pawz.rs\/en\/wp-json\/wp\/v2\/media\/16605"}],"wp:attachment":[{"href":"https:\/\/pawz.rs\/en\/wp-json\/wp\/v2\/media?parent=16575"}],"wp:term":[{"taxonomy":"pwb-brand","embeddable":true,"href":"https:\/\/pawz.rs\/en\/wp-json\/wp\/v2\/pwb-brand?post=16575"},{"taxonomy":"product_cat","embeddable":true,"href":"https:\/\/pawz.rs\/en\/wp-json\/wp\/v2\/product_cat?post=16575"},{"taxonomy":"product_tag","embeddable":true,"href":"https:\/\/pawz.rs\/en\/wp-json\/wp\/v2\/product_tag?post=16575"}],"curies":[{"name":"wp","href":"https:\/\/api.w.org\/{rel}","templated":true}]}}