{"id":16716,"date":"2023-05-29T08:53:48","date_gmt":"2023-05-29T06:53:48","guid":{"rendered":"https:\/\/pawz.rs\/?post_type=product&#038;p=16716"},"modified":"2024-05-13T14:27:44","modified_gmt":"2024-05-13T12:27:44","slug":"trainer-natural-cat-kitten-piletina","status":"publish","type":"product","link":"https:\/\/pawz.rs\/en\/trainer-natural-cat-kitten-piletina\/","title":{"rendered":"Trainer Natural Cat Kitten Piletina"},"content":{"rendered":"<p><strong>Trainer Natural Cat Kitten Piletina<\/strong><\/p>\n<p>Podr\u017eava imuni sistem preko nukleotida iz kvasca koji poma\u017eu u ja\u010danju prirodne odbrane. Specifi\u010dna prebioti\u010dka me\u0161avina (MOS i inulin) poma\u017ee u ishrani i pravilnoj ravnote\u017ei crevne mikrobiote.<\/p>\n<p>Sadr\u017ei alge Schizochitrium i laneno seme, izvor omega-3 esencijalnih masnih kiselina.<\/p>\n<p>Ekstrakti brusnice i korena cikorije prirodnog porekla i kontrolisani nivoi minerala poma\u017eu u odr\u017eavanju funkcionalnosti urinarnog trakta tokom vremena.<\/p>\n<p><strong>Sastav:<\/strong><br \/>\nDehidrirani proteini piletine i c\u0301uretine, sve\u017ee pilec\u0301e i purec\u0301e meso (piletina 13,5%), pirina\u010d, proteini kukuruza, kukuruz, \u017eivotinjska mast, dehidrirani proteini ribe, hidrolizovani \u017eivotinjski proteini, laneno seme 2,2%, pulpa repe, su\u0161eni ekstrakt korena cikorije (izvor inulina ) 0,7%, vlakna gra\u0161ka, minerali, pivski kvasac, MOS (mannan-oligosaharidi) 0,3%, alge (Schizochitrium spp.) 0,1%, ekstrakt kvasca (nukleotidi) 0,03%, ekstrakt su\u0161ene brusnice 0,02%<\/p>\n<p><strong>Nutritivni dodaci: <\/strong><br \/>\nVitamin A 33000 IU, vitamin D3 1920 IU, vitamin E 525 mg, vitamin C 100 mg, taurin 2100 mg, bakar (II) sulfat pentahidrat (bakar 6 mg) 23,58 mg, gvo\u017e\u0111e (II) karbonat (gvo\u017e\u0111e 96 mg ) 198,72 mg, oblo\u017eeni granulirani anhidrovani kalcijum jodat (jod 0,48 mg) 0,74 mg, natrijum selenit (selen 0,12 mg) 0,26 mg, cinkov oksid (cink 90 mg) 111,6 mg, mangan (II) oksid (mangan 9 mg) 11,6 mg.<\/p>\n<p><strong>Zootehni\u010dki dodaci:<\/strong><br \/>\nSirovi proteini 36,5%, sirove masti 19%, sirova vlakna 2%, sirovi pepeo 7%, omega 3 1%.<\/p>\n<p>Serve food in dry form with available fresh water.<br \/>\nFor your pet&#039;s health, consult a veterinarian regularly.<\/p>\n<p>Store the product in a dry, dark and cool place.<\/p>\n<p>Proizvo\u0111a\u010d: Novafoods<br \/>\nZemlja porekla: Italija<\/p>\n\n    <div class=\"xs_social_share_widget xs_share_url after_content \t\tmain_content  wslu-style-1 wslu-share-box-shaped wslu-fill-colored wslu-none wslu-share-horizontal wslu-theme-font-no wslu-main_content\">\n\n\t\t\n        <ul>\n\t\t\t        <\/ul>\n    <\/div>","protected":false},"excerpt":{"rendered":"<p>Trainer Natural Kitten je hrana sa piletinom, namenjena malim ma\u010di\u0107ima svih rasa.<\/p>","protected":false},"featured_media":16668,"comment_status":"open","ping_status":"closed","template":"","meta":{"_acf_changed":false},"pwb-brand":[604],"product_cat":[23,21,149],"product_tag":[],"class_list":{"0":"post-16716","1":"product","2":"type-product","3":"status-publish","4":"has-post-thumbnail","6":"pwb-brand-natural-trainer","7":"product_cat-macke","8":"product_cat-hrana-za-macke","9":"product_cat-granule-za-macke","11":"first","12":"instock","13":"taxable","14":"shipping-taxable","15":"purchasable","16":"product-type-variable","17":"has-default-attributes"},"acf":[],"brands":[{"id":604,"name":"Natural Trainer","slug":"natural-trainer"}],"_links":{"self":[{"href":"https:\/\/pawz.rs\/en\/wp-json\/wp\/v2\/product\/16716","targetHints":{"allow":["GET"]}}],"collection":[{"href":"https:\/\/pawz.rs\/en\/wp-json\/wp\/v2\/product"}],"about":[{"href":"https:\/\/pawz.rs\/en\/wp-json\/wp\/v2\/types\/product"}],"replies":[{"embeddable":true,"href":"https:\/\/pawz.rs\/en\/wp-json\/wp\/v2\/comments?post=16716"}],"wp:featuredmedia":[{"embeddable":true,"href":"https:\/\/pawz.rs\/en\/wp-json\/wp\/v2\/media\/16668"}],"wp:attachment":[{"href":"https:\/\/pawz.rs\/en\/wp-json\/wp\/v2\/media?parent=16716"}],"wp:term":[{"taxonomy":"pwb-brand","embeddable":true,"href":"https:\/\/pawz.rs\/en\/wp-json\/wp\/v2\/pwb-brand?post=16716"},{"taxonomy":"product_cat","embeddable":true,"href":"https:\/\/pawz.rs\/en\/wp-json\/wp\/v2\/product_cat?post=16716"},{"taxonomy":"product_tag","embeddable":true,"href":"https:\/\/pawz.rs\/en\/wp-json\/wp\/v2\/product_tag?post=16716"}],"curies":[{"name":"wp","href":"https:\/\/api.w.org\/{rel}","templated":true}]}}