{"id":16724,"date":"2023-05-29T09:12:55","date_gmt":"2023-05-29T07:12:55","guid":{"rendered":"https:\/\/pawz.rs\/?post_type=product&#038;p=16724"},"modified":"2024-05-13T14:38:52","modified_gmt":"2024-05-13T12:38:52","slug":"trainer-natural-cat-za-mlade-macke-piletina-1-5kg","status":"publish","type":"product","link":"https:\/\/pawz.rs\/en\/trainer-natural-cat-za-mlade-macke-piletina-1-5kg\/","title":{"rendered":"Trainer Natural Cat Za Mlade Ma\u010dke Piletina 1.5kg"},"content":{"rendered":"<p><strong>Trainer Natural Cat Za Mlade Ma\u010dke Piletina 1.5kg<\/strong><\/p>\n<p>Nukleotidi iz kvasca poma\u017eu u ja\u010danju prirodnog imuniteta. Prebiotici prirodnog porekla koji poti\u010du od ekstrakta korena cikorije i pulpe repe poma\u017eu u ishrani i pravilnoj ravnote\u017ei crevne mikrobiote.<\/p>\n<p>Visok nivo kvalitetnih proteina poma\u017ee u razvoju mi\u0161ic\u0301ne mase. Ekstrakti brusnice i korena cikorije prirodnog porekla i kontrolisani nivoi minerala poma\u017eu u odr\u017eavanju funkcionalnosti urinarnog trakta tokom vremena.<\/p>\n<p><strong>Sastav:<br \/>\n<\/strong> Dehidrirani proteini piletine i c\u0301uretine, sve\u017ee pilec\u0301e i purec\u0301e meso (piletina 13,5%), pirina\u010d, proteini kukuruza, kukuruz, \u017eivotinjska mast, hidrolizovani \u017eivotinjski proteini, dehidrirani svinjski proteini, laneno meso, pulpa repe 1,7%, dehidrirani proteini ribe, su\u0161eni ekstrakt korena cikorije (izvor inulina) 0,7%, minerali, vlakna gra\u0161ka, pivski kvasac, alge (Schizochitrium spp.) 0,1%, ekstrakt kvasca (nukleotidi) 0,03%, ekstrakt su\u0161ene brusnice 0,02%.<\/p>\n<p><strong>Nutritivni dodaci: <\/strong><br \/>\nVitamin A 27500 IU, vitamin D3 1600 IU, vitamin E 510 mg, vitamin C 100 mg, taurin 2100 mg, bakar (II) sulfat pentahidrat (bakar 5 mg) 19,65 mg, gvo\u017e\u0111e (II) karbonat (gvo\u017e\u0111e 80 mg ) 165,6 mg, oblo\u017eeni granulirani anhidrovani kalcijum jodat (jod 0,4 mg) 0,62 mg, natrijum selenit (selen 0,1 mg) 0,22 mg, cinkov oksid (cink 75 mg) 93 mg, mangan (II) oksid (mangan 7,5 mg) 9,68 mg.<\/p>\n<p><strong>Zootehni\u010dki dodaci:<\/strong><br \/>\nSirovi proteini 37,5%, sirove masti 18%, sirova vlakna 2%, sirovi pepeo 7%.<\/p>\n<p>Serve food in dry form with available fresh water.<br \/>\nFor your pet&#039;s health, consult a veterinarian regularly.<\/p>\n<p>Store the product in a dry, dark and cool place.<\/p>\n<p>Proizvo\u0111a\u010d: Novafoods<br \/>\nZemlja porekla: Italija<\/p>\n\n    <div class=\"xs_social_share_widget xs_share_url after_content \t\tmain_content  wslu-style-1 wslu-share-box-shaped wslu-fill-colored wslu-none wslu-share-horizontal wslu-theme-font-no wslu-main_content\">\n\n\t\t\n        <ul>\n\t\t\t        <\/ul>\n    <\/div>","protected":false},"excerpt":{"rendered":"<p>Trainer Natural Cat sa piletinom namenjena je mladim ma\u010dkama svih rasa.<\/p>","protected":false},"featured_media":16861,"comment_status":"open","ping_status":"closed","template":"","meta":{"_acf_changed":false},"pwb-brand":[604],"product_cat":[23,21,149],"product_tag":[],"class_list":{"0":"post-16724","1":"product","2":"type-product","3":"status-publish","4":"has-post-thumbnail","6":"pwb-brand-natural-trainer","7":"product_cat-macke","8":"product_cat-hrana-za-macke","9":"product_cat-granule-za-macke","11":"first","12":"instock","13":"taxable","14":"shipping-taxable","15":"purchasable","16":"product-type-simple"},"acf":[],"brands":[{"id":604,"name":"Natural Trainer","slug":"natural-trainer"}],"_links":{"self":[{"href":"https:\/\/pawz.rs\/en\/wp-json\/wp\/v2\/product\/16724","targetHints":{"allow":["GET"]}}],"collection":[{"href":"https:\/\/pawz.rs\/en\/wp-json\/wp\/v2\/product"}],"about":[{"href":"https:\/\/pawz.rs\/en\/wp-json\/wp\/v2\/types\/product"}],"replies":[{"embeddable":true,"href":"https:\/\/pawz.rs\/en\/wp-json\/wp\/v2\/comments?post=16724"}],"wp:featuredmedia":[{"embeddable":true,"href":"https:\/\/pawz.rs\/en\/wp-json\/wp\/v2\/media\/16861"}],"wp:attachment":[{"href":"https:\/\/pawz.rs\/en\/wp-json\/wp\/v2\/media?parent=16724"}],"wp:term":[{"taxonomy":"pwb-brand","embeddable":true,"href":"https:\/\/pawz.rs\/en\/wp-json\/wp\/v2\/pwb-brand?post=16724"},{"taxonomy":"product_cat","embeddable":true,"href":"https:\/\/pawz.rs\/en\/wp-json\/wp\/v2\/product_cat?post=16724"},{"taxonomy":"product_tag","embeddable":true,"href":"https:\/\/pawz.rs\/en\/wp-json\/wp\/v2\/product_tag?post=16724"}],"curies":[{"name":"wp","href":"https:\/\/api.w.org\/{rel}","templated":true}]}}