{"id":16729,"date":"2023-05-29T09:45:07","date_gmt":"2023-05-29T07:45:07","guid":{"rendered":"https:\/\/pawz.rs\/?post_type=product&#038;p=16729"},"modified":"2024-05-13T14:34:37","modified_gmt":"2024-05-13T12:34:37","slug":"trainer-natural-cat-sensitive-pacetina-300g","status":"publish","type":"product","link":"https:\/\/pawz.rs\/en\/trainer-natural-cat-sensitive-pacetina-300g\/","title":{"rendered":"Trainer Natural Cat Sensitive Pa\u010detina 300g"},"content":{"rendered":"<p><strong>Trainer Natural Cat Sensitive Pa\u010detina 300g<\/strong><\/p>\n<p>Poma\u017ee u varenju ma\u010dkama sa osetljivim stomakom.<\/p>\n<p>Prilago\u0111ena formula koja sadr\u017ei lako svarljive visokokvalitetne proteine patke, prebiotike i 100% prirodni ekstrakt ananasa poma\u017ee digestivnoj funkcionalnosti.<\/p>\n<p>Prebiotici prirodnog porekla koji poti\u010du od ekstrakta korena cikorije i pulpe repe poma\u017eu u ishrani i pravilnoj ravnote\u017ei crevne mikrobiote.<br \/>\nOmega-3 i omega-6 masne kiseline, biotin i cink \u010dine ko\u017eu zdravom i dlaku lepom i sjajnom.<\/p>\n<p>Ekstrakt brusnice i korena cikorije prirodnog porekla i kontrolisani nivoi minerala poma\u017eu u odr\u017eavanju funkcionalnosti urinarnog trakta tokom vremena. Odli\u010dan recept za ukus u kojem c\u0301e ma\u010dke u\u017eivati.<\/p>\n<p><strong>Sastav:<br \/>\n<\/strong>Dekortirani gra\u0161ak, gra\u0161ak, dehidrirani proteini patke 15%, proteini pirin\u010da, \u017eivotinjske masti, proteini gra\u0161ka, laneno seme, hidrolizovani \u017eivotinjski proteini, kukuruzno ulje, pirina\u010d, pulpa repe 1,7%, su\u0161eni ekstrakt korena cikorije (izvor inulina) 0,7%, minerali, lignoceluloza, morske alge (Schizochitrium spp.), ekstrakt su\u0161enog stabla ananasa 0,1%, ekstrakt su\u0161ene brusnice 0,02%<\/p>\n<p><strong>Nutritivni dodaci: <\/strong><br \/>\nVitamin A 27500 IU, vitamin D3 1600 IU, vitamin E 510 mg, vitamin C 100 mg, biotin 0,15 mg, taurin 2000 mg, bakar (II) sulfat pentahidrat 19,65 mg (bakar 5 mg), gvo\u017e\u0111e (II) karbonat 165,6 mg (gvo\u017e\u0111e 80 mg), oblo\u017eeni granulirani anhidrovani kalcijum jodat 0,62 mg (jod 0,4 mg), natrijum selenit 0,22 mg (selen 0,1 mg), cinkov oksid 93 mg (cink 75 mg), mangan (II) oksid 9,68 mg (mangan 7,5 mg).<\/p>\n<p><strong>Zootehni\u010dki dodaci:<\/strong><br \/>\nAmonijum hlorid 4 g, sirovi proteini 32%, sirove masti 15%, sirova vlakna 3,5%, sirovi pepeo 7%, Omega 3 1%, Omega 6 3,5%.<\/p>\n<p>Serve food in dry form with available fresh water.<br \/>\nFor your pet&#039;s health, consult a veterinarian regularly.<\/p>\n<p>Store the product in a dry, dark and cool place.<\/p>\n<p>Proizvo\u0111a\u010d: Novafoods<br \/>\nZemlja porekla: Italija<\/p>\n\n    <div class=\"xs_social_share_widget xs_share_url after_content \t\tmain_content  wslu-style-1 wslu-share-box-shaped wslu-fill-colored wslu-none wslu-share-horizontal wslu-theme-font-no wslu-main_content\">\n\n\t\t\n        <ul>\n\t\t\t        <\/ul>\n    <\/div>","protected":false},"excerpt":{"rendered":"<p>Trainer Natural Cat Sensitive sa pa\u010detinom je hrana koja poma\u017ee u varenju ma\u010dkama sa osetljivim stomakom, namenjena je odraslim ma\u010dkama.<\/p>","protected":false},"featured_media":16926,"comment_status":"open","ping_status":"closed","template":"","meta":{"_acf_changed":false},"pwb-brand":[604],"product_cat":[23,21,149],"product_tag":[],"class_list":{"0":"post-16729","1":"product","2":"type-product","3":"status-publish","4":"has-post-thumbnail","6":"pwb-brand-natural-trainer","7":"product_cat-macke","8":"product_cat-hrana-za-macke","9":"product_cat-granule-za-macke","11":"first","12":"instock","13":"taxable","14":"shipping-taxable","15":"purchasable","16":"product-type-simple"},"acf":[],"brands":[{"id":604,"name":"Natural Trainer","slug":"natural-trainer"}],"_links":{"self":[{"href":"https:\/\/pawz.rs\/en\/wp-json\/wp\/v2\/product\/16729","targetHints":{"allow":["GET"]}}],"collection":[{"href":"https:\/\/pawz.rs\/en\/wp-json\/wp\/v2\/product"}],"about":[{"href":"https:\/\/pawz.rs\/en\/wp-json\/wp\/v2\/types\/product"}],"replies":[{"embeddable":true,"href":"https:\/\/pawz.rs\/en\/wp-json\/wp\/v2\/comments?post=16729"}],"wp:featuredmedia":[{"embeddable":true,"href":"https:\/\/pawz.rs\/en\/wp-json\/wp\/v2\/media\/16926"}],"wp:attachment":[{"href":"https:\/\/pawz.rs\/en\/wp-json\/wp\/v2\/media?parent=16729"}],"wp:term":[{"taxonomy":"pwb-brand","embeddable":true,"href":"https:\/\/pawz.rs\/en\/wp-json\/wp\/v2\/pwb-brand?post=16729"},{"taxonomy":"product_cat","embeddable":true,"href":"https:\/\/pawz.rs\/en\/wp-json\/wp\/v2\/product_cat?post=16729"},{"taxonomy":"product_tag","embeddable":true,"href":"https:\/\/pawz.rs\/en\/wp-json\/wp\/v2\/product_tag?post=16729"}],"curies":[{"name":"wp","href":"https:\/\/api.w.org\/{rel}","templated":true}]}}