{"id":16742,"date":"2023-05-29T12:01:51","date_gmt":"2023-05-29T10:01:51","guid":{"rendered":"https:\/\/pawz.rs\/?post_type=product&#038;p=16742"},"modified":"2024-08-12T17:26:30","modified_gmt":"2024-08-12T15:26:30","slug":"trainer-natural-dog-maxi-junior-sveza-piletina","status":"publish","type":"product","link":"https:\/\/pawz.rs\/en\/trainer-natural-dog-maxi-junior-sveza-piletina\/","title":{"rendered":"Trainer Natural Dog Maxi Junior Sve\u017ea Piletina 12 kg"},"content":{"rendered":"<p><strong>Trainer Natural Dog Maxi Junior Sve\u017ea Piletina 12 kg<\/strong><\/p>\n<p>Trainer Natural Dog Maxi Junior sa piletinom namenjena je mladim psima velikih rasa.<\/p>\n<p>Seme lana i bioaktivni peptidi kolagena poma\u017eu u odr\u017eavanju pravilnog funkcionisanja zglobova.<\/p>\n<p>Me\u0161avina specifi\u010dnih sastojaka (autolizata kvasca, nukleotidi i Omega 3) i visoka koncentracija hranljivih sastojaka pogoduju uravnote\u017eenom i za\u0161tic\u0301enom rastu va\u0161eg \u0161teneta u prvom periodu rasta.<\/p>\n<p>Mannan-oligosaharidi i klinoptilolit poma\u017eu u pobolj\u0161anju funkcionalnosti creva i kvaliteta stolice.<\/p>\n<p>Specifi\u010dna me\u0161avina prebiotika sa ekstraktom cikorije, pogoduje ishrani i pravilnom razvoju crevne mikrobiote.<\/p>\n<p><strong>Sastav:<\/strong><br \/>\nDehidrirani proteini piletine i c\u0301uretine, kukuruz, sve\u017ee pilec\u0301e i c\u0301urec\u0301e meso 15% (piletina 13,5%), pirina\u010d, kukuruzno bra\u0161no \u201efioretto\u201c, hidrolizat \u017eivotinjskih proteina, \u017eivotinjske masti, dehidrirani svinjski proteini, seme lana 2,5%, repa pulpa, autolizat kvasca 0,9%, minerali, dehidrirani proteini ribe, MOS (manan-oligosaharidi) 0,3%, su\u0161eni ekstrakt cikorije 0,3%, vlakna gra\u0161ka, lignoceluloza, FOS (frukto-oligosaharidi) 0,15%, bioaktivni peptidi kolagena 0,06%, ekstrakt kvasca (nukleotidi) 0,03%, ekstrakt su\u0161enog agruma (bioflavonoidi) 0,006%, ekstrakt su\u0161ene jabuke 0,003%.<\/p>\n<p><strong>Nutritivni dodaci:<br \/>\n<\/strong>Vitamin A 26.000 UI, vitamin D3 1.350 UI, vitamin E 355 mg, holin hlorid 1.200 mg, bakar sulfat pentahidrat 50 mg (bakar 12,5 mg), gvo\u017e\u0111e karbonat 395 mg (gvo\u017e\u0111e 150 mg), kalcijum jodat, bezvodni 25 mg (jod 2,5 mg), natrijum selenit 20 mg (selen 0,2 mg), cinkov oksid 265 mg (cink 195 mg), manganov oksid 55 mg (mangan 35 mg).<\/p>\n<p><strong>Zootehni\u010dki dodaci:<\/strong><br \/>\nKlinoptilolit sedimentnog porekla 4.000 mg, vlaga 8%, sirovi proteini 27,5%, sirova ulja i masti 14%, sirova vlakna 2,1%, sirovi pepeo 6,7%, kalcijum 1%, fosfor 0,8%, omega 3 masne kiseline 1%, omega 6 masnih kiselina 3%.<\/p>\n<p>Serve food in dry form with available fresh water.<br \/>\nFor your pet&#039;s health, consult a veterinarian regularly.<\/p>\n<p>Store the product in a dry, dark and cool place.<\/p>\n<p>Proizvo\u0111a\u010d: Novafoods<br \/>\nZemlja porekla: Italija<\/p>\n\n    <div class=\"xs_social_share_widget xs_share_url after_content \t\tmain_content  wslu-style-1 wslu-share-box-shaped wslu-fill-colored wslu-none wslu-share-horizontal wslu-theme-font-no wslu-main_content\">\n\n\t\t\n        <ul>\n\t\t\t        <\/ul>\n    <\/div>","protected":false},"excerpt":{"rendered":"<p>Trainer Natural Dog Maxi Junior sa piletinom namenjena je mladim psima velikih rasa.<\/p>","protected":false},"featured_media":16888,"comment_status":"open","ping_status":"closed","template":"","meta":{"_acf_changed":false},"pwb-brand":[604],"product_cat":[47,48,49],"product_tag":[],"class_list":{"0":"post-16742","1":"product","2":"type-product","3":"status-publish","4":"has-post-thumbnail","6":"pwb-brand-natural-trainer","7":"product_cat-psi","8":"product_cat-hrana-za-pse","9":"product_cat-granule-za-pse","11":"first","12":"instock","13":"taxable","14":"shipping-taxable","15":"purchasable","16":"product-type-simple"},"acf":[],"brands":[{"id":604,"name":"Natural Trainer","slug":"natural-trainer"}],"_links":{"self":[{"href":"https:\/\/pawz.rs\/en\/wp-json\/wp\/v2\/product\/16742","targetHints":{"allow":["GET"]}}],"collection":[{"href":"https:\/\/pawz.rs\/en\/wp-json\/wp\/v2\/product"}],"about":[{"href":"https:\/\/pawz.rs\/en\/wp-json\/wp\/v2\/types\/product"}],"replies":[{"embeddable":true,"href":"https:\/\/pawz.rs\/en\/wp-json\/wp\/v2\/comments?post=16742"}],"wp:featuredmedia":[{"embeddable":true,"href":"https:\/\/pawz.rs\/en\/wp-json\/wp\/v2\/media\/16888"}],"wp:attachment":[{"href":"https:\/\/pawz.rs\/en\/wp-json\/wp\/v2\/media?parent=16742"}],"wp:term":[{"taxonomy":"pwb-brand","embeddable":true,"href":"https:\/\/pawz.rs\/en\/wp-json\/wp\/v2\/pwb-brand?post=16742"},{"taxonomy":"product_cat","embeddable":true,"href":"https:\/\/pawz.rs\/en\/wp-json\/wp\/v2\/product_cat?post=16742"},{"taxonomy":"product_tag","embeddable":true,"href":"https:\/\/pawz.rs\/en\/wp-json\/wp\/v2\/product_tag?post=16742"}],"curies":[{"name":"wp","href":"https:\/\/api.w.org\/{rel}","templated":true}]}}