{"id":16760,"date":"2023-05-29T13:00:35","date_gmt":"2023-05-29T11:00:35","guid":{"rendered":"https:\/\/pawz.rs\/?post_type=product&#038;p=16760"},"modified":"2024-05-13T13:57:33","modified_gmt":"2024-05-13T11:57:33","slug":"trainer-natural-dog-maxi-adult-sveza-piletina","status":"publish","type":"product","link":"https:\/\/pawz.rs\/en\/trainer-natural-dog-maxi-adult-sveza-piletina\/","title":{"rendered":"Trainer Natural Dog Maxi Adult Sve\u017ea Piletina"},"content":{"rendered":"<p><strong>Trainer Natural Dog Maxi Adult Sve\u017ea Piletina<\/strong><\/p>\n<p>Trainer Natural Dog Maxi Adult sa piletinom namenjena je odraslim psima velikih rasa.<\/p>\n<p>Seme lana i bioaktivni peptidi kolagena poma\u017eu u odr\u017eavanju pravilnog funkcionisanja zglobova.<\/p>\n<p>Prirodno revitalizujuc\u0301e i regenerativno delovanje hranljivih sastojaka algi Spirulina, zajedno sa proteinima, mineralima i vitaminima, poma\u017ee u podr\u017eavanju vitalnosti tela.<\/p>\n<p>Specifi\u010dna me\u0161avina prebiotika sa ekstraktom cikorije, pogoduje ishrani i pravilnom razvoju crevne mikrobiote.<\/p>\n<p><strong>Sastav:<\/strong><br \/>\nDehidrirani proteini piletine i c\u0301uretine, kukuruz, kukuruzno bra\u0161no &#8220;fioretto&#8221;, sve\u017ee meso piletine i c\u0301uretine 10% (piletina 9%), pirina\u010d 10%, \u017eivotinjske masti, hidrolizat \u017eivotinjskih proteina, pulpa repe, laneno seme 2%, autolizat kvasca, dehidrirani riblji proteini, minerali, MOS (manan-oligosaharidi) 0,3%, su\u0161eni ekstrakt cikorije 0,3%, vlakna gra\u0161ka, lignoceluloza, FOS (frukto-oligosaharidi) 0,15%, bioaktivni kolageni peptidi 0,06%, spirulina ( Arthrospira platensis) 0,02%, ekstrakt su\u0161enog agruma (bioflavonoidi) 0,006%, ekstrakt su\u0161ene jabuke 0,003%<\/p>\n<p><strong>Nutritivni dodaci:<br \/>\n<\/strong>Vitamin A 26.000 UI, vitamin D3 1.350 UI, vitamin E 355 mg, holin hlorid 1.200 mg, bakar sulfat pentahidrat 50 mg (bakar 12,5 mg), gvo\u017e\u0111e karbonat 395 mg (gvo\u017e\u0111e 150 mg), kalcijum jodat, bezvodni 25 mg (jod 2,5 mg), natrijum selenit 20 mg (selen 0,2 mg), cinkov oksid 265 mg (cink 195 mg), manganov oksid 55 mg (mangan 35 mg).<\/p>\n<p><strong>Tehnolo\u0161ki dodaci:<\/strong><br \/>\nKlinoptilolit sedimentnog porekla 4.000 mg, vlaga 8%, sirovi proteini 25%, sirova ulja i masti 13,5%, sirova vlakna 2,1%, sirovi pepeo 6,1%, kalcijum 0,95%, fosfor 0,8%, omega 3 masne kiseline 0, 8%, omega 6 masne kiseline 2,5%.<\/p>\n<p>Serve food in dry form with available fresh water.<br \/>\nFor your pet&#039;s health, consult a veterinarian regularly.<\/p>\n<p>Store the product in a dry, dark and cool place.<\/p>\n<p>Proizvo\u0111a\u010d: Novafoods<br \/>\nZemlja porekla: Italija<\/p>\n\n    <div class=\"xs_social_share_widget xs_share_url after_content \t\tmain_content  wslu-style-1 wslu-share-box-shaped wslu-fill-colored wslu-none wslu-share-horizontal wslu-theme-font-no wslu-main_content\">\n\n\t\t\n        <ul>\n\t\t\t        <\/ul>\n    <\/div>","protected":false},"excerpt":{"rendered":"<p>Trainer Natural Dog Maxi Adult sa piletinom namenjena je odraslim psima velikih rasa.<\/p>","protected":false},"featured_media":16885,"comment_status":"open","ping_status":"closed","template":"","meta":{"_acf_changed":false},"pwb-brand":[604],"product_cat":[47,48,49],"product_tag":[],"class_list":{"0":"post-16760","1":"product","2":"type-product","3":"status-publish","4":"has-post-thumbnail","6":"pwb-brand-natural-trainer","7":"product_cat-psi","8":"product_cat-hrana-za-pse","9":"product_cat-granule-za-pse","11":"first","12":"instock","13":"taxable","14":"shipping-taxable","15":"purchasable","16":"product-type-variable","17":"has-default-attributes"},"acf":[],"brands":[{"id":604,"name":"Natural Trainer","slug":"natural-trainer"}],"_links":{"self":[{"href":"https:\/\/pawz.rs\/en\/wp-json\/wp\/v2\/product\/16760","targetHints":{"allow":["GET"]}}],"collection":[{"href":"https:\/\/pawz.rs\/en\/wp-json\/wp\/v2\/product"}],"about":[{"href":"https:\/\/pawz.rs\/en\/wp-json\/wp\/v2\/types\/product"}],"replies":[{"embeddable":true,"href":"https:\/\/pawz.rs\/en\/wp-json\/wp\/v2\/comments?post=16760"}],"wp:featuredmedia":[{"embeddable":true,"href":"https:\/\/pawz.rs\/en\/wp-json\/wp\/v2\/media\/16885"}],"wp:attachment":[{"href":"https:\/\/pawz.rs\/en\/wp-json\/wp\/v2\/media?parent=16760"}],"wp:term":[{"taxonomy":"pwb-brand","embeddable":true,"href":"https:\/\/pawz.rs\/en\/wp-json\/wp\/v2\/pwb-brand?post=16760"},{"taxonomy":"product_cat","embeddable":true,"href":"https:\/\/pawz.rs\/en\/wp-json\/wp\/v2\/product_cat?post=16760"},{"taxonomy":"product_tag","embeddable":true,"href":"https:\/\/pawz.rs\/en\/wp-json\/wp\/v2\/product_tag?post=16760"}],"curies":[{"name":"wp","href":"https:\/\/api.w.org\/{rel}","templated":true}]}}