{"id":16766,"date":"2023-05-29T13:16:33","date_gmt":"2023-05-29T11:16:33","guid":{"rendered":"https:\/\/pawz.rs\/?post_type=product&#038;p=16766"},"modified":"2024-05-15T09:16:45","modified_gmt":"2024-05-15T07:16:45","slug":"trainer-natural-dog-maxi-mature-sveza-piletina","status":"publish","type":"product","link":"https:\/\/pawz.rs\/en\/trainer-natural-dog-maxi-mature-sveza-piletina\/","title":{"rendered":"Trainer Natural Dog Maxi Mature Sve\u017ea Piletina 12 kg"},"content":{"rendered":"<p><strong>Trainer Natural Dog Maxi Mature Sve\u017ea Piletina 12 kg<\/strong><\/p>\n<p>Trainer Natural Dog Maxi Mature sa piletinom namenjena je starijim psima velikih rasa.<\/p>\n<p>Seme lana i bioaktivni peptidi kolagena poma\u017eu u odr\u017eavanju pravilnog funkcionisanja zglobova.<\/p>\n<p>Prisustvo sastojaka koji poma\u017eu u podr\u017eavanju zglobne funkcionalnosti (vra\u017eja kand\u017ea, laneno seme i bioaktivni peptidi kolagena), kontrolisani nivoi minerala, visokokvalitetni proteini i vitamini poma\u017eu u podr\u017eavanju psa tokom starenja.<\/p>\n<p>Kontrolisana koli\u010dina masti doprinosi odr\u017eavanju idealne te\u017eine va\u0161eg zrelog psa.<\/p>\n<p>Specifi\u010dna me\u0161avina prebiotika sa ekstraktom cikorije pogoduje ishrani i pravilnom razvoju crevne mikrobiote.<\/p>\n<p><strong>Sastav:<\/strong><br \/>\nDehidrirani proteini piletine i c\u0301uretine, kukuruz, kukuruzno bra\u0161no \u201efioretto\u201c, pirina\u010d, sve\u017ee meso piletine i c\u0301uretine 10% (piletina 9%), hidrolizat \u017eivotinjskih proteina, pulpa repe, \u017eivotinjske masti, seme lana 2,3%, autolizati kvasca, dehidrirani riblji proteini, minerali, MOS (manan-oligosaharidi) 0,3%, su\u0161eni ekstrakt cikorije 0,3%, lignoceluloza, vlakna gra\u0161ka, FOS (frukto-oligosaharidi) 0,15%, bioaktivni kolageni peptidi 0,06%, ekstrakt kvasca (nukleotidi) 0,03%, ekstrakt su\u0161enog agruma (bioflavonoidi) 0,006%, ekstrakt su\u0161ene jabuke 0,003%<\/p>\n<p><strong>Nutritivni dodaci:<br \/>\n<\/strong>Vitamin A 26.000 UI, vitamin D3 1.350 UI, vitamin E 355 mg, holin hlorid 1.200 mg, bakar sulfat pentahidrat 50 mg (bakar 12,5 mg), gvo\u017e\u0111e karbonat 395 mg (gvo\u017e\u0111e 150 mg), kalcijum jodat bezvodni 25 mg (jod 2,5 mg), natrijum selenit 20 mg (selen 0,2 mg), cinkov oksid 265 mg (cink 195 mg), manganov oksid 55 mg (mangan 35 mg)<\/p>\n<p><strong>Senzorni aditivi:<\/strong><br \/>\nSu\u0161eni ekstrakt \u0111avolje kand\u017ee (Harpagophitum procumbens) 100 mg<\/p>\n<p><strong>Tehnolo\u0161ki dodaci:<\/strong><br \/>\nKlinoptilolit sedimentnog porekla 4.000 mg, vlaga 8%, sirovi proteini 24%, sirova ulja i masti 11%, sirova vlakna 2,5%, sirovi pepeo 5,9%, kalcijum 0,9%, fosfor 0,75%, omega 3 masne kiseline 0,9% , Omega 6 masne kiseline 2,5%.<\/p>\n<p>Serve food in dry form with available fresh water.<br \/>\nFor your pet&#039;s health, consult a veterinarian regularly.<\/p>\n<p>Store the product in a dry, dark and cool place.<\/p>\n<p>Proizvo\u0111a\u010d: Novafoods<br \/>\nZemlja porekla: Italija<\/p>\n\n    <div class=\"xs_social_share_widget xs_share_url after_content \t\tmain_content  wslu-style-1 wslu-share-box-shaped wslu-fill-colored wslu-none wslu-share-horizontal wslu-theme-font-no wslu-main_content\">\n\n\t\t\n        <ul>\n\t\t\t        <\/ul>\n    <\/div>","protected":false},"excerpt":{"rendered":"<p>Trainer Natural Dog Maxi Mature sa piletinom namenjena je starijim psima velikih rasa.<\/p>","protected":false},"featured_media":16889,"comment_status":"open","ping_status":"closed","template":"","meta":{"_acf_changed":false},"pwb-brand":[604],"product_cat":[47,48,49],"product_tag":[],"class_list":{"0":"post-16766","1":"product","2":"type-product","3":"status-publish","4":"has-post-thumbnail","6":"pwb-brand-natural-trainer","7":"product_cat-psi","8":"product_cat-hrana-za-pse","9":"product_cat-granule-za-pse","11":"first","12":"instock","13":"taxable","14":"shipping-taxable","15":"purchasable","16":"product-type-simple"},"acf":[],"brands":[{"id":604,"name":"Natural Trainer","slug":"natural-trainer"}],"_links":{"self":[{"href":"https:\/\/pawz.rs\/en\/wp-json\/wp\/v2\/product\/16766","targetHints":{"allow":["GET"]}}],"collection":[{"href":"https:\/\/pawz.rs\/en\/wp-json\/wp\/v2\/product"}],"about":[{"href":"https:\/\/pawz.rs\/en\/wp-json\/wp\/v2\/types\/product"}],"replies":[{"embeddable":true,"href":"https:\/\/pawz.rs\/en\/wp-json\/wp\/v2\/comments?post=16766"}],"wp:featuredmedia":[{"embeddable":true,"href":"https:\/\/pawz.rs\/en\/wp-json\/wp\/v2\/media\/16889"}],"wp:attachment":[{"href":"https:\/\/pawz.rs\/en\/wp-json\/wp\/v2\/media?parent=16766"}],"wp:term":[{"taxonomy":"pwb-brand","embeddable":true,"href":"https:\/\/pawz.rs\/en\/wp-json\/wp\/v2\/pwb-brand?post=16766"},{"taxonomy":"product_cat","embeddable":true,"href":"https:\/\/pawz.rs\/en\/wp-json\/wp\/v2\/product_cat?post=16766"},{"taxonomy":"product_tag","embeddable":true,"href":"https:\/\/pawz.rs\/en\/wp-json\/wp\/v2\/product_tag?post=16766"}],"curies":[{"name":"wp","href":"https:\/\/api.w.org\/{rel}","templated":true}]}}