{"id":16780,"date":"2023-05-30T09:46:20","date_gmt":"2023-05-30T07:46:20","guid":{"rendered":"https:\/\/pawz.rs\/?post_type=product&#038;p=16780"},"modified":"2024-05-13T13:44:29","modified_gmt":"2024-05-13T11:44:29","slug":"trainer-natural-dog-maxi-puppy-sveza-piletina","status":"publish","type":"product","link":"https:\/\/pawz.rs\/en\/trainer-natural-dog-maxi-puppy-sveza-piletina\/","title":{"rendered":"Trainer Natural Dog Maxi Puppy Sve\u017ea Piletina"},"content":{"rendered":"<p><strong>Trainer Natural Dog Maxi Puppy Sve\u017ea Piletina<\/strong><\/p>\n<p>Trainer Natural Dog Maxi Puppy sa sve\u017eom piletinom namenjena je \u0161tencima velike rase.<\/p>\n<p>Seme lana i bioaktivni peptidi kolagena poma\u017eu u odr\u017eavanju pravilnog funkcionisanja zglobova.<\/p>\n<p>Me\u0161avina specifi\u010dnih sastojaka (autolizata kvasca, nukleotidi i Omega 3) i visoka koncentracija hranljivih sastojaka pogoduju uravnote\u017eenom i za\u0161tic\u0301enom rastu va\u0161eg \u0161teneta u prvom periodu rasta.<\/p>\n<p>Mannan-oligosaharidi i klinoptilolit poma\u017eu u pobolj\u0161anju funkcionalnosti creva i kvaliteta stolice.<\/p>\n<p>Specifi\u010dna me\u0161avina prebiotika sa ekstraktom cikorije, pogoduje ishrani i pravilnom razvoju crevne mikrobiote.<\/p>\n<p><strong>Sastav:<\/strong><br \/>\nDehidrirani proteini piletine i c\u0301uretine, sve\u017ea piletina i c\u0301urec\u0301e meso 15% (piletina 13,5%), kukuruz, pirina\u010d, kukuruzno bra\u0161no \u201efioretto\u201c, kukuruzni gluten, \u017eivotinjske masti, hidrolizat \u017eivotinjskih proteina, seme lana 2,5%, pulpa repe, autolizati kvasca 0,9%, minerali, lignoceluloza, dehidrirani proteini ribe, MOS (manan-oligosaharidi) 0,3%, ekstrakt su\u0161ene cikorije 0,3%, vlakna gra\u0161ka, FOS (frukto-oligosaharidi) 0,15%, bioaktivan kolageni peptidi 0,06%, ekstrakt kvasca (nukleotidi) 0,03%, ekstrakt su\u0161enog agruma (bioflavonoidi) 0,006%, ekstrakt su\u0161ene jabuke 0,003%.<\/p>\n<p><strong>Nutritivni dodaci:<br \/>\n<\/strong>Vitamin A 26.000 UI, vitamin D3 1.350 UI, vitamin E 355 mg, holin hlorid 1.200 mg, bakar sulfat pentahidrat 50 mg (bakar 12,5 mg), gvo\u017e\u0111e karbonat 395 mg (gvo\u017e\u0111e 150 mg), kalcijum jodat bezvodni 25 mg (jod 2,5 mg), natrijum selenit 20 mg (selen 0,2 mg), cinkov oksid 265 mg (cink 195 mg), manganov oksid 55 mg (mangan 35 mg)<\/p>\n<p><strong>Tehnolo\u0161ki dodaci:<\/strong><br \/>\nKlinoptilolit sedimentnog porekla 4.000 mg, vlaga 8%, sirovi proteini 29,5%, sirova ulja i masti 16,5%, sirova vlakna 2,3%, sirovi pepeo 7%, kalcijum 1,1%, fosfor 0,95%, omega 3 masne kiseline 1% , Omega 6 masne kiseline 3%.<\/p>\n<p>Serve food in dry form with available fresh water.<br \/>\nFor your pet&#039;s health, consult a veterinarian regularly.<\/p>\n<p>Store the product in a dry, dark and cool place.<\/p>\n<p>Proizvo\u0111a\u010d: Novafoods<br \/>\nZemlja porekla: Italija<\/p>\n\n    <div class=\"xs_social_share_widget xs_share_url after_content \t\tmain_content  wslu-style-1 wslu-share-box-shaped wslu-fill-colored wslu-none wslu-share-horizontal wslu-theme-font-no wslu-main_content\">\n\n\t\t\n        <ul>\n\t\t\t        <\/ul>\n    <\/div>","protected":false},"excerpt":{"rendered":"<p>Trainer Natural Dog Maxi Puppy sa sve\u017eom piletinom namenjena je \u0161tencima velike rase.<\/p>","protected":false},"featured_media":16890,"comment_status":"open","ping_status":"closed","template":"","meta":{"_acf_changed":false},"pwb-brand":[604],"product_cat":[47,48,49],"product_tag":[],"class_list":{"0":"post-16780","1":"product","2":"type-product","3":"status-publish","4":"has-post-thumbnail","6":"pwb-brand-natural-trainer","7":"product_cat-psi","8":"product_cat-hrana-za-pse","9":"product_cat-granule-za-pse","11":"first","12":"instock","13":"taxable","14":"shipping-taxable","15":"purchasable","16":"product-type-variable","17":"has-default-attributes"},"acf":[],"brands":[{"id":604,"name":"Natural Trainer","slug":"natural-trainer"}],"_links":{"self":[{"href":"https:\/\/pawz.rs\/en\/wp-json\/wp\/v2\/product\/16780","targetHints":{"allow":["GET"]}}],"collection":[{"href":"https:\/\/pawz.rs\/en\/wp-json\/wp\/v2\/product"}],"about":[{"href":"https:\/\/pawz.rs\/en\/wp-json\/wp\/v2\/types\/product"}],"replies":[{"embeddable":true,"href":"https:\/\/pawz.rs\/en\/wp-json\/wp\/v2\/comments?post=16780"}],"wp:featuredmedia":[{"embeddable":true,"href":"https:\/\/pawz.rs\/en\/wp-json\/wp\/v2\/media\/16890"}],"wp:attachment":[{"href":"https:\/\/pawz.rs\/en\/wp-json\/wp\/v2\/media?parent=16780"}],"wp:term":[{"taxonomy":"pwb-brand","embeddable":true,"href":"https:\/\/pawz.rs\/en\/wp-json\/wp\/v2\/pwb-brand?post=16780"},{"taxonomy":"product_cat","embeddable":true,"href":"https:\/\/pawz.rs\/en\/wp-json\/wp\/v2\/product_cat?post=16780"},{"taxonomy":"product_tag","embeddable":true,"href":"https:\/\/pawz.rs\/en\/wp-json\/wp\/v2\/product_tag?post=16780"}],"curies":[{"name":"wp","href":"https:\/\/api.w.org\/{rel}","templated":true}]}}