{"id":16784,"date":"2023-05-30T10:11:26","date_gmt":"2023-05-30T08:11:26","guid":{"rendered":"https:\/\/pawz.rs\/?post_type=product&#038;p=16784"},"modified":"2024-11-08T12:45:18","modified_gmt":"2024-11-08T11:45:18","slug":"trainer-natural-dog-small-toy-adult-govedina-i-pirinac","status":"publish","type":"product","link":"https:\/\/pawz.rs\/en\/trainer-natural-dog-small-toy-adult-govedina-i-pirinac\/","title":{"rendered":"Trainer Natural Dog Small &#038; Toy Adult Govedina i Pirina\u010d"},"content":{"rendered":"<p><strong>Trainer Natural Dog Small &amp; Toy Adult Govedina i Pirina\u010d<\/strong><\/p>\n<p>Trainer Natural Dog Small &amp; Toy Adult sa govedinom i pirin\u010dem, namenjena je odraslim psima malih rasa.<\/p>\n<p>Prirodna svojstva ekstrakta Iucca schidigera poma\u017eu u smanjenju mirisa stolice, poma\u017euc\u0301i u ograni\u010davanju fermentacije crevnih proteina.<\/p>\n<p>Prirodno revitalizujuc\u0301e i regenerativno delovanje hranljivih sastojaka algi Spirulina, zajedno sa proteinima, mineralima i vitaminima, poma\u017ee u podr\u017eavanju vitalnosti tela.<\/p>\n<p>Poseban oblik vitamina C poma\u017ee u spre\u010davanju stvaranja kamenca i neugodnog zadaha.<\/p>\n<p><strong>Sastav:<\/strong><br \/>\nDehidrirani proteini piletine i c\u0301uretine, kukuruz, kukuruzno bra\u0161no &#8220;fioretto&#8221;, sve\u017ee meso piletine i c\u0301uretine 10%, pirina\u010d 10%, \u017eivotinjske masti, hidrolizat \u017eivotinjskih proteina, dehidrirani proteini govedine 4%, pulpa repe, laneno seme, dehidrirani svinjski proteini, kvasac autolizat, dehidrirani proteini ribe, minerali, vlakna gra\u0161ka, MOS (manan-oligosaharidi), su\u0161eni ekstrakt cikorije, FOS (frukto-oligosaharidi), su\u0161eni ekstrakt juke \u0161idigera 0,025%, spirulina (Arthrospira platensis) 0,02%, ekstrakt su\u0161enog citrusnog voc\u0301a (bioflavonoidi) 0,006%, ekstrakt su\u0161ene jabuke 0,003%<\/p>\n<p><strong>Nutritivni dodaci:<br \/>\n<\/strong>Vitamin A 26.000 UI, vitamin D3 1.350 UI, vitamin E 355 mg, vitamin C 100 mg, holin hlorid 1.200 mg, bakar sulfat pentahidrat 50 mg (bakar 12,5 mg), gvo\u017e\u0111e karbonat 395 mg (gvo\u017e\u0111e 150 mg) , kalcijum jodat, bezvodni 25 mg (jod 2,5 mg), natrijum selenit 20 mg (selen 0,2 mg), cinkov oksid 265 mg (cink 195 mg), manganov oksid 55 mg (mangan 35 mg).<\/p>\n<p><strong>Tehnolo\u0161ki dodaci:<\/strong><br \/>\nKlinoptilolit sedimentnog porekla 5.200 mg, vlaga 8%, sirovi proteini 27%, sirova ulja i masti 15,5%, sirova vlakna 1,9%, sirovi pepeo 6,5%, kalcijum 1%, fosfor 0,8%, omega 3 masne kiseline 0,8% , Omega 6 masne kiseline 2,5%.<\/p>\n<p>Serve food in dry form with available fresh water.<br \/>\nFor your pet&#039;s health, consult a veterinarian regularly.<\/p>\n<p>Store the product in a dry, dark and cool place.<\/p>\n<p>Proizvo\u0111a\u010d: Novafoods<br \/>\nZemlja porekla: Italija<\/p>\n\n    <div class=\"xs_social_share_widget xs_share_url after_content \t\tmain_content  wslu-style-1 wslu-share-box-shaped wslu-fill-colored wslu-none wslu-share-horizontal wslu-theme-font-no wslu-main_content\">\n\n\t\t\n        <ul>\n\t\t\t        <\/ul>\n    <\/div>","protected":false},"excerpt":{"rendered":"<p>Trainer Natural Dog Small &amp; Toy Adult sa govedinom i pirin\u010dem, namenjena je odraslim psima malih rasa.<\/p>","protected":false},"featured_media":16906,"comment_status":"open","ping_status":"closed","template":"","meta":{"_acf_changed":false},"pwb-brand":[604],"product_cat":[47,48,49],"product_tag":[],"class_list":{"0":"post-16784","1":"product","2":"type-product","3":"status-publish","4":"has-post-thumbnail","6":"pwb-brand-natural-trainer","7":"product_cat-psi","8":"product_cat-hrana-za-pse","9":"product_cat-granule-za-pse","11":"first","12":"instock","13":"taxable","14":"shipping-taxable","15":"purchasable","16":"product-type-variable","17":"has-default-attributes"},"acf":[],"brands":[{"id":604,"name":"Natural Trainer","slug":"natural-trainer"}],"_links":{"self":[{"href":"https:\/\/pawz.rs\/en\/wp-json\/wp\/v2\/product\/16784","targetHints":{"allow":["GET"]}}],"collection":[{"href":"https:\/\/pawz.rs\/en\/wp-json\/wp\/v2\/product"}],"about":[{"href":"https:\/\/pawz.rs\/en\/wp-json\/wp\/v2\/types\/product"}],"replies":[{"embeddable":true,"href":"https:\/\/pawz.rs\/en\/wp-json\/wp\/v2\/comments?post=16784"}],"wp:featuredmedia":[{"embeddable":true,"href":"https:\/\/pawz.rs\/en\/wp-json\/wp\/v2\/media\/16906"}],"wp:attachment":[{"href":"https:\/\/pawz.rs\/en\/wp-json\/wp\/v2\/media?parent=16784"}],"wp:term":[{"taxonomy":"pwb-brand","embeddable":true,"href":"https:\/\/pawz.rs\/en\/wp-json\/wp\/v2\/pwb-brand?post=16784"},{"taxonomy":"product_cat","embeddable":true,"href":"https:\/\/pawz.rs\/en\/wp-json\/wp\/v2\/product_cat?post=16784"},{"taxonomy":"product_tag","embeddable":true,"href":"https:\/\/pawz.rs\/en\/wp-json\/wp\/v2\/product_tag?post=16784"}],"curies":[{"name":"wp","href":"https:\/\/api.w.org\/{rel}","templated":true}]}}