{"id":16789,"date":"2023-05-30T10:28:30","date_gmt":"2023-05-30T08:28:30","guid":{"rendered":"https:\/\/pawz.rs\/?post_type=product&#038;p=16789"},"modified":"2024-10-24T12:10:42","modified_gmt":"2024-10-24T10:10:42","slug":"trainer-natural-dog-small-toy-puppy-junior-piletina-i-pirinac","status":"publish","type":"product","link":"https:\/\/pawz.rs\/en\/trainer-natural-dog-small-toy-puppy-junior-piletina-i-pirinac\/","title":{"rendered":"Trainer Natural Dog Small &#038; Toy, Puppy &#038; Junior Piletina i Pirina\u010d"},"content":{"rendered":"<p><strong>Trainer Natural Dog Small &amp; Toy, Puppy &amp; Junior Piletina i Pirina\u010d<\/strong><\/p>\n<p>Trainer Natural Dog Small &amp; Toy, Puppy &amp; Junior sa piletinom i pirin\u010dem, namenjena je \u0161tencima i mladim psima malih rasa.<\/p>\n<p>Prirodna svojstva ekstrakta Juke doprinose ubla\u017eavanju mirisa stolice, ograni\u010davaju\u0107i fermentaciju crevnih proteina.<\/p>\n<p>Me\u0161avina specifi\u010dnih sastojaka (autolizovani kvasac, nukleotidi i Omega 3 masne kiseline) i visoka koncentracija hranljivih materija obezbe\u0111uju uravnote\u017eenu za\u0161titu za nesmetani rast i razvoj \u0161teneta.<\/p>\n<p>Manano-oligosaharidi i klinoptilolit potpoma\u017eu pobolj\u0161anje funkcije creva i kvaliteta stolice.<\/p>\n<p>Bioaktivni peptidi kolagena omogu\u0107avaju pravilan razvoj zglobova.<\/p>\n<p>Zahvaljuju\u0107i visokoj nutritivnoj vrednosti ukusnog sve\u017eeg italijanskog pile\u0107eg i \u0107ure\u0107eg mesa bez kostiju, omogu\u0107ena je uravnote\u017eena ishrana neophodna za nesmetan razvoj va\u0161eg \u0161teneta.<\/p>\n<p><strong>Sastav:<\/strong><br \/>\nDehidrirani pile\u0107i i \u0107ure\u0107i proteini, sve\u017ee pile\u0107e i \u0107ure\u0107e meso 15% (piletina 13.5%), pirina\u010d, \u017eivotinjske masti, kukuruz, vlakna kukuruza, kukuruzni gluten, hidrolizovani \u017eivotinjski proteini, cvekla, laneno seme, autolizovani kvasac 0.9%, minerali, dehidrirani protein ribe, vlakna gra\u0161ka, MOS (mananoligosaharidi) 0.3%, su\u0161eni ekstrakt cikorije, lignoceluloza, FOS (frukto-oligosaharidi), biokativni peptidi kolagena 0.06%, ekstrakt kvasca (nukleotidi) 0.03%, suvi ekstrakt Juke 0.025%, suvi ekstrakt ju\u017enog vo\u0107a(bioflavonoidi) 0.006%, suvi ekstrakt jabuke 0.003%.<\/p>\n<p><strong>Nutritivni dodaci:<br \/>\n<\/strong>Vitamin A 26.000 UI, vitamin D3 1.350 UI, vitamin E 355 mg, holin hlorid 1.200 mg, bakar sulfat pentahidrat 50 mg (bakar 12,5 mg), gvo\u017e\u0111e karbonat 395 mg (gvo\u017e\u0111e 150 mg), jodid kalcijum 25 mg (jod 2,5 mg), natrijum selenit 20 mg (selen 0,2 mg), cink oksid 265 mg (cink 195 mg),manganov oksid 55 mg (mangan 35 mg)<\/p>\n<p><strong>Tehnolo\u0161ki dodaci:<\/strong><br \/>\nKlinoptilolit sedimentnog porekla 4.000 mg, vlaga 8%, sirovi proteini 31%,sirova ulja i masti 20%, sirova vlakna 2%, sirovi pepeo 7%, kalcijum 1,2%, fosfor 1%, omega 3 masne kiseline 1%, omega 6 masne kiseline 3%.<\/p>\n<p>Serve food in dry form with available fresh water.<br \/>\nFor your pet&#039;s health, consult a veterinarian regularly.<\/p>\n<p>Store the product in a dry, dark and cool place.<\/p>\n<p>Proizvo\u0111a\u010d: Novafoods<br \/>\nZemlja porekla: Italija<\/p>\n\n    <div class=\"xs_social_share_widget xs_share_url after_content \t\tmain_content  wslu-style-1 wslu-share-box-shaped wslu-fill-colored wslu-none wslu-share-horizontal wslu-theme-font-no wslu-main_content\">\n\n\t\t\n        <ul>\n\t\t\t        <\/ul>\n    <\/div>","protected":false},"excerpt":{"rendered":"<p>Trainer Natural Dog Small &amp; Toy, Puppy &amp; Junior sa piletinom i pirin\u010dem, namenjena je \u0161tencima i mladim psima malih rasa.<\/p>","protected":false},"featured_media":16921,"comment_status":"open","ping_status":"closed","template":"","meta":{"_acf_changed":false},"pwb-brand":[604],"product_cat":[47,48,49],"product_tag":[],"class_list":{"0":"post-16789","1":"product","2":"type-product","3":"status-publish","4":"has-post-thumbnail","6":"pwb-brand-natural-trainer","7":"product_cat-psi","8":"product_cat-hrana-za-pse","9":"product_cat-granule-za-pse","11":"first","12":"instock","13":"taxable","14":"shipping-taxable","15":"purchasable","16":"product-type-variable","17":"has-default-attributes"},"acf":[],"brands":[{"id":604,"name":"Natural Trainer","slug":"natural-trainer"}],"_links":{"self":[{"href":"https:\/\/pawz.rs\/en\/wp-json\/wp\/v2\/product\/16789","targetHints":{"allow":["GET"]}}],"collection":[{"href":"https:\/\/pawz.rs\/en\/wp-json\/wp\/v2\/product"}],"about":[{"href":"https:\/\/pawz.rs\/en\/wp-json\/wp\/v2\/types\/product"}],"replies":[{"embeddable":true,"href":"https:\/\/pawz.rs\/en\/wp-json\/wp\/v2\/comments?post=16789"}],"wp:featuredmedia":[{"embeddable":true,"href":"https:\/\/pawz.rs\/en\/wp-json\/wp\/v2\/media\/16921"}],"wp:attachment":[{"href":"https:\/\/pawz.rs\/en\/wp-json\/wp\/v2\/media?parent=16789"}],"wp:term":[{"taxonomy":"pwb-brand","embeddable":true,"href":"https:\/\/pawz.rs\/en\/wp-json\/wp\/v2\/pwb-brand?post=16789"},{"taxonomy":"product_cat","embeddable":true,"href":"https:\/\/pawz.rs\/en\/wp-json\/wp\/v2\/product_cat?post=16789"},{"taxonomy":"product_tag","embeddable":true,"href":"https:\/\/pawz.rs\/en\/wp-json\/wp\/v2\/product_tag?post=16789"}],"curies":[{"name":"wp","href":"https:\/\/api.w.org\/{rel}","templated":true}]}}