{"id":16807,"date":"2023-05-30T11:15:55","date_gmt":"2023-05-30T09:15:55","guid":{"rendered":"https:\/\/pawz.rs\/?post_type=product&#038;p=16807"},"modified":"2024-05-13T13:23:23","modified_gmt":"2024-05-13T11:23:23","slug":"trainer-natural-sensitive-adult-no-gluten-jagnjetina-medium-maxi","status":"publish","type":"product","link":"https:\/\/pawz.rs\/en\/trainer-natural-sensitive-adult-no-gluten-jagnjetina-medium-maxi\/","title":{"rendered":"Trainer Natural Sensitive Adult No Gluten Jagnjetina Medium\/Maxi"},"content":{"rendered":"<p><strong>Trainer Natural<\/strong><strong> Sensitive Adult No Gluten Jagnjetina Medium\/Maxi<\/strong><\/p>\n<p>Trainer Natural Sensitive Adult No Gluten Jagnjetina namenjena je odraslim psima srednjih i velikih rasa.<\/p>\n<p>Zahvaljujuc\u0301i omega-3 iz lanenog semena i algi, bosvellia serrata i magnezijuma koji poma\u017eu u zbrinjavanju zglobova.<br \/>\nZahvaljujuc\u0301i spirulinu, proteinima, mineralima i vitaminima koji poma\u017eu u odr\u017eavanju vitalnosti psa. Njegova prilago\u0111ena formula koja sadr\u017ei integralne \u017eitarice, prebiotike i 100% prirodni ekstrakt ananasa poma\u017ee digestivnoj funkcionalnosti.<br \/>\nFormuliran je sa jednim izvorom \u017eivotinjskih proteina (jagnjetine), alternativnim naj\u010de\u0161c\u0301im. Formulirano bez sastojka koji sadr\u017ei gluten.<br \/>\nFormulirano sa jednim jedinim izvorom \u017eivotinjskih proteina.<\/p>\n<p><strong>Sastav:<\/strong><br \/>\nDehidrirani proteini jagnjetine 14,5%, cela kukuruz 14%, kukuruzni obrok &#8220;fioretto&#8221;, gra\u0161ak, proteini kukuruza, pirin\u010dani dodaci, pirina\u010d, mast \u017eivotinjskog porekla, jagnjetina 4%, sme\u0111i pirina\u010d 4%, laneno seme 3%, aroma bez \u017eivotinjskih proteina, ulje kukuruza, minerali, ekstrakt su\u0161enog korena cikorije (izvor inulina) 0,7%, lignoceluloza, ekstrakt osu\u0161enog stabla ananasa 0,1%, alge (Schizochitrium spp.) 0,08%, spirulina (Arthrospira platensis) 0,02%<\/p>\n<p><strong>Nutritivni dodaci:<br \/>\n<\/strong>Vitamin A 26000 IU, vitamin D\u2083 1350 IU, vitamin E 555 mg, bakar (II) sulfat pentahidrat 49,13 mg (bakar 12,5 mg), gvo\u017e\u0111e (II) karbonat 310,5 mg (gvo\u017e\u0111e 150 mg), oblo\u017eeni granulirani anhidrovani kalcijum jodat 3,85 mg (jod 2,5 mg), natrijum selenit 0,44 mg (selen 0,2 mg), cinkov oksid 193,4 mg (cink 156 mg), mangan (II) oksid 45,1 mg (mangan 35 mg)<\/p>\n<p><strong>Senzorni aditivi: <\/strong><br \/>\nSu\u0161eni ekstrakt Bosvellia serrata 600 mg.<br \/>\nMo\u017ee sadr\u017eati tragove drugih \u017eivotinjskih proteina<\/p>\n<p><strong>Tehnolo\u0161ki dodaci:<\/strong><br \/>\nSirovi proteini 24%, sirove masti 14%, sirova vlakna 2,5%, sirovi pepeo 7%, magnezijum 0,1%, omega 3 1%<\/p>\n<p>Serve food in dry form with available fresh water.<br \/>\nFor your pet&#039;s health, consult a veterinarian regularly.<\/p>\n<p>Store the product in a dry, dark and cool place.<\/p>\n<p>Proizvo\u0111a\u010d: Novafoods<br \/>\nZemlja porekla: Italija<\/p>\n\n    <div class=\"xs_social_share_widget xs_share_url after_content \t\tmain_content  wslu-style-1 wslu-share-box-shaped wslu-fill-colored wslu-none wslu-share-horizontal wslu-theme-font-no wslu-main_content\">\n\n\t\t\n        <ul>\n\t\t\t        <\/ul>\n    <\/div>","protected":false},"excerpt":{"rendered":"<p>Trainer Natural Sensitive No Gluten Jagnjetina namenjena je odraslim psima srednjih i velikih rasa.<\/p>","protected":false},"featured_media":16897,"comment_status":"open","ping_status":"closed","template":"","meta":{"_acf_changed":false},"pwb-brand":[604],"product_cat":[47,48,49],"product_tag":[209],"class_list":{"0":"post-16807","1":"product","2":"type-product","3":"status-publish","4":"has-post-thumbnail","6":"pwb-brand-natural-trainer","7":"product_cat-psi","8":"product_cat-hrana-za-pse","9":"product_cat-granule-za-pse","10":"product_tag-bez-glutena","12":"first","13":"instock","14":"taxable","15":"shipping-taxable","16":"purchasable","17":"product-type-variable","18":"has-default-attributes"},"acf":[],"brands":[{"id":604,"name":"Natural Trainer","slug":"natural-trainer"}],"_links":{"self":[{"href":"https:\/\/pawz.rs\/en\/wp-json\/wp\/v2\/product\/16807","targetHints":{"allow":["GET"]}}],"collection":[{"href":"https:\/\/pawz.rs\/en\/wp-json\/wp\/v2\/product"}],"about":[{"href":"https:\/\/pawz.rs\/en\/wp-json\/wp\/v2\/types\/product"}],"replies":[{"embeddable":true,"href":"https:\/\/pawz.rs\/en\/wp-json\/wp\/v2\/comments?post=16807"}],"wp:featuredmedia":[{"embeddable":true,"href":"https:\/\/pawz.rs\/en\/wp-json\/wp\/v2\/media\/16897"}],"wp:attachment":[{"href":"https:\/\/pawz.rs\/en\/wp-json\/wp\/v2\/media?parent=16807"}],"wp:term":[{"taxonomy":"pwb-brand","embeddable":true,"href":"https:\/\/pawz.rs\/en\/wp-json\/wp\/v2\/pwb-brand?post=16807"},{"taxonomy":"product_cat","embeddable":true,"href":"https:\/\/pawz.rs\/en\/wp-json\/wp\/v2\/product_cat?post=16807"},{"taxonomy":"product_tag","embeddable":true,"href":"https:\/\/pawz.rs\/en\/wp-json\/wp\/v2\/product_tag?post=16807"}],"curies":[{"name":"wp","href":"https:\/\/api.w.org\/{rel}","templated":true}]}}