{"id":16820,"date":"2023-05-30T12:27:26","date_gmt":"2023-05-30T10:27:26","guid":{"rendered":"https:\/\/pawz.rs\/?post_type=product&#038;p=16820"},"modified":"2024-05-13T13:13:53","modified_gmt":"2024-05-13T11:13:53","slug":"trainer-natural-sensitive-no-gluten-zecetina","status":"publish","type":"product","link":"https:\/\/pawz.rs\/en\/trainer-natural-sensitive-no-gluten-zecetina\/","title":{"rendered":"Trainer Natural Medium\/Maxi Sensitive No Gluten Ze\u010detina"},"content":{"rendered":"<p><strong>Trainer Natural Medium\/Maxi Sensitive No Gluten Ze\u010detina<\/strong><\/p>\n<p>Trainer Natural Sensitive No Gluten Ze\u010detina namenjena je odraslim psima srednjih i velikih rasa.<\/p>\n<p>Nutritivno kompletna hrana za kuc\u0301ne ljubimce formulisana sa jednim izvorom \u017eivotinjskih proteina (zec), jednim ugljem hidrata (pirina\u010d) i jednim izvorom biljnih masti (kukuruzno ulje).<\/p>\n<p>Zahvaljujuc\u0301i 100% prirodnom ekstraktu ananasa, pirina\u010d i prebiotici prirodnog porekla koji poti\u010du iz ekstrakta korena cikorije.<br \/>\nZahvaljujuc\u0301i ekstraktu lista masline bogatom antioksidantima, omega 6 i cinkom.<\/p>\n<p>Formulirano bez sastojaka koji sadr\u017ee gluten. Zahvaljujuc\u0301i spirulinu, proteinima, mineralima i vitaminima koji poma\u017eu u odr\u017eavanju vitalnosti psa. Zbog omega-3 iz lanenog semena i algi, bosvellia serrata i magenzijuma koji poma\u017eu u zbrinjavanju zglobova.<\/p>\n<p><strong>Sastav:<\/strong><br \/>\nPirina\u010d 50%, dehidrirani ze\u010dji proteini 13,5%, pirin\u010dani proteini, kukuruzno ulje 7%, pirin\u010dani dodaci, minerali, laneno seme 3%, aroma bez \u017eivotinjskih proteina, su\u0161eni ekstrakt korena cikorije (izvor inulina) 0,77%, lignoceluloza, ekstrakt su\u0161enog stabla ananasa 0,1%, morske alge (Schizochitrium spp.) 0,08%, ekstrakt suvog lista masline 0,05%, spirulina (Arthrospira platensis) 0,02%<\/p>\n<p><strong>Nutritivni dodaci:<br \/>\n<\/strong>Vitamin A 26000 IU, vitamin D\u2083 1350 IU, vitamin E 555 mg, biotin 0,8 mg, bakar (II) sulfat pentahidrat 49,13 mg (bakar 12,5 mg), gvo\u017e\u0111e (II) karbonat 310,5 mg (gvo\u017e\u0111e 150 mg), oblo\u017eeni granulirani bezvodni kalcijum jodat 3,85 mg (jod 2,5 mg), natrijum selenit 0,44 mg (selen 0,2 mg), cinkov oksid 193,4 mg (cink 156 mg), mangan (II) oksid 45,1 mg (mangan 35 mg)<\/p>\n<p><strong>Senzorni aditivi: <\/strong><br \/>\nSu\u0161eni ekstrakt Bosvellia serrata 600 mg .<br \/>\nMo\u017ee sadr\u017eati tragove drugih \u017eivotinjskih proteina.<\/p>\n<p><strong>Tehnolo\u0161ki dodaci:<\/strong><br \/>\nSirovi proteini 24%, sirove masti 13,5%, sirova vlakna 2,5%, sirovi pepeo 7%, magnezijum 0,1%, omega 3 1%, omega 6 4,5%<\/p>\n<p>Serve food in dry form with available fresh water.<br \/>\nFor your pet&#039;s health, consult a veterinarian regularly.<\/p>\n<p>Store the product in a dry, dark and cool place.<\/p>\n<p>Proizvo\u0111a\u010d: Novafoods<br \/>\nZemlja porekla: Italija<\/p>\n\n    <div class=\"xs_social_share_widget xs_share_url after_content \t\tmain_content  wslu-style-1 wslu-share-box-shaped wslu-fill-colored wslu-none wslu-share-horizontal wslu-theme-font-no wslu-main_content\">\n\n\t\t\n        <ul>\n\t\t\t        <\/ul>\n    <\/div>","protected":false},"excerpt":{"rendered":"<p>Trainer Natural Sensitive No Gluten Ze\u010detina namenjena je odraslim psima srednjih i velikih rasa.<\/p>","protected":false},"featured_media":16929,"comment_status":"open","ping_status":"closed","template":"","meta":{"_acf_changed":false},"pwb-brand":[604],"product_cat":[47,48,49],"product_tag":[209],"class_list":{"0":"post-16820","1":"product","2":"type-product","3":"status-publish","4":"has-post-thumbnail","6":"pwb-brand-natural-trainer","7":"product_cat-psi","8":"product_cat-hrana-za-pse","9":"product_cat-granule-za-pse","10":"product_tag-bez-glutena","12":"first","13":"instock","14":"taxable","15":"shipping-taxable","16":"purchasable","17":"product-type-variable","18":"has-default-attributes"},"acf":[],"brands":[{"id":604,"name":"Natural Trainer","slug":"natural-trainer"}],"_links":{"self":[{"href":"https:\/\/pawz.rs\/en\/wp-json\/wp\/v2\/product\/16820","targetHints":{"allow":["GET"]}}],"collection":[{"href":"https:\/\/pawz.rs\/en\/wp-json\/wp\/v2\/product"}],"about":[{"href":"https:\/\/pawz.rs\/en\/wp-json\/wp\/v2\/types\/product"}],"replies":[{"embeddable":true,"href":"https:\/\/pawz.rs\/en\/wp-json\/wp\/v2\/comments?post=16820"}],"wp:featuredmedia":[{"embeddable":true,"href":"https:\/\/pawz.rs\/en\/wp-json\/wp\/v2\/media\/16929"}],"wp:attachment":[{"href":"https:\/\/pawz.rs\/en\/wp-json\/wp\/v2\/media?parent=16820"}],"wp:term":[{"taxonomy":"pwb-brand","embeddable":true,"href":"https:\/\/pawz.rs\/en\/wp-json\/wp\/v2\/pwb-brand?post=16820"},{"taxonomy":"product_cat","embeddable":true,"href":"https:\/\/pawz.rs\/en\/wp-json\/wp\/v2\/product_cat?post=16820"},{"taxonomy":"product_tag","embeddable":true,"href":"https:\/\/pawz.rs\/en\/wp-json\/wp\/v2\/product_tag?post=16820"}],"curies":[{"name":"wp","href":"https:\/\/api.w.org\/{rel}","templated":true}]}}